{"id":112,"date":"2023-04-25T12:50:32","date_gmt":"2023-04-25T12:50:32","guid":{"rendered":"https:\/\/student.unifr.ch\/cfdr\/?page_id=112"},"modified":"2024-07-16T12:40:05","modified_gmt":"2024-07-16T12:40:05","slug":"debats","status":"publish","type":"page","link":"https:\/\/student.unifr.ch\/cfdr\/?page_id=112","title":{"rendered":"D\u00e9bats"},"content":{"rendered":"\n<p>Le Cercle organise des d\u00e9bats \u00e0 une fr\u00e9quence mensuelle sur des sujets qui int\u00e9ressent ses membres. Toutes les personnes (membres ou non) int\u00e9ress\u00e9es par l&#8217;art oratoire sont invit\u00e9es \u00e0 y participer ou \u00e0 y assister.<\/p>\n\n\n\n<p>Choix des th\u00e8mes : sur une liste de sujets propos\u00e9s par le Comit\u00e9, un sujet est choisi au vote \u00e0 main lev\u00e9e par l&#8217;enti\u00e8ret\u00e9\u00a0des personnes pr\u00e9sentes dans la salle.<\/p>\n\n\n\n<p><\/p>\n\n\n\n<p>Structure des d\u00e9bats :<\/p>\n\n\n\n<p><\/p>\n\n\n\n<ol><li>Introduction (pr\u00e9sentation pr\u00e9liminaire du<br>sujet par le Comit\u00e9, \u00e9ventuel discours libre ou<br>prise de parole individuelle li\u00e9e au th\u00e8me du<br>d\u00e9bat).<\/li><li>D\u00e9bat formel (\u00e9change entre les membres<br>s\u2019\u00e9tant inscrits pour d\u00e9battre d\u2019un sujet<br>particulier).<\/li><li>Compl\u00e9ments et interventions individuelles.<\/li><\/ol>\n\n\n\n<p><\/p>\n\n\n\n<p>Lieu et heure : les d\u00e9bats ont g\u00e9n\u00e9ralement lieu dans la salle 3016 du site de Mis\u00e9rorde de l&#8217;UNIFR \u00e0 19 heures 30.<\/p>\n\n\n\n<p><\/p>\n","protected":false},"excerpt":{"rendered":"<p>Le Cercle organise des d\u00e9bats \u00e0 une fr\u00e9quence mensuelle sur des sujets qui int\u00e9ressent ses membres. Toutes les personnes (membres ou non) int\u00e9ress\u00e9es par l&#8217;art oratoire sont invit\u00e9es \u00e0 y &#8230;<\/p>\n","protected":false},"author":2,"featured_media":180,"parent":0,"menu_order":0,"comment_status":"closed","ping_status":"closed","template":"","meta":[],"_links":{"self":[{"href":"https:\/\/student.unifr.ch\/cfdr\/index.php?rest_route=\/wp\/v2\/pages\/112"}],"collection":[{"href":"https:\/\/student.unifr.ch\/cfdr\/index.php?rest_route=\/wp\/v2\/pages"}],"about":[{"href":"https:\/\/student.unifr.ch\/cfdr\/index.php?rest_route=\/wp\/v2\/types\/page"}],"author":[{"embeddable":true,"href":"https:\/\/student.unifr.ch\/cfdr\/index.php?rest_route=\/wp\/v2\/users\/2"}],"replies":[{"embeddable":true,"href":"https:\/\/student.unifr.ch\/cfdr\/index.php?rest_route=%2Fwp%2Fv2%2Fcomments&post=112"}],"version-history":[{"count":6,"href":"https:\/\/student.unifr.ch\/cfdr\/index.php?rest_route=\/wp\/v2\/pages\/112\/revisions"}],"predecessor-version":[{"id":296,"href":"https:\/\/student.unifr.ch\/cfdr\/index.php?rest_route=\/wp\/v2\/pages\/112\/revisions\/296"}],"wp:featuredmedia":[{"embeddable":true,"href":"https:\/\/student.unifr.ch\/cfdr\/index.php?rest_route=\/wp\/v2\/media\/180"}],"wp:attachment":[{"href":"https:\/\/student.unifr.ch\/cfdr\/index.php?rest_route=%2Fwp%2Fv2%2Fmedia&parent=112"}],"curies":[{"name":"wp","href":"https:\/\/api.w.org\/{rel}","templated":true}]}}