{"id":116,"date":"2023-04-25T12:51:02","date_gmt":"2023-04-25T12:51:02","guid":{"rendered":"https:\/\/student.unifr.ch\/cfdr\/?page_id=116"},"modified":"2024-07-16T12:24:53","modified_gmt":"2024-07-16T12:24:53","slug":"ateliers","status":"publish","type":"page","link":"https:\/\/student.unifr.ch\/cfdr\/?page_id=116","title":{"rendered":"Ateliers"},"content":{"rendered":"\n<p>Des ateliers donnant \u00e0 tous ceux qui le souhaitent des outils pour d\u00e9velopper leur aisance \u00e0 l&#8217;oral et parfaire leurs capacit\u00e9s oratoires sont r\u00e9guli\u00e8rement propos\u00e9s par le Comit\u00e9. Nous faisons fr\u00e9quemment appel \u00e0 des professionnels de la rh\u00e9torique pour qu&#8217;ils fassent part de leurs connaissances aux personnes d\u00e9sireuses de d\u00e9velopper leur aisance \u00e0 l&#8217;oral.<\/p>\n\n\n\n<p><\/p>\n\n\n\n<p>Si tu souhaites \u00eatre au fait des \u00e9v\u00e9nement que nous organisons pour te permettre d&#8217;am\u00e9liorer ta rh\u00e9torique, consulte notre compte Instagram : <a href=\"https:\/\/www.instagram.com\/cerclefribourgeoisdedebat\/\" data-type=\"URL\" data-id=\"https:\/\/www.instagram.com\/cerclefribourgeoisdedebat\/\">https:\/\/www.instagram.com\/cerclefribourgeoisdedebat\/<\/a><\/p>\n\n\n\n<p><\/p>\n","protected":false},"excerpt":{"rendered":"<p>Des ateliers donnant \u00e0 tous ceux qui le souhaitent des outils pour d\u00e9velopper leur aisance \u00e0 l&#8217;oral et parfaire leurs capacit\u00e9s oratoires sont r\u00e9guli\u00e8rement propos\u00e9s par le Comit\u00e9. Nous faisons &#8230;<\/p>\n","protected":false},"author":2,"featured_media":181,"parent":0,"menu_order":0,"comment_status":"closed","ping_status":"closed","template":"","meta":[],"_links":{"self":[{"href":"https:\/\/student.unifr.ch\/cfdr\/index.php?rest_route=\/wp\/v2\/pages\/116"}],"collection":[{"href":"https:\/\/student.unifr.ch\/cfdr\/index.php?rest_route=\/wp\/v2\/pages"}],"about":[{"href":"https:\/\/student.unifr.ch\/cfdr\/index.php?rest_route=\/wp\/v2\/types\/page"}],"author":[{"embeddable":true,"href":"https:\/\/student.unifr.ch\/cfdr\/index.php?rest_route=\/wp\/v2\/users\/2"}],"replies":[{"embeddable":true,"href":"https:\/\/student.unifr.ch\/cfdr\/index.php?rest_route=%2Fwp%2Fv2%2Fcomments&post=116"}],"version-history":[{"count":4,"href":"https:\/\/student.unifr.ch\/cfdr\/index.php?rest_route=\/wp\/v2\/pages\/116\/revisions"}],"predecessor-version":[{"id":288,"href":"https:\/\/student.unifr.ch\/cfdr\/index.php?rest_route=\/wp\/v2\/pages\/116\/revisions\/288"}],"wp:featuredmedia":[{"embeddable":true,"href":"https:\/\/student.unifr.ch\/cfdr\/index.php?rest_route=\/wp\/v2\/media\/181"}],"wp:attachment":[{"href":"https:\/\/student.unifr.ch\/cfdr\/index.php?rest_route=%2Fwp%2Fv2%2Fmedia&parent=116"}],"curies":[{"name":"wp","href":"https:\/\/api.w.org\/{rel}","templated":true}]}}