{"id":84,"date":"2023-04-25T12:21:08","date_gmt":"2023-04-25T12:21:08","guid":{"rendered":"https:\/\/student.unifr.ch\/cfdr\/?page_id=84"},"modified":"2025-09-29T19:20:05","modified_gmt":"2025-09-29T19:20:05","slug":"bienvenue-sur-le-site-du-cercle","status":"publish","type":"page","link":"https:\/\/student.unifr.ch\/cfdr\/","title":{"rendered":"Bienvenue sur le site du Cercle"},"content":{"rendered":"\n<figure class=\"wp-block-gallery has-nested-images columns-default is-cropped\">\n<figure class=\"wp-block-image size-large\"><a href=\"https:\/\/student.unifr.ch\/cfdr\/?page_id=116\"><img loading=\"lazy\" width=\"1024\" height=\"683\" data-id=\"221\"  src=\"https:\/\/student.unifr.ch\/cfdr\/wp-content\/uploads\/2023\/10\/Site-1024x683.jpg\" alt=\"\" class=\"wp-image-221\" srcset=\"https:\/\/student.unifr.ch\/cfdr\/wp-content\/uploads\/2023\/10\/Site-1024x683.jpg 1024w, https:\/\/student.unifr.ch\/cfdr\/wp-content\/uploads\/2023\/10\/Site-300x200.jpg 300w, https:\/\/student.unifr.ch\/cfdr\/wp-content\/uploads\/2023\/10\/Site-768x512.jpg 768w, https:\/\/student.unifr.ch\/cfdr\/wp-content\/uploads\/2023\/10\/Site-1536x1024.jpg 1536w, https:\/\/student.unifr.ch\/cfdr\/wp-content\/uploads\/2023\/10\/Site-2048x1365.jpg 2048w\" sizes=\"(max-width: 1024px) 100vw, 1024px\" \/><\/a><\/figure>\n<\/figure>\n\n\n\n<p class=\"has-large-font-size\" style=\"text-transform:capitalize\"><a href=\"https:\/\/student.unifr.ch\/cfdr\/?page_id=112\">Nos activit\u00e9s<\/a><\/p>\n\n\n\n<p><\/p>\n\n\n\n<p class=\"has-small-font-size\">Le Cercle fribourgeois de d\u00e9bat et de rh\u00e9torique permet \u00e0 tous ceux qui s&#8217;int\u00e9ressent \u00e0 l&#8217;art oratoire de d\u00e9velopper leur aisance \u00e0 l&#8217;oral et leur ma\u00eetrise de la rh\u00e9torique au travers de d\u00e9bats r\u00e9guliers, d&#8217;ateliers th\u00e9matiques et de conf\u00e9rence auxquelles participent des personnalit\u00e9s reconnues pour leur \u00e9loquence.<\/p>\n\n\n\n<p><\/p>\n\n\n\n<p><\/p>\n\n\n\n<p><\/p>\n\n\n\n<p class=\"has-large-font-size\" style=\"text-transform:capitalize;letter-spacing:em\"><a href=\"https:\/\/student.unifr.ch\/cfdr\/?page_id=106\">Notre philosophie<\/a><\/p>\n\n\n\n<p><\/p>\n\n\n\n<p>En se basant sur les pr\u00e9ceptes \u00e9nonc\u00e9s par Socrate, le Cercle vise \u00e0 donner \u00e0 tous les moyens de d\u00e9velopper de nouvelles connaissances au travers du d\u00e9bat d\u2019id\u00e9es. Selon nous, le respect de l&#8217;autre et l&#8217;\u00e9coute sont fondamentaux pour le perfectionnement des capacit\u00e9s oratoires de ceux qui souhaitent s&#8217;adonner \u00e0 l&#8217;art du d\u00e9bat. Par ailleurs, notre organisation est profond\u00e9ment attach\u00e9e \u00e0 la pr\u00e9servation de la libert\u00e9 d&#8217;expression et propose des \u00e9v\u00e9nements accueillants des personnalit\u00e9s dont les opinions sont divergentes. <\/p>\n\n\n\n<p><\/p>\n\n\n\n<p class=\"has-large-font-size\"><a href=\"https:\/\/youtu.be\/v97XyUl40fg?feature=shared\">T\u00e9moignage du Pr\u00e9sident d&#8217;honneur<\/a><\/p>\n\n\n\n<figure class=\"wp-block-embed is-type-video is-provider-youtube wp-block-embed-youtube wp-embed-aspect-16-9 wp-has-aspect-ratio\"><div class=\"wp-block-embed__wrapper\">\n<iframe loading=\"lazy\" title=\"Le poids des mots, le choc du langage\" width=\"800\" height=\"450\" src=\"https:\/\/www.youtube.com\/embed\/v97XyUl40fg?feature=oembed\" frameborder=\"0\" allow=\"accelerometer; autoplay; clipboard-write; encrypted-media; gyroscope; picture-in-picture; web-share\" referrerpolicy=\"strict-origin-when-cross-origin\" allowfullscreen><\/iframe>\n<\/div><\/figure>\n\n\n\n<p class=\"has-medium-font-size\"><\/p>\n\n\n\n<p><\/p>\n\n\n\n<p><\/p>\n\n\n\n<p><\/p>\n\n\n\n<p><\/p>\n\n\n\n<p><\/p>\n","protected":false},"excerpt":{"rendered":"<p>Nos activit\u00e9s Le Cercle fribourgeois de d\u00e9bat et de rh\u00e9torique permet \u00e0 tous ceux qui s&#8217;int\u00e9ressent \u00e0 l&#8217;art oratoire de d\u00e9velopper leur aisance \u00e0 l&#8217;oral et leur ma\u00eetrise de la &#8230;<\/p>\n","protected":false},"author":2,"featured_media":197,"parent":0,"menu_order":0,"comment_status":"closed","ping_status":"closed","template":"","meta":[],"_links":{"self":[{"href":"https:\/\/student.unifr.ch\/cfdr\/index.php?rest_route=\/wp\/v2\/pages\/84"}],"collection":[{"href":"https:\/\/student.unifr.ch\/cfdr\/index.php?rest_route=\/wp\/v2\/pages"}],"about":[{"href":"https:\/\/student.unifr.ch\/cfdr\/index.php?rest_route=\/wp\/v2\/types\/page"}],"author":[{"embeddable":true,"href":"https:\/\/student.unifr.ch\/cfdr\/index.php?rest_route=\/wp\/v2\/users\/2"}],"replies":[{"embeddable":true,"href":"https:\/\/student.unifr.ch\/cfdr\/index.php?rest_route=%2Fwp%2Fv2%2Fcomments&post=84"}],"version-history":[{"count":24,"href":"https:\/\/student.unifr.ch\/cfdr\/index.php?rest_route=\/wp\/v2\/pages\/84\/revisions"}],"predecessor-version":[{"id":415,"href":"https:\/\/student.unifr.ch\/cfdr\/index.php?rest_route=\/wp\/v2\/pages\/84\/revisions\/415"}],"wp:featuredmedia":[{"embeddable":true,"href":"https:\/\/student.unifr.ch\/cfdr\/index.php?rest_route=\/wp\/v2\/media\/197"}],"wp:attachment":[{"href":"https:\/\/student.unifr.ch\/cfdr\/index.php?rest_route=%2Fwp%2Fv2%2Fmedia&parent=84"}],"curies":[{"name":"wp","href":"https:\/\/api.w.org\/{rel}","templated":true}]}}