{"id":10,"date":"2017-03-20T14:43:30","date_gmt":"2017-03-20T13:43:30","guid":{"rendered":"http:\/\/student.unifr.ch\/lesapostrophes\/?page_id=10"},"modified":"2024-07-14T09:01:40","modified_gmt":"2024-07-14T07:01:40","slug":"la-troupe","status":"publish","type":"page","link":"https:\/\/student.unifr.ch\/lesapostrophes\/la-troupe\/","title":{"rendered":"La troupe"},"content":{"rendered":"<h2>D&rsquo;o\u00f9 venons-nous ? O\u00f9 allons-nous ?<\/h2>\n<p><img loading=\"lazy\" class=\"size-medium wp-image-28 alignright\" src=\"http:\/\/student.unifr.ch\/lesapostrophes\/wp-content\/uploads\/2017\/03\/mix-remix-300x206.jpg\" alt=\"\" width=\"300\" height=\"206\" srcset=\"https:\/\/student.unifr.ch\/lesapostrophes\/wp-content\/uploads\/2017\/03\/mix-remix-300x206.jpg 300w, https:\/\/student.unifr.ch\/lesapostrophes\/wp-content\/uploads\/2017\/03\/mix-remix-768x528.jpg 768w, https:\/\/student.unifr.ch\/lesapostrophes\/wp-content\/uploads\/2017\/03\/mix-remix-720x495.jpg 720w, https:\/\/student.unifr.ch\/lesapostrophes\/wp-content\/uploads\/2017\/03\/mix-remix.jpg 800w\" sizes=\"(max-width: 300px) 100vw, 300px\" \/>Depuis maintenant vingt ans, la troupe de th\u00e9\u00e2tre universitaire que nous constituons propose chaque ann\u00e9e une pi\u00e8ce alliant humour et r\u00e9flexion.<\/p>\n<p>Souhaitant partager notre enthousiasme, nous avons trouv\u00e9 dans l\u2019art de la sc\u00e8ne un moyen de faire r\u00e9fl\u00e9chir, d\u2019interpeller, d\u2019intriguer, de faire rire aussi. Au fil des ann\u00e9es, la troupe s&rsquo;est fait conna\u00eetre et a conquis un public fid\u00e8le. Elle a su se renouveler, \u00e9voluant et progressant \u00e0 chaque nouveau projet.<\/p>\n<p>Nous nous retrouvons le mardi soir de 19h15 \u00e0 environ 22h, \u00e0 Mis\u00e9ricorde. La premi\u00e8re partie de l&rsquo;ann\u00e9e (scolaire) est consacr\u00e9e aux ateliers, et apr\u00e8s le choix de la pi\u00e8ce, nous r\u00e9p\u00e9tons pour les repr\u00e9sentations. Nous accueillons tous les \u00e9tudiants \u00e0 l&rsquo;UniFR, en principe le premier mardi de la rentr\u00e9e universitaire de septembre.<\/p>\n<h2>Comit\u00e9<\/h2>\n<p><strong>Co-Pr\u00e9sidence<\/strong>\u00a0<span class=\"st\">\u2014<\/span> Ally Kono &amp; Sarah Alili<br \/><strong>Secr\u00e9tariat<\/strong> <span class=\"st\">\u2014<\/span> Mathilde Chambovey<br \/><strong>Tr\u00e9sorerie<\/strong> <span class=\"st\">\u2014<\/span> Klementyna Phillips<br \/><strong>Communication<\/strong> <span class=\"st\">\u2014<\/span> Jennifer Bornand<br \/><strong>Production<\/strong> <span class=\"st\">\u2014 Jos\u00e9phine Nuhrich<\/span><em><br \/><\/em><\/p>\n<p><a href=\"http:\/\/student.unifr.ch\/lesapostrophes\/wp-content\/uploads\/2019\/10\/19_Statuts-Apostrophes.pdf\">Les statuts sont disponibles ici.<\/a><\/p>\n<p>\u00a0<\/p>\n<h2>Soutiens<\/h2>\n<p><img loading=\"lazy\" class=\"wp-image-857  aligncenter\" src=\"https:\/\/student.unifr.ch\/lesapostrophes\/wp-content\/uploads\/2023\/05\/Logo-mauve-1.png\" alt=\"\" width=\"155\" height=\"70\" srcset=\"https:\/\/student.unifr.ch\/lesapostrophes\/wp-content\/uploads\/2023\/05\/Logo-mauve-1.png 1696w, https:\/\/student.unifr.ch\/lesapostrophes\/wp-content\/uploads\/2023\/05\/Logo-mauve-1-300x136.png 300w, https:\/\/student.unifr.ch\/lesapostrophes\/wp-content\/uploads\/2023\/05\/Logo-mauve-1-150x68.png 150w, https:\/\/student.unifr.ch\/lesapostrophes\/wp-content\/uploads\/2023\/05\/Logo-mauve-1-768x347.png 768w, https:\/\/student.unifr.ch\/lesapostrophes\/wp-content\/uploads\/2023\/05\/Logo-mauve-1-1536x695.png 1536w, https:\/\/student.unifr.ch\/lesapostrophes\/wp-content\/uploads\/2023\/05\/Logo-mauve-1-720x326.png 720w\" sizes=\"(max-width: 155px) 100vw, 155px\" \/><\/p>\n<p style=\"text-align: center;\">Les Apostrophes sont soutenus par l&rsquo;<a href=\"https:\/\/www3.unifr.ch\/agef\/fr\/\">AGEF<\/a>, l&rsquo;Association g\u00e9n\u00e9rale des \u00e9tudiant\u00b7e\u00b7s de l&rsquo;Universit\u00e9 de Fribourg<\/p>\n\n\n<div class=\"wp-block-image\"><figure class=\"aligncenter size-full is-resized\"><a href=\"http:\/\/www.bengirard.ch\/\"><img loading=\"lazy\" src=\"https:\/\/student.unifr.ch\/lesapostrophes\/wp-content\/uploads\/2022\/10\/Logo_Vaudoise_Assurances-2.png\" alt=\"\" class=\"wp-image-781\" width=\"128\" height=\"40\" srcset=\"https:\/\/student.unifr.ch\/lesapostrophes\/wp-content\/uploads\/2022\/10\/Logo_Vaudoise_Assurances-2.png 642w, https:\/\/student.unifr.ch\/lesapostrophes\/wp-content\/uploads\/2022\/10\/Logo_Vaudoise_Assurances-2-300x95.png 300w, https:\/\/student.unifr.ch\/lesapostrophes\/wp-content\/uploads\/2022\/10\/Logo_Vaudoise_Assurances-2-150x48.png 150w\" sizes=\"(max-width: 128px) 100vw, 128px\" \/><\/a><\/figure><\/div>\n\n\n\n<p class=\"has-text-align-center\" style=\"font-size:14px\">Les Apostrophes sont \u00e9galement soutenus par la Vaudoise Assurance Fribourg<\/p>\n","protected":false},"excerpt":{"rendered":"<p>D&rsquo;o\u00f9 venons-nous ? O\u00f9 allons-nous ? Depuis maintenant vingt ans, la troupe de th\u00e9\u00e2tre universitaire que nous constituons propose chaque ann\u00e9e une pi\u00e8ce alliant humour et r\u00e9flexion. Souhaitant partager notre enthousiasme, nous avons trouv\u00e9 dans l\u2019art de la sc\u00e8ne un moyen de faire r\u00e9fl\u00e9chir, d\u2019interpeller, d\u2019intriguer, de faire rire aussi. Au fil des ann\u00e9es, la<\/p>\n<p><a class=\"more-link\" href=\"https:\/\/student.unifr.ch\/lesapostrophes\/la-troupe\/\">Continue reading <span class=\"screen-reader-text\">La troupe<\/span><\/a><\/p>\n","protected":false},"author":1,"featured_media":0,"parent":0,"menu_order":0,"comment_status":"closed","ping_status":"closed","template":"","meta":[],"_links":{"self":[{"href":"https:\/\/student.unifr.ch\/lesapostrophes\/wp-json\/wp\/v2\/pages\/10"}],"collection":[{"href":"https:\/\/student.unifr.ch\/lesapostrophes\/wp-json\/wp\/v2\/pages"}],"about":[{"href":"https:\/\/student.unifr.ch\/lesapostrophes\/wp-json\/wp\/v2\/types\/page"}],"author":[{"embeddable":true,"href":"https:\/\/student.unifr.ch\/lesapostrophes\/wp-json\/wp\/v2\/users\/1"}],"replies":[{"embeddable":true,"href":"https:\/\/student.unifr.ch\/lesapostrophes\/wp-json\/wp\/v2\/comments?post=10"}],"version-history":[{"count":42,"href":"https:\/\/student.unifr.ch\/lesapostrophes\/wp-json\/wp\/v2\/pages\/10\/revisions"}],"predecessor-version":[{"id":1114,"href":"https:\/\/student.unifr.ch\/lesapostrophes\/wp-json\/wp\/v2\/pages\/10\/revisions\/1114"}],"wp:attachment":[{"href":"https:\/\/student.unifr.ch\/lesapostrophes\/wp-json\/wp\/v2\/media?parent=10"}],"curies":[{"name":"wp","href":"https:\/\/api.w.org\/{rel}","templated":true}]}}