{"id":11,"date":"2017-03-20T14:43:30","date_gmt":"2017-03-20T13:43:30","guid":{"rendered":"http:\/\/student.unifr.ch\/lesapostrophes\/?page_id=11"},"modified":"2023-05-03T14:48:31","modified_gmt":"2023-05-03T12:48:31","slug":"contact","status":"publish","type":"page","link":"https:\/\/student.unifr.ch\/lesapostrophes\/contact\/","title":{"rendered":"Contact"},"content":{"rendered":"<p>La troupe accueille les \u00e9tudiants de l&rsquo;Universit\u00e9 de Fribourg, qu&rsquo;ils aient une exp\u00e9rience pr\u00e9alable en th\u00e9\u00e2tre ou non.<\/p>\n<p>Vous pouvez nous contacter par e-mail \u00e0 l&rsquo;adresse suivante: <a href=\"mailto:lesapostrophes@unifr.ch\">lesapostrophes@unifr.ch<\/a>. Si vous \u00eates \u00e9tudiant \u00e0 l&rsquo;UniFR, utilisez votre adresse de l&rsquo;universit\u00e9.<\/p>\n<p>\u00a0<\/p>\n<p><strong>Soutiens<\/strong><\/p>\n<p><img loading=\"lazy\" class=\"wp-image-857 aligncenter\" src=\"https:\/\/student.unifr.ch\/lesapostrophes\/wp-content\/uploads\/2023\/05\/Logo-mauve-1.png\" alt=\"\" width=\"202\" height=\"91\" srcset=\"https:\/\/student.unifr.ch\/lesapostrophes\/wp-content\/uploads\/2023\/05\/Logo-mauve-1.png 1696w, https:\/\/student.unifr.ch\/lesapostrophes\/wp-content\/uploads\/2023\/05\/Logo-mauve-1-300x136.png 300w, https:\/\/student.unifr.ch\/lesapostrophes\/wp-content\/uploads\/2023\/05\/Logo-mauve-1-150x68.png 150w, https:\/\/student.unifr.ch\/lesapostrophes\/wp-content\/uploads\/2023\/05\/Logo-mauve-1-768x347.png 768w, https:\/\/student.unifr.ch\/lesapostrophes\/wp-content\/uploads\/2023\/05\/Logo-mauve-1-1536x695.png 1536w, https:\/\/student.unifr.ch\/lesapostrophes\/wp-content\/uploads\/2023\/05\/Logo-mauve-1-720x326.png 720w\" sizes=\"(max-width: 202px) 100vw, 202px\" \/><\/p>\n<p style=\"text-align: center;\">Les Apostrophes sont soutenus par l&rsquo;<a href=\"https:\/\/www3.unifr.ch\/agef\/fr\/\">AGEF<\/a>, l&rsquo;Association g\u00e9n\u00e9rale des \u00e9tudiant\u00b7e\u00b7s de l&rsquo;Universit\u00e9 de Fribourg<\/p>\n\n\n<div class=\"wp-block-image\"><figure class=\"aligncenter size-full is-resized\"><img loading=\"lazy\" src=\"https:\/\/student.unifr.ch\/lesapostrophes\/wp-content\/uploads\/2022\/10\/Logo_Vaudoise_Assurances-2.png\" alt=\"\" class=\"wp-image-781\" width=\"140\" height=\"45\" srcset=\"https:\/\/student.unifr.ch\/lesapostrophes\/wp-content\/uploads\/2022\/10\/Logo_Vaudoise_Assurances-2.png 642w, https:\/\/student.unifr.ch\/lesapostrophes\/wp-content\/uploads\/2022\/10\/Logo_Vaudoise_Assurances-2-300x95.png 300w, https:\/\/student.unifr.ch\/lesapostrophes\/wp-content\/uploads\/2022\/10\/Logo_Vaudoise_Assurances-2-150x48.png 150w\" sizes=\"(max-width: 140px) 100vw, 140px\" \/><\/figure><\/div>\n\n\n\n<p class=\"has-text-align-center\" style=\"font-size:14px\">Les Apostrophes sont \u00e9galement soutenus par la Vaudoise Assurance Fribourg<\/p>\n","protected":false},"excerpt":{"rendered":"<p>La troupe accueille les \u00e9tudiants de l&rsquo;Universit\u00e9 de Fribourg, qu&rsquo;ils aient une exp\u00e9rience pr\u00e9alable en th\u00e9\u00e2tre ou non. Vous pouvez nous contacter par e-mail \u00e0 l&rsquo;adresse suivante: lesapostrophes@unifr.ch. Si vous \u00eates \u00e9tudiant \u00e0 l&rsquo;UniFR, utilisez votre adresse de l&rsquo;universit\u00e9. \u00a0 Soutiens Les Apostrophes sont soutenus par l&rsquo;AGEF, l&rsquo;Association g\u00e9n\u00e9rale des \u00e9tudiant\u00b7e\u00b7s de l&rsquo;Universit\u00e9 de Fribourg<\/p>\n<p><a class=\"more-link\" href=\"https:\/\/student.unifr.ch\/lesapostrophes\/contact\/\">Continue reading <span class=\"screen-reader-text\">Contact<\/span><\/a><\/p>\n","protected":false},"author":1,"featured_media":0,"parent":0,"menu_order":0,"comment_status":"closed","ping_status":"closed","template":"","meta":[],"_links":{"self":[{"href":"https:\/\/student.unifr.ch\/lesapostrophes\/wp-json\/wp\/v2\/pages\/11"}],"collection":[{"href":"https:\/\/student.unifr.ch\/lesapostrophes\/wp-json\/wp\/v2\/pages"}],"about":[{"href":"https:\/\/student.unifr.ch\/lesapostrophes\/wp-json\/wp\/v2\/types\/page"}],"author":[{"embeddable":true,"href":"https:\/\/student.unifr.ch\/lesapostrophes\/wp-json\/wp\/v2\/users\/1"}],"replies":[{"embeddable":true,"href":"https:\/\/student.unifr.ch\/lesapostrophes\/wp-json\/wp\/v2\/comments?post=11"}],"version-history":[{"count":19,"href":"https:\/\/student.unifr.ch\/lesapostrophes\/wp-json\/wp\/v2\/pages\/11\/revisions"}],"predecessor-version":[{"id":891,"href":"https:\/\/student.unifr.ch\/lesapostrophes\/wp-json\/wp\/v2\/pages\/11\/revisions\/891"}],"wp:attachment":[{"href":"https:\/\/student.unifr.ch\/lesapostrophes\/wp-json\/wp\/v2\/media?parent=11"}],"curies":[{"name":"wp","href":"https:\/\/api.w.org\/{rel}","templated":true}]}}