{"id":12,"date":"2017-03-20T14:43:30","date_gmt":"2017-03-20T13:43:30","guid":{"rendered":"http:\/\/student.unifr.ch\/lesapostrophes\/?page_id=12"},"modified":"2023-05-03T14:49:51","modified_gmt":"2023-05-03T12:49:51","slug":"liens","status":"publish","type":"page","link":"https:\/\/student.unifr.ch\/lesapostrophes\/liens\/","title":{"rendered":"Liens"},"content":{"rendered":"<h2>M\u00e9dias sociaux<\/h2>\n<p>Instagram <a href=\"https:\/\/www.instagram.com\/lesapostrophes\/\">instagram.com\/lesapostrophes<\/a><br>Facebook <a href=\"https:\/\/www.facebook.com\/Lesapostrophes\/\">facebook.com\/lesapostrophes<\/a><\/p>\n<h2>Partenaires<\/h2>\n<p>Universit\u00e9 de Fribourg <a href=\"http:\/\/unifr.ch\">unifr.ch<\/a><br>AGEF \/ Association G\u00e9n\u00e9rale des \u00c9tudiants de Fribourg <a href=\"http:\/\/unifr.ch\/agef\">unifr.ch\/agef<\/a><br>FSSTA \/ <span class=\"st\">F\u00e9d\u00e9ration suisse des soci\u00e9t\u00e9s th\u00e9\u00e2trale d&rsquo;amateurs <a href=\"https:\/\/www.fssta.ch\/index.php\/fr\/\">fssta.ch<\/a><br><\/span>SSA \/ Soci\u00e9t\u00e9 Suisse des Auteurs <a href=\"http:\/\/ssa.ch\">ssa.ch<\/a><br>Vaudoise Assurance Fribourg <a href=\"http:\/\/www.bengirard.ch\/\">bengirard.ch<\/a>&nbsp;<\/p>\n<h2>Troupes<\/h2>\n<p>Les Rescap\u00e9s <a href=\"http:\/\/lesrescapes.net\">lesrescapes.net<\/a><br>Compagnie AOC <a href=\"http:\/\/compagnieaoc.ch\">compagnieaoc.ch<\/a><br>Actitude <a href=\"http:\/\/actitude.ch\">actitude.ch<\/a><br>Les Polyssons <a href=\"http:\/\/polyssons.epfl.ch\">polyssons.epfl.ch<\/a><\/p>\n<h2>Th\u00e9\u00e2tres<\/h2>\n<p>Th\u00e9\u00e2tre de la Sacoche, Sierre <a href=\"https:\/\/www.sierre.ch\/fr\/sacoche-1947.html\">https:\/\/www.sierre.ch\/fr\/sacoche-1947.html<\/a><br>Th\u00e9\u00e2tre de la Cit\u00e9, Fribourg <a href=\"http:\/\/tcf.ch\">tcf.ch<\/a><br>Nouveau Monde, Fribourg <a href=\"http:\/\/nouveaumonde.ch\">nouveaumonde.ch<\/a><br>Caf\u00e9-th\u00e9\u00e2tre Le Bilboquet, Fribourg <a href=\"http:\/\/lebilboquet.ch\">lebilboquet.ch<\/a><br>Kellerpoche, Fribourg <a href=\"http:\/\/kellerpoche.ch\">kellerpoche.ch<\/a><br>Th\u00e9\u00e2tre des Osses, Givisiez <a href=\"http:\/\/theatreosses.ch\">theatreosses.ch<\/a><br>Nuithonie, Villars-sur-Gl\u00e2ne <a href=\"http:\/\/nuithonie.ch\">nuithonie.ch<\/a><br>Teatro Comico, Sion <a href=\"http:\/\/theatre-valais.com\">theatre-valais.com<\/a><\/p>\n<h2>Festivals<\/h2>\n<p>FriSc\u00e8nes, Fribourg <a href=\"http:\/\/friscenes.ch\">friscenes.ch<\/a><br>Rencontres Th\u00e9\u00e2trales de Bulle <a href=\"http:\/\/rencontres-theatrales.ch\">rencontres-theatrales.ch<\/a><br>F\u00e9cule, Lausanne <a href=\"http:\/\/fecule.ch\">fecule.ch<\/a><\/p>\n<p><\/p>\n\n\n<p><strong>Soutiens<\/strong><\/p>\n\n\n\n<div class=\"wp-block-image\"><figure class=\"aligncenter size-full is-resized\"><img loading=\"lazy\" src=\"https:\/\/student.unifr.ch\/lesapostrophes\/wp-content\/uploads\/2023\/05\/Logo-mauve-1-1.png\" alt=\"\" class=\"wp-image-870\" width=\"187\" height=\"83\" srcset=\"https:\/\/student.unifr.ch\/lesapostrophes\/wp-content\/uploads\/2023\/05\/Logo-mauve-1-1-150x68.png 150w, https:\/\/student.unifr.ch\/lesapostrophes\/wp-content\/uploads\/2023\/05\/Logo-mauve-1-1-768x347.png 768w\" sizes=\"(max-width: 187px) 100vw, 187px\" \/><\/figure><\/div>\n\n\n\n<p class=\"has-text-align-center\">Les Apostrophes sont soutenus par l&rsquo;<a href=\"https:\/\/www3.unifr.ch\/agef\/fr\/\">AGEF<\/a>, l&rsquo;Association g\u00e9n\u00e9rale des \u00e9tudiant\u00b7e\u00b7s de l&rsquo;Universit\u00e9 de Fribourg<\/p>\n\n\n\n<p><\/p>\n\n\n\n<div class=\"wp-block-image\"><figure class=\"aligncenter size-full is-resized\"><a href=\"http:\/\/www.bengirard.ch\/\"><img loading=\"lazy\" src=\"https:\/\/student.unifr.ch\/lesapostrophes\/wp-content\/uploads\/2022\/10\/Logo_Vaudoise_Assurances-2.png\" alt=\"\" class=\"wp-image-781\" width=\"133\" height=\"43\" srcset=\"https:\/\/student.unifr.ch\/lesapostrophes\/wp-content\/uploads\/2022\/10\/Logo_Vaudoise_Assurances-2.png 642w, https:\/\/student.unifr.ch\/lesapostrophes\/wp-content\/uploads\/2022\/10\/Logo_Vaudoise_Assurances-2-300x95.png 300w, https:\/\/student.unifr.ch\/lesapostrophes\/wp-content\/uploads\/2022\/10\/Logo_Vaudoise_Assurances-2-150x48.png 150w\" sizes=\"(max-width: 133px) 100vw, 133px\" \/><\/a><\/figure><\/div>\n\n\n\n<p class=\"has-text-align-center\" style=\"font-size:14px\">Les Apostrophes sont \u00e9galement soutenus par la Vaudoise Assurance Fribourg<\/p>\n","protected":false},"excerpt":{"rendered":"<p>M\u00e9dias sociaux Instagram instagram.com\/lesapostrophesFacebook facebook.com\/lesapostrophes Partenaires Universit\u00e9 de Fribourg unifr.chAGEF \/ Association G\u00e9n\u00e9rale des \u00c9tudiants de Fribourg unifr.ch\/agefFSSTA \/ F\u00e9d\u00e9ration suisse des soci\u00e9t\u00e9s th\u00e9\u00e2trale d&rsquo;amateurs fssta.chSSA \/ Soci\u00e9t\u00e9 Suisse des Auteurs ssa.chVaudoise Assurance Fribourg bengirard.ch&nbsp; Troupes Les Rescap\u00e9s lesrescapes.netCompagnie AOC compagnieaoc.chActitude actitude.chLes Polyssons polyssons.epfl.ch Th\u00e9\u00e2tres Th\u00e9\u00e2tre de la Sacoche, Sierre https:\/\/www.sierre.ch\/fr\/sacoche-1947.htmlTh\u00e9\u00e2tre de la Cit\u00e9, Fribourg<\/p>\n<p><a class=\"more-link\" href=\"https:\/\/student.unifr.ch\/lesapostrophes\/liens\/\">Continue reading <span class=\"screen-reader-text\">Liens<\/span><\/a><\/p>\n","protected":false},"author":1,"featured_media":0,"parent":0,"menu_order":0,"comment_status":"closed","ping_status":"closed","template":"","meta":[],"_links":{"self":[{"href":"https:\/\/student.unifr.ch\/lesapostrophes\/wp-json\/wp\/v2\/pages\/12"}],"collection":[{"href":"https:\/\/student.unifr.ch\/lesapostrophes\/wp-json\/wp\/v2\/pages"}],"about":[{"href":"https:\/\/student.unifr.ch\/lesapostrophes\/wp-json\/wp\/v2\/types\/page"}],"author":[{"embeddable":true,"href":"https:\/\/student.unifr.ch\/lesapostrophes\/wp-json\/wp\/v2\/users\/1"}],"replies":[{"embeddable":true,"href":"https:\/\/student.unifr.ch\/lesapostrophes\/wp-json\/wp\/v2\/comments?post=12"}],"version-history":[{"count":11,"href":"https:\/\/student.unifr.ch\/lesapostrophes\/wp-json\/wp\/v2\/pages\/12\/revisions"}],"predecessor-version":[{"id":893,"href":"https:\/\/student.unifr.ch\/lesapostrophes\/wp-json\/wp\/v2\/pages\/12\/revisions\/893"}],"wp:attachment":[{"href":"https:\/\/student.unifr.ch\/lesapostrophes\/wp-json\/wp\/v2\/media?parent=12"}],"curies":[{"name":"wp","href":"https:\/\/api.w.org\/{rel}","templated":true}]}}