{"id":1437,"date":"2025-05-01T11:59:57","date_gmt":"2025-05-01T09:59:57","guid":{"rendered":"https:\/\/student.unifr.ch\/lesapostrophes\/?page_id=1437"},"modified":"2025-05-01T11:59:57","modified_gmt":"2025-05-01T09:59:57","slug":"entree-public-2023","status":"publish","type":"page","link":"https:\/\/student.unifr.ch\/lesapostrophes\/entree-public-2023\/","title":{"rendered":"Entr\u00e9e Public ! (2023)"},"content":{"rendered":"\n<p>Tout le monde est en coulisses en attendant le lever du rideau, et enfin, le.a metteur.euse en sc\u00e8ne crie <\/p>\n\n\n\n<p class=\"has-text-align-center\"><strong>\u00ab ENTR\u00c9E PUBLIC ! \u00bb<\/strong><\/p>\n\n\n\n<div class=\"wp-block-image\"><figure class=\"aligncenter size-full is-resized\"><img loading=\"lazy\" src=\"https:\/\/student.unifr.ch\/lesapostrophes\/wp-content\/uploads\/2023\/10\/IMG_0368-scaled.jpeg\" alt=\"\" class=\"wp-image-946\" width=\"352\" height=\"498\" srcset=\"https:\/\/student.unifr.ch\/lesapostrophes\/wp-content\/uploads\/2023\/10\/IMG_0368-scaled.jpeg 1810w, https:\/\/student.unifr.ch\/lesapostrophes\/wp-content\/uploads\/2023\/10\/IMG_0368-212x300.jpeg 212w, https:\/\/student.unifr.ch\/lesapostrophes\/wp-content\/uploads\/2023\/10\/IMG_0368-106x150.jpeg 106w, https:\/\/student.unifr.ch\/lesapostrophes\/wp-content\/uploads\/2023\/10\/IMG_0368-768x1086.jpeg 768w, https:\/\/student.unifr.ch\/lesapostrophes\/wp-content\/uploads\/2023\/10\/IMG_0368-1086x1536.jpeg 1086w, https:\/\/student.unifr.ch\/lesapostrophes\/wp-content\/uploads\/2023\/10\/IMG_0368-1448x2048.jpeg 1448w, https:\/\/student.unifr.ch\/lesapostrophes\/wp-content\/uploads\/2023\/10\/IMG_0368-720x1018.jpeg 720w\" sizes=\"(max-width: 352px) 100vw, 352px\" \/><\/figure><\/div>\n\n\n\n<p>Les spectateurices s\u2019assoient, pr\u00eat.es \u00e0 regarder le spectacle. Mais cette fois-ci, peut-\u00eatre auriez-vous envie de monter sur sc\u00e8ne ?<\/p>\n\n\n\n<p>Le nouveau festival des Apostrophes vous propose de vous inscrire \u00e0 des ateliers de th\u00e9\u00e2tre, d\u2019\u00e9criture dramaturgique, ou de venir tester l\u2019improvisation.<\/p>\n\n\n\n<p>Si la p\u00e9nombre du public vous convient mieux, les sayn\u00e8tes de quatre troupes fribourgeoises et les pi\u00e8ces made in les Apostrophes sauront vous accueillir. Plongez dans les ambiances changeantes d\u2019une gare et ses passages incessants, d\u2019une relation amoureuse dissonante ou d\u2019une nuit sous les \u00e9toiles filantes pleine de secrets.<\/p>\n\n\n\n<p>Entr\u00e9e Public ! c\u2019est l\u2019occasion pour toustes de voir ou d\u2019exp\u00e9rimenter le th\u00e9\u00e2tre, c\u2019est \u00ab l\u2019entr\u00e9e \u00bb au \u00ab public \u00bb devant comme sur la sc\u00e8ne.<\/p>\n\n\n\n<p><strong>C\u2019est quand&nbsp;?<\/strong><\/p>\n\n\n\n<p>Samedi 18 et dimanche 19 novembre 2023, toute la journ\u00e9e. <br>Pour les ancien.nes de la troupe, contactez-nous \u00e0&nbsp;<a href=\"mailto:lesapostrophes@unifr.ch\">lesapostrophes@unifr.ch<\/a>, on vous r\u00e9serve une petite surprise&nbsp;!<\/p>\n\n\n\n<p><strong>C\u2019est o\u00f9&nbsp;?<\/strong><\/p>\n\n\n\n<p>Entr\u00e9e Public&nbsp;! prendra place dans toute la ville&nbsp;: le Bilboquet, l\u2019Arsen\u2019alt, le Centre Fries, l\u2019Universit\u00e9 de Fribourg, le Caf\u00e9 des Arcades, le Belv\u00e9d\u00e8re, le Caf\u00e9 de l\u2019Ours et le Boulevard 39 nous accueilleront tour \u00e0 tour pour de nombreuses activit\u00e9s sur toutes les facettes du th\u00e9\u00e2tre.<\/p>\n\n\n\n<p><strong>Qu\u2019est-ce qui est pr\u00e9vu&nbsp;?<\/strong><\/p>\n\n\n\n<p>Voil\u00e0 le programme complet&nbsp;:&nbsp;<\/p>\n\n\n\n<div class=\"wp-block-image\"><figure class=\"aligncenter size-full is-resized\"><img loading=\"lazy\" src=\"https:\/\/student.unifr.ch\/lesapostrophes\/wp-content\/uploads\/2023\/10\/IMG_0380-scaled.jpeg\" alt=\"\" class=\"wp-image-984\" width=\"421\" height=\"594\" srcset=\"https:\/\/student.unifr.ch\/lesapostrophes\/wp-content\/uploads\/2023\/10\/IMG_0380-scaled.jpeg 1810w, https:\/\/student.unifr.ch\/lesapostrophes\/wp-content\/uploads\/2023\/10\/IMG_0380-212x300.jpeg 212w, https:\/\/student.unifr.ch\/lesapostrophes\/wp-content\/uploads\/2023\/10\/IMG_0380-106x150.jpeg 106w, https:\/\/student.unifr.ch\/lesapostrophes\/wp-content\/uploads\/2023\/10\/IMG_0380-768x1086.jpeg 768w, https:\/\/student.unifr.ch\/lesapostrophes\/wp-content\/uploads\/2023\/10\/IMG_0380-1086x1536.jpeg 1086w, https:\/\/student.unifr.ch\/lesapostrophes\/wp-content\/uploads\/2023\/10\/IMG_0380-1448x2048.jpeg 1448w, https:\/\/student.unifr.ch\/lesapostrophes\/wp-content\/uploads\/2023\/10\/IMG_0380-720x1018.jpeg 720w\" sizes=\"(max-width: 421px) 100vw, 421px\" \/><\/figure><\/div>\n\n\n\n<p>N&rsquo;h\u00e9sitez pas \u00e0 nous suivre sur&nbsp;<a href=\"https:\/\/www.instagram.com\/lesapostrophes\/?hl=fr\">Instagram<\/a> et&nbsp;<a href=\"https:\/\/www.facebook.com\/Lesapostrophes\/?locale=fr_FR\">Facebook<\/a> pour \u00eatre au courant de toutes les nouvelles (il para\u00eet m\u00eame qu\u2019un concours est pr\u00e9vu\u2026).<\/p>\n\n\n\n<p><strong>Combien \u00e7a co\u00fbte&nbsp;?<\/strong><\/p>\n\n\n\n<p>Toutes les entr\u00e9es sont libres&nbsp;! Notre objectif est de permettre \u00e0 chacun.e, peu importe ses moyens, de profiter de ce week-end de d\u00e9couverte. \u00c0 la fin de chaque activit\u00e9 sera propos\u00e9 un chapeau, pour quiconque souhaite soutenir la troupe \u00e0 la hauteur de ses moyens.<\/p>\n\n\n\n<p><strong>Qui sont nos soutiens&nbsp;?<\/strong><\/p>\n\n\n\n<p>Nous avons la chance d\u2019\u00eatre soutenu.es par plusieurs organismes et entreprises ! Les Apostrophes remercient chaleureusement : <\/p>\n\n\n\n<p><strong>NOS SOUTIENS PRINCIPAUX<\/strong><\/p>\n\n\n\n<div class=\"wp-block-columns\">\n<div class=\"wp-block-column\" style=\"flex-basis:100%\">\n<div class=\"wp-block-columns\">\n<div class=\"wp-block-column\" style=\"flex-basis:100%\">\n<div class=\"wp-block-columns\">\n<div class=\"wp-block-column\">\n<figure class=\"wp-block-image size-full is-resized\"><img loading=\"lazy\" src=\"https:\/\/student.unifr.ch\/lesapostrophes\/wp-content\/uploads\/2023\/10\/Logo_FGE_MK_cmyk_300dpi_FR-1-scaled.jpg\" alt=\"\" class=\"wp-image-963\" width=\"255\" height=\"48\" srcset=\"https:\/\/student.unifr.ch\/lesapostrophes\/wp-content\/uploads\/2023\/10\/Logo_FGE_MK_cmyk_300dpi_FR-1-scaled.jpg 2560w, https:\/\/student.unifr.ch\/lesapostrophes\/wp-content\/uploads\/2023\/10\/Logo_FGE_MK_cmyk_300dpi_FR-1-300x57.jpg 300w, https:\/\/student.unifr.ch\/lesapostrophes\/wp-content\/uploads\/2023\/10\/Logo_FGE_MK_cmyk_300dpi_FR-1-150x29.jpg 150w, https:\/\/student.unifr.ch\/lesapostrophes\/wp-content\/uploads\/2023\/10\/Logo_FGE_MK_cmyk_300dpi_FR-1-768x147.jpg 768w, https:\/\/student.unifr.ch\/lesapostrophes\/wp-content\/uploads\/2023\/10\/Logo_FGE_MK_cmyk_300dpi_FR-1-1536x293.jpg 1536w, https:\/\/student.unifr.ch\/lesapostrophes\/wp-content\/uploads\/2023\/10\/Logo_FGE_MK_cmyk_300dpi_FR-1-2048x391.jpg 2048w, https:\/\/student.unifr.ch\/lesapostrophes\/wp-content\/uploads\/2023\/10\/Logo_FGE_MK_cmyk_300dpi_FR-1-720x137.jpg 720w\" sizes=\"(max-width: 255px) 100vw, 255px\" \/><\/figure>\n<\/div>\n\n\n\n<div class=\"wp-block-column\">\n<figure class=\"wp-block-image size-full is-resized\"><img loading=\"lazy\" src=\"https:\/\/student.unifr.ch\/lesapostrophes\/wp-content\/uploads\/2023\/10\/UNF_Logo_100pr_pos.jpg\" alt=\"\" class=\"wp-image-973\" width=\"165\" height=\"110\" srcset=\"https:\/\/student.unifr.ch\/lesapostrophes\/wp-content\/uploads\/2023\/10\/UNF_Logo_100pr_pos.jpg 333w, https:\/\/student.unifr.ch\/lesapostrophes\/wp-content\/uploads\/2023\/10\/UNF_Logo_100pr_pos-300x201.jpg 300w, https:\/\/student.unifr.ch\/lesapostrophes\/wp-content\/uploads\/2023\/10\/UNF_Logo_100pr_pos-150x100.jpg 150w\" sizes=\"(max-width: 165px) 100vw, 165px\" \/><\/figure>\n<\/div>\n\n\n\n<div class=\"wp-block-column\">\n<figure class=\"wp-block-image size-full is-resized\"><img loading=\"lazy\" src=\"https:\/\/student.unifr.ch\/lesapostrophes\/wp-content\/uploads\/2023\/10\/Logo-mauve.png\" alt=\"\" class=\"wp-image-965\" width=\"127\" height=\"57\" srcset=\"https:\/\/student.unifr.ch\/lesapostrophes\/wp-content\/uploads\/2023\/10\/Logo-mauve.png 1696w, https:\/\/student.unifr.ch\/lesapostrophes\/wp-content\/uploads\/2023\/10\/Logo-mauve-300x136.png 300w, https:\/\/student.unifr.ch\/lesapostrophes\/wp-content\/uploads\/2023\/10\/Logo-mauve-150x68.png 150w, https:\/\/student.unifr.ch\/lesapostrophes\/wp-content\/uploads\/2023\/10\/Logo-mauve-768x347.png 768w, https:\/\/student.unifr.ch\/lesapostrophes\/wp-content\/uploads\/2023\/10\/Logo-mauve-1536x695.png 1536w, https:\/\/student.unifr.ch\/lesapostrophes\/wp-content\/uploads\/2023\/10\/Logo-mauve-720x326.png 720w\" sizes=\"(max-width: 127px) 100vw, 127px\" \/><\/figure>\n<\/div>\n<\/div>\n<\/div>\n<\/div>\n<\/div>\n<\/div>\n\n\n\n<p><strong>NOS PARTENAIRES<\/strong><\/p>\n\n\n\n<div class=\"wp-block-columns\">\n<div class=\"wp-block-column\">\n<figure class=\"wp-block-image size-full\"><img loading=\"lazy\" width=\"1217\" height=\"621\" src=\"https:\/\/student.unifr.ch\/lesapostrophes\/wp-content\/uploads\/2023\/10\/Au_Palais_du_Fromage_logo_FamDRaemy.jpg\" alt=\"\" class=\"wp-image-966\" srcset=\"https:\/\/student.unifr.ch\/lesapostrophes\/wp-content\/uploads\/2023\/10\/Au_Palais_du_Fromage_logo_FamDRaemy.jpg 1217w, https:\/\/student.unifr.ch\/lesapostrophes\/wp-content\/uploads\/2023\/10\/Au_Palais_du_Fromage_logo_FamDRaemy-300x153.jpg 300w, https:\/\/student.unifr.ch\/lesapostrophes\/wp-content\/uploads\/2023\/10\/Au_Palais_du_Fromage_logo_FamDRaemy-150x77.jpg 150w, https:\/\/student.unifr.ch\/lesapostrophes\/wp-content\/uploads\/2023\/10\/Au_Palais_du_Fromage_logo_FamDRaemy-768x392.jpg 768w, https:\/\/student.unifr.ch\/lesapostrophes\/wp-content\/uploads\/2023\/10\/Au_Palais_du_Fromage_logo_FamDRaemy-720x367.jpg 720w\" sizes=\"(max-width: 1217px) 100vw, 1217px\" \/><\/figure>\n<\/div>\n\n\n\n<div class=\"wp-block-column\">\n<div class=\"wp-block-image\"><figure class=\"aligncenter size-full\"><img loading=\"lazy\" width=\"945\" height=\"177\" src=\"https:\/\/student.unifr.ch\/lesapostrophes\/wp-content\/uploads\/2023\/10\/URBANSPA_Logotype_Def-1.png\" alt=\"\" class=\"wp-image-967\" srcset=\"https:\/\/student.unifr.ch\/lesapostrophes\/wp-content\/uploads\/2023\/10\/URBANSPA_Logotype_Def-1.png 945w, https:\/\/student.unifr.ch\/lesapostrophes\/wp-content\/uploads\/2023\/10\/URBANSPA_Logotype_Def-1-300x56.png 300w, https:\/\/student.unifr.ch\/lesapostrophes\/wp-content\/uploads\/2023\/10\/URBANSPA_Logotype_Def-1-150x28.png 150w, https:\/\/student.unifr.ch\/lesapostrophes\/wp-content\/uploads\/2023\/10\/URBANSPA_Logotype_Def-1-768x144.png 768w, https:\/\/student.unifr.ch\/lesapostrophes\/wp-content\/uploads\/2023\/10\/URBANSPA_Logotype_Def-1-720x135.png 720w\" sizes=\"(max-width: 945px) 100vw, 945px\" \/><\/figure><\/div>\n<\/div>\n\n\n\n<div class=\"wp-block-column\">\n<figure class=\"wp-block-image size-full\"><img loading=\"lazy\" width=\"939\" height=\"575\" src=\"https:\/\/student.unifr.ch\/lesapostrophes\/wp-content\/uploads\/2023\/10\/logo-grimper-copie-2197.png\" alt=\"\" class=\"wp-image-968\" srcset=\"https:\/\/student.unifr.ch\/lesapostrophes\/wp-content\/uploads\/2023\/10\/logo-grimper-copie-2197.png 939w, https:\/\/student.unifr.ch\/lesapostrophes\/wp-content\/uploads\/2023\/10\/logo-grimper-copie-2197-300x184.png 300w, https:\/\/student.unifr.ch\/lesapostrophes\/wp-content\/uploads\/2023\/10\/logo-grimper-copie-2197-150x92.png 150w, https:\/\/student.unifr.ch\/lesapostrophes\/wp-content\/uploads\/2023\/10\/logo-grimper-copie-2197-768x470.png 768w, https:\/\/student.unifr.ch\/lesapostrophes\/wp-content\/uploads\/2023\/10\/logo-grimper-copie-2197-720x441.png 720w\" sizes=\"(max-width: 939px) 100vw, 939px\" \/><\/figure>\n<\/div>\n\n\n\n<div class=\"wp-block-column\">\n<figure class=\"wp-block-image size-full is-resized\"><img loading=\"lazy\" src=\"https:\/\/student.unifr.ch\/lesapostrophes\/wp-content\/uploads\/2023\/10\/Logo_Vaudoise_Assurances.png\" alt=\"\" class=\"wp-image-964\" width=\"249\" height=\"95\" srcset=\"https:\/\/student.unifr.ch\/lesapostrophes\/wp-content\/uploads\/2023\/10\/Logo_Vaudoise_Assurances.png 800w, https:\/\/student.unifr.ch\/lesapostrophes\/wp-content\/uploads\/2023\/10\/Logo_Vaudoise_Assurances-300x116.png 300w, https:\/\/student.unifr.ch\/lesapostrophes\/wp-content\/uploads\/2023\/10\/Logo_Vaudoise_Assurances-150x58.png 150w, https:\/\/student.unifr.ch\/lesapostrophes\/wp-content\/uploads\/2023\/10\/Logo_Vaudoise_Assurances-768x296.png 768w, https:\/\/student.unifr.ch\/lesapostrophes\/wp-content\/uploads\/2023\/10\/Logo_Vaudoise_Assurances-720x277.png 720w\" sizes=\"(max-width: 249px) 100vw, 249px\" \/><\/figure>\n<\/div>\n<\/div>\n\n\n\n<p><strong>NOS LIEUX D&rsquo;ACCUEIL<\/strong><\/p>\n\n\n\n<div class=\"wp-block-columns\">\n<div class=\"wp-block-column\">\n<figure class=\"wp-block-image size-full is-resized\"><img loading=\"lazy\" src=\"https:\/\/student.unifr.ch\/lesapostrophes\/wp-content\/uploads\/2023\/10\/boulevard39-annonce_cut2.jpg\" alt=\"\" class=\"wp-image-969\" width=\"204\" height=\"136\" srcset=\"https:\/\/student.unifr.ch\/lesapostrophes\/wp-content\/uploads\/2023\/10\/boulevard39-annonce_cut2.jpg 1219w, https:\/\/student.unifr.ch\/lesapostrophes\/wp-content\/uploads\/2023\/10\/boulevard39-annonce_cut2-300x201.jpg 300w, https:\/\/student.unifr.ch\/lesapostrophes\/wp-content\/uploads\/2023\/10\/boulevard39-annonce_cut2-150x101.jpg 150w, https:\/\/student.unifr.ch\/lesapostrophes\/wp-content\/uploads\/2023\/10\/boulevard39-annonce_cut2-768x515.jpg 768w, https:\/\/student.unifr.ch\/lesapostrophes\/wp-content\/uploads\/2023\/10\/boulevard39-annonce_cut2-720x483.jpg 720w\" sizes=\"(max-width: 204px) 100vw, 204px\" \/><\/figure>\n<\/div>\n\n\n\n<div class=\"wp-block-column\"><\/div>\n\n\n\n<div class=\"wp-block-column\"><\/div>\n<\/div>\n","protected":false},"excerpt":{"rendered":"<p>Tout le monde est en coulisses en attendant le lever du rideau, et enfin, le.a metteur.euse en sc\u00e8ne crie \u00ab ENTR\u00c9E PUBLIC ! \u00bb Les spectateurices s\u2019assoient, pr\u00eat.es \u00e0 regarder le spectacle. Mais cette fois-ci, peut-\u00eatre auriez-vous envie de monter sur sc\u00e8ne ? Le nouveau festival des Apostrophes vous propose de vous inscrire \u00e0 des<\/p>\n<p><a class=\"more-link\" href=\"https:\/\/student.unifr.ch\/lesapostrophes\/entree-public-2023\/\">Continue reading <span class=\"screen-reader-text\">Entr\u00e9e Public ! (2023)<\/span><\/a><\/p>\n","protected":false},"author":18,"featured_media":0,"parent":0,"menu_order":0,"comment_status":"closed","ping_status":"closed","template":"","meta":[],"_links":{"self":[{"href":"https:\/\/student.unifr.ch\/lesapostrophes\/wp-json\/wp\/v2\/pages\/1437"}],"collection":[{"href":"https:\/\/student.unifr.ch\/lesapostrophes\/wp-json\/wp\/v2\/pages"}],"about":[{"href":"https:\/\/student.unifr.ch\/lesapostrophes\/wp-json\/wp\/v2\/types\/page"}],"author":[{"embeddable":true,"href":"https:\/\/student.unifr.ch\/lesapostrophes\/wp-json\/wp\/v2\/users\/18"}],"replies":[{"embeddable":true,"href":"https:\/\/student.unifr.ch\/lesapostrophes\/wp-json\/wp\/v2\/comments?post=1437"}],"version-history":[{"count":1,"href":"https:\/\/student.unifr.ch\/lesapostrophes\/wp-json\/wp\/v2\/pages\/1437\/revisions"}],"predecessor-version":[{"id":1438,"href":"https:\/\/student.unifr.ch\/lesapostrophes\/wp-json\/wp\/v2\/pages\/1437\/revisions\/1438"}],"wp:attachment":[{"href":"https:\/\/student.unifr.ch\/lesapostrophes\/wp-json\/wp\/v2\/media?parent=1437"}],"curies":[{"name":"wp","href":"https:\/\/api.w.org\/{rel}","templated":true}]}}