{"id":1457,"date":"2025-09-25T16:52:12","date_gmt":"2025-09-25T14:52:12","guid":{"rendered":"https:\/\/student.unifr.ch\/lesapostrophes\/?page_id=1457"},"modified":"2026-04-15T17:38:16","modified_gmt":"2026-04-15T15:38:16","slug":"entree-public-2026","status":"publish","type":"page","link":"https:\/\/student.unifr.ch\/lesapostrophes\/projet-2021\/entree-public-2026\/","title":{"rendered":"Entr\u00e9e public ! 2026"},"content":{"rendered":"\n<p>Cher public, entrez et installez-vous pour cette nouvelle \u00e9dition de notre festival ! <\/p>\n\n\n\n<h2>Entr\u00e9e public ! c&rsquo;est quoi ?<\/h2>\n\n\n\n<p>Entr\u00e9e public ! est un festival de th\u00e9\u00e2tre regroupant des troupes amatrices en Suisse romande et qui leur permet de se produire et de r\u00e9aliser une exp\u00e9rience enrichissante ! C&rsquo;est \u00e9galement un \u00e9v\u00e8nement pour tous\u00b7tes les passionn\u00e9\u00b7es de th\u00e9\u00e2tre, les curieux.ses qui souhaitent d\u00e9couvrir de nouvelles choses mais aussi pour tous\u00b7tes celle\u00b7ux qui souhaitent faire une chouette sortie !<\/p>\n\n\n\n<p>Apr\u00e8s la derni\u00e8re \u00e9dition en 2024, Entr\u00e9e public ! refait son entr\u00e9e sur sc\u00e8ne et se r\u00e9jouit de vous retrouver. <\/p>\n\n\n\n<div class=\"wp-container-1 wp-block-buttons\">\n<div class=\"wp-block-button\"><a class=\"wp-block-button__link\" href=\"https:\/\/student.unifr.ch\/lesapostrophes\/entree-public-2\/\" target=\"_blank\" rel=\"noreferrer noopener\"><strong>Vers l&rsquo;\u00e9dition 2024<\/strong><\/a><\/div>\n<\/div>\n\n\n\n<p><\/p>\n\n\n\n<h2>Notre \u00e9dition 2026 <\/h2>\n\n\n\n<figure class=\"wp-block-image size-full is-resized\"><img loading=\"lazy\" src=\"https:\/\/student.unifr.ch\/lesapostrophes\/wp-content\/uploads\/2026\/02\/EP_A4__page-0001-1-scaled.jpg\" alt=\"\" class=\"wp-image-1510\" width=\"391\" height=\"553\" srcset=\"https:\/\/student.unifr.ch\/lesapostrophes\/wp-content\/uploads\/2026\/02\/EP_A4__page-0001-1-scaled.jpg 1810w, https:\/\/student.unifr.ch\/lesapostrophes\/wp-content\/uploads\/2026\/02\/EP_A4__page-0001-1-212x300.jpg 212w, https:\/\/student.unifr.ch\/lesapostrophes\/wp-content\/uploads\/2026\/02\/EP_A4__page-0001-1-106x150.jpg 106w, https:\/\/student.unifr.ch\/lesapostrophes\/wp-content\/uploads\/2026\/02\/EP_A4__page-0001-1-768x1086.jpg 768w, https:\/\/student.unifr.ch\/lesapostrophes\/wp-content\/uploads\/2026\/02\/EP_A4__page-0001-1-1086x1536.jpg 1086w, https:\/\/student.unifr.ch\/lesapostrophes\/wp-content\/uploads\/2026\/02\/EP_A4__page-0001-1-1448x2048.jpg 1448w, https:\/\/student.unifr.ch\/lesapostrophes\/wp-content\/uploads\/2026\/02\/EP_A4__page-0001-1-720x1018.jpg 720w\" sizes=\"(max-width: 391px) 100vw, 391px\" \/><\/figure>\n\n\n\n<h3>O\u00f9 \u00e7a se passe ? &#8211; Nos lieux<\/h3>\n\n\n\n<p>Pour cette \u00e9dition, l&rsquo;int\u00e9gralit\u00e9 des repr\u00e9sentation auront lieu au caf\u00e9-th\u00e9\u00e2tre du Bilboquet. En plus des repr\u00e9sentations, nous auront le plaisir de vous accueillir pour des activit\u00e9s ainsi qu&rsquo;un concert dans la cour du site  de P\u00e9rolles (PER21) le samedi ainsi que le dimanche. <\/p>\n\n\n\n<div class=\"wp-container-2 wp-block-buttons\">\n<div class=\"wp-block-button\"><a class=\"wp-block-button__link\" href=\"https:\/\/www.google.com\/maps\/place\/Le+Bilboquet\/@46.7945117,7.1511208,17z\/data=!3m2!4b1!5s0x478e68d64595ec67:0x8a25aefc7806b087!4m6!3m5!1s0x478e68d64f30da0b:0x1182efcf4d6b5e45!8m2!3d46.7945081!4d7.1536957!16s%2Fg%2F12dpwq835?entry=ttu&amp;g_ep=EgoyMDI1MTAyNy4wIKXMDSoASAFQAw%3D%3D\" target=\"_blank\" rel=\"noreferrer noopener\"><strong>Se rendre au Bilboquet<\/strong><\/a><\/div>\n\n\n\n<div class=\"wp-block-button\"><a class=\"wp-block-button__link\" href=\"https:\/\/www.google.com\/maps\/place\/Universit%C3%A9+de+Fribourg+-+Campus+de+P%C3%A9rolles+-+PER+21\/@46.7937879,7.156338,17z\/data=!3m1!4b1!4m6!3m5!1s0x478e68d84f18e7ad:0x4d0899b978dd4c04!8m2!3d46.7937843!4d7.1589129!16s%2Fg%2F11g9qw0466?entry=ttu&amp;g_ep=EgoyMDI1MTAyNy4wIKXMDSoASAFQAw%3D%3D\" target=\"_blank\" rel=\"noreferrer noopener\"><strong>Se rendre au site de P\u00e9rolles<\/strong><\/a><\/div>\n<\/div>\n\n\n\n<p><\/p>\n\n\n\n<h3>Qu&rsquo;est-ce qu&rsquo;on y fait ? &#8211; Notre programme <\/h3>\n\n\n\n<div class=\"wp-block-columns\">\n<div class=\"wp-block-column\">\n<figure class=\"wp-block-image size-full is-resized\"><img loading=\"lazy\" src=\"https:\/\/student.unifr.ch\/lesapostrophes\/wp-content\/uploads\/2026\/03\/bilbo-1-1.jpeg\" alt=\"\" class=\"wp-image-1517\" width=\"399\" height=\"499\" srcset=\"https:\/\/student.unifr.ch\/lesapostrophes\/wp-content\/uploads\/2026\/03\/bilbo-1-1.jpeg 1080w, https:\/\/student.unifr.ch\/lesapostrophes\/wp-content\/uploads\/2026\/03\/bilbo-1-1-240x300.jpeg 240w, https:\/\/student.unifr.ch\/lesapostrophes\/wp-content\/uploads\/2026\/03\/bilbo-1-1-120x150.jpeg 120w, https:\/\/student.unifr.ch\/lesapostrophes\/wp-content\/uploads\/2026\/03\/bilbo-1-1-768x960.jpeg 768w, https:\/\/student.unifr.ch\/lesapostrophes\/wp-content\/uploads\/2026\/03\/bilbo-1-1-720x900.jpeg 720w\" sizes=\"(max-width: 399px) 100vw, 399px\" \/><figcaption>Plan horaire des repr\u00e9sentations <\/figcaption><\/figure>\n<\/div>\n\n\n\n<div class=\"wp-block-column\">\n<figure class=\"wp-block-image size-full is-resized\"><img loading=\"lazy\" src=\"https:\/\/student.unifr.ch\/lesapostrophes\/wp-content\/uploads\/2026\/03\/WhatsApp-Image-2026-03-31-at-16.02.14.jpeg\" alt=\"\" class=\"wp-image-1518\" width=\"393\" height=\"490\" srcset=\"https:\/\/student.unifr.ch\/lesapostrophes\/wp-content\/uploads\/2026\/03\/WhatsApp-Image-2026-03-31-at-16.02.14.jpeg 1080w, https:\/\/student.unifr.ch\/lesapostrophes\/wp-content\/uploads\/2026\/03\/WhatsApp-Image-2026-03-31-at-16.02.14-240x300.jpeg 240w, https:\/\/student.unifr.ch\/lesapostrophes\/wp-content\/uploads\/2026\/03\/WhatsApp-Image-2026-03-31-at-16.02.14-120x150.jpeg 120w, https:\/\/student.unifr.ch\/lesapostrophes\/wp-content\/uploads\/2026\/03\/WhatsApp-Image-2026-03-31-at-16.02.14-768x960.jpeg 768w, https:\/\/student.unifr.ch\/lesapostrophes\/wp-content\/uploads\/2026\/03\/WhatsApp-Image-2026-03-31-at-16.02.14-720x900.jpeg 720w\" sizes=\"(max-width: 393px) 100vw, 393px\" \/><figcaption>Horaire des activit\u00e9s qui accompagnent les stands dans la cour de PER21<\/figcaption><\/figure>\n<\/div>\n<\/div>\n\n\n\n<h3>Vous nous suivez pas encore ? <\/h3>\n\n\n\n<p>Trouvez-nous sur <a rel=\"noreferrer noopener\" href=\"http:\/\/instagram.com\/entree_public\/\" target=\"_blank\">Instagram<\/a> et <a rel=\"noreferrer noopener\" href=\"http:\/\/facebook.com\/profile.php?id=61565220934427\" target=\"_blank\">Facebook<\/a>, pour \u00eatre au courant de toutes les actualit\u00e9s de ce festival 2026 ! N&rsquo;h\u00e9sitez pas \u00e0 suivre \u00e9galement le compte <a rel=\"noreferrer noopener\" href=\"http:\/\/instagram.com\/lesapostrophes\/?hl=fr\" target=\"_blank\">Instagram<\/a> et <a rel=\"noreferrer noopener\" href=\"http:\/\/facebook.com\/Lesapostrophes\/?locale=fr_FR\" target=\"_blank\">Facebook<\/a> de la troupe des Apostrophes gr\u00e2ce \u00e0 qui ce festival existe ! <\/p>\n\n\n\n<h3>Commission d&rsquo;organisation :<\/h3>\n\n\n\n<p>Pr\u00e9sidente : <strong>Jennifer Bornand<\/strong><\/p>\n\n\n\n<p>Tr\u00e9sorerie : <strong>Klementyna Phillips<\/strong><\/p>\n\n\n\n<p>Communication : <strong>Mathilde Dubuis &amp; Noa Lugon moulin<\/strong><\/p>\n\n\n\n<p>Sponsoring : <strong>Timothy Montavon<\/strong><\/p>\n\n\n\n<p>Coordination interne : <strong>Jim Chabbey<\/strong><\/p>\n\n\n\n<h3>Graphisme : Fiona Todeschini<\/h3>\n\n\n\n<p>Un grand merci \u00e0 Fiona pour son super travail !<\/p>\n\n\n\n<h2>Nos sponsors <\/h2>\n\n\n\n<div class=\"wp-block-columns\">\n<div class=\"wp-block-column\">\n<figure class=\"wp-block-image size-full is-resized\"><img loading=\"lazy\" src=\"https:\/\/student.unifr.ch\/lesapostrophes\/wp-content\/uploads\/2026\/04\/WhatsApp-Image-2026-03-26-at-17.52.05-2.jpeg\" alt=\"\" class=\"wp-image-1531\" width=\"250\" height=\"99\" srcset=\"https:\/\/student.unifr.ch\/lesapostrophes\/wp-content\/uploads\/2026\/04\/WhatsApp-Image-2026-03-26-at-17.52.05-2.jpeg 1333w, https:\/\/student.unifr.ch\/lesapostrophes\/wp-content\/uploads\/2026\/04\/WhatsApp-Image-2026-03-26-at-17.52.05-2-300x120.jpeg 300w, https:\/\/student.unifr.ch\/lesapostrophes\/wp-content\/uploads\/2026\/04\/WhatsApp-Image-2026-03-26-at-17.52.05-2-150x60.jpeg 150w, https:\/\/student.unifr.ch\/lesapostrophes\/wp-content\/uploads\/2026\/04\/WhatsApp-Image-2026-03-26-at-17.52.05-2-768x307.jpeg 768w, https:\/\/student.unifr.ch\/lesapostrophes\/wp-content\/uploads\/2026\/04\/WhatsApp-Image-2026-03-26-at-17.52.05-2-720x288.jpeg 720w\" sizes=\"(max-width: 250px) 100vw, 250px\" \/><\/figure>\n<\/div>\n\n\n\n<div class=\"wp-block-column\">\n<figure class=\"wp-block-image is-resized\"><img loading=\"lazy\" src=\"https:\/\/www.unifr.ch\/agef\/fr\/assets\/public\/files\/OTHER\/Logo%20mauve.png\" alt=\"Documents utiles | AGEF | Universit\u00e9 de Fribourg\" width=\"223\" height=\"100\"\/><\/figure>\n<\/div>\n<\/div>\n\n\n\n<figure class=\"wp-block-image is-resized\"><img loading=\"lazy\" src=\"https:\/\/encrypted-tbn0.gstatic.com\/images?q=tbn:ANd9GcQ3LAO_NNMS0iaD8KzHmGDkLTDFRIKO72MZYQ&amp;s\" alt=\"JPF Construction SA | GROUPE JPF\" width=\"126\" height=\"29\"\/><\/figure>\n\n\n\n<p><\/p>\n","protected":false},"excerpt":{"rendered":"<p>Cher public, entrez et installez-vous pour cette nouvelle \u00e9dition de notre festival ! Entr\u00e9e public ! c&rsquo;est quoi ? Entr\u00e9e public ! est un festival de th\u00e9\u00e2tre regroupant des troupes amatrices en Suisse romande et qui leur permet de se produire et de r\u00e9aliser une exp\u00e9rience enrichissante ! C&rsquo;est \u00e9galement un \u00e9v\u00e8nement pour tous\u00b7tes les<\/p>\n<p><a class=\"more-link\" href=\"https:\/\/student.unifr.ch\/lesapostrophes\/projet-2021\/entree-public-2026\/\">Continue reading <span class=\"screen-reader-text\">Entr\u00e9e public ! 2026<\/span><\/a><\/p>\n","protected":false},"author":23,"featured_media":0,"parent":497,"menu_order":0,"comment_status":"closed","ping_status":"closed","template":"","meta":[],"_links":{"self":[{"href":"https:\/\/student.unifr.ch\/lesapostrophes\/wp-json\/wp\/v2\/pages\/1457"}],"collection":[{"href":"https:\/\/student.unifr.ch\/lesapostrophes\/wp-json\/wp\/v2\/pages"}],"about":[{"href":"https:\/\/student.unifr.ch\/lesapostrophes\/wp-json\/wp\/v2\/types\/page"}],"author":[{"embeddable":true,"href":"https:\/\/student.unifr.ch\/lesapostrophes\/wp-json\/wp\/v2\/users\/23"}],"replies":[{"embeddable":true,"href":"https:\/\/student.unifr.ch\/lesapostrophes\/wp-json\/wp\/v2\/comments?post=1457"}],"version-history":[{"count":30,"href":"https:\/\/student.unifr.ch\/lesapostrophes\/wp-json\/wp\/v2\/pages\/1457\/revisions"}],"predecessor-version":[{"id":1575,"href":"https:\/\/student.unifr.ch\/lesapostrophes\/wp-json\/wp\/v2\/pages\/1457\/revisions\/1575"}],"up":[{"embeddable":true,"href":"https:\/\/student.unifr.ch\/lesapostrophes\/wp-json\/wp\/v2\/pages\/497"}],"wp:attachment":[{"href":"https:\/\/student.unifr.ch\/lesapostrophes\/wp-json\/wp\/v2\/media?parent=1457"}],"curies":[{"name":"wp","href":"https:\/\/api.w.org\/{rel}","templated":true}]}}