{"id":1465,"date":"2025-10-05T21:19:11","date_gmt":"2025-10-05T19:19:11","guid":{"rendered":"https:\/\/student.unifr.ch\/lesapostrophes\/?page_id=1465"},"modified":"2026-04-29T13:24:16","modified_gmt":"2026-04-29T11:24:16","slug":"__trashed","status":"publish","type":"page","link":"https:\/\/student.unifr.ch\/lesapostrophes\/__trashed\/","title":{"rendered":"Le Songe d&rsquo;une Nuit d&rsquo;\u00e9t\u00e9"},"content":{"rendered":"\n<div class=\"wp-block-image\"><figure class=\"aligncenter size-full is-resized\"><img loading=\"lazy\" src=\"https:\/\/student.unifr.ch\/lesapostrophes\/wp-content\/uploads\/2026\/04\/SNE-image.png\" alt=\"\" class=\"wp-image-1541\" width=\"450\" height=\"611\"\/><\/figure><\/div>\n\n\n\n<p>Amour, quiproquos et magie : plongez dans l\u2019univers envo\u00fbtant de&nbsp;Shakespeare&nbsp;o\u00f9 f\u00e9es espi\u00e8gles, amoureux \u00e9gar\u00e9s et artisans maladroits s\u2019entrem\u00ealent sous la lune. Entre rires, sortil\u00e8ges et rebondissements, cette com\u00e9die intemporelle vous transporte dans une for\u00eat o\u00f9 tout est possible\u2026 m\u00eame l\u2019impossible !<\/p>\n\n\n\n<p>Cette ann\u00e9e, les Apostrophes interpr\u00e9teront leur pi\u00e8ce dans le cadre du festival de th\u00e9\u00e2tre \u00ab\u00a0Entr\u00e9e Public!\u00a0\u00bb qu&rsquo;ils co-organisent. L&rsquo;\u00e9v\u00e8nement se tiendra du 14 au 17 mai 2026, le Songe d&rsquo;une nuit d&rsquo;\u00e9t\u00e9 se jouera exclusivement au caf\u00e9-th\u00e9\u00e2tre du Bilboquet \u00e0 Fribourg. <\/p>\n\n\n\n<p><\/p>\n\n\n\n<h2><strong>Informations pratiques<\/strong><\/h2>\n\n\n\n<div class=\"wp-block-columns\">\n<div class=\"wp-block-column\">\n<p><\/p>\n\n\n\n<figure class=\"wp-block-table\"><table><tbody><tr><td>Jeudi 14.05<\/td><td>14h30<\/td><\/tr><tr><td>Vendredi 15.05<\/td><td>20h00<\/td><\/tr><tr><td>Samedi 16.05<\/td><td>20h00<\/td><\/tr><tr><td>Dimanche 17.05<\/td><td>17h00<\/td><\/tr><\/tbody><\/table><\/figure>\n\n\n\n<p><strong>Lieu :<\/strong> <\/p>\n\n\n\n<p>Caf\u00e9 Th\u00e9\u00e2tre Le Bilboquet<\/p>\n\n\n\n<p>Rte de la Fonderie 8b<\/p>\n\n\n\n<p>1700 Fribourg<\/p>\n\n\n\n<div class=\"wp-container-1 wp-block-buttons\">\n<div class=\"wp-block-button\"><a class=\"wp-block-button__link\" href=\"https:\/\/my.weezevent.com\/entree-public-2?_gl=1*1vqyrxv*_gcl_au*NTU3MzkwNDk2LjE3NzY3NDQwMjIuMTQ2OTYwMDYzOC4xNzc3MzE0MDM5LjE3NzczMTQwMzg.*_ga*MzQyNTc1Ni4xNzc2NzQ0MDIy*_ga_39H9VBFX7G*czE3NzczMjI1MTEkbzEwJGcxJHQxNzc3MzI0NTQ1JGo2MCRsMCRoMTI1NzgzNTk0MQ.\">Billetterie<\/a><\/div>\n<\/div>\n<\/div>\n\n\n\n<div class=\"wp-block-column\">\n<iframe src=\"https:\/\/www.google.com\/maps\/embed?pb=!1m18!1m12!1m3!1d2731.4973535042545!2d7.151120776347414!3d46.79450807112692!2m3!1f0!2f0!3f0!3m2!1i1024!2i768!4f13.1!3m3!1m2!1s0x478e68d64f30da0b%3A0x1182efcf4d6b5e45!2sLe%20Bilboquet%2C%20Le%20Caf%C3%A9%20Th%C3%A9%C3%A2tre%20de%20Fribourg!5e0!3m2!1sen!2sch!4v1759690099230!5m2!1sen!2sch\" width=\"600\" height=\"450\" style=\"border:0;\" allowfullscreen=\"\" loading=\"lazy\" referrerpolicy=\"no-referrer-when-downgrade\"><\/iframe>\n<\/div>\n<\/div>\n\n\n\n<p>Auteur : William Shakespeare<\/p>\n\n\n\n<p>Traducteur et \u00e9ditions : <strong>M. Guizot (2009) <em>Libre de droit<\/em><\/strong><\/p>\n\n\n\n<p>Mise en sc\u00e8ne : <strong>Garance Naegele<\/strong><\/p>\n\n\n\n<p>Assistance Mise en sc\u00e8ne : <strong>Claudia Dominguez Capel<\/strong><\/p>\n\n\n\n<p>Direction d&rsquo;actrices : <strong>Pauline This et Naomi<\/strong> <strong>Kasavi<\/strong><\/p>\n\n\n\n<p>Sc\u00e9nographie : <strong>Laureen<\/strong> <strong>Dudoy<\/strong><\/p>\n\n\n\n<p>Costumes :<strong> Luise<\/strong> <strong>Lackner<\/strong> <strong>et<\/strong> <strong>Rania Volken<\/strong><\/p>\n\n\n\n<p>Perruques : <strong>Beatriz<\/strong><\/p>\n\n\n\n<p>Com\u00e9dien.nes : <strong>Alexia, Ana\u00efs, Aur\u00e9lie, Aurane, C\u00e9line, Claudia, Cyprian, Emilie, Emma, Estelle, Ga\u00ebtan, Laureline, Louna, Lol\u00e9, Lucas, Luise, Lucie, Lucie, Naomi, Rania, Roxane<\/strong><\/p>\n\n\n\n<p>Affiche : <strong>Fiona Todeschini<\/strong><\/p>\n\n\n\n<p>Lumi\u00e8res : <strong>Sabine Bulliard <\/strong>aka<strong> B\u00fcb\u00fc<\/strong><\/p>\n","protected":false},"excerpt":{"rendered":"<p>Amour, quiproquos et magie : plongez dans l\u2019univers envo\u00fbtant de&nbsp;Shakespeare&nbsp;o\u00f9 f\u00e9es espi\u00e8gles, amoureux \u00e9gar\u00e9s et artisans maladroits s\u2019entrem\u00ealent sous la lune. Entre rires, sortil\u00e8ges et rebondissements, cette com\u00e9die intemporelle vous transporte dans une for\u00eat o\u00f9 tout est possible\u2026 m\u00eame l\u2019impossible ! Cette ann\u00e9e, les Apostrophes interpr\u00e9teront leur pi\u00e8ce dans le cadre du festival de th\u00e9\u00e2tre<\/p>\n<p><a class=\"more-link\" href=\"https:\/\/student.unifr.ch\/lesapostrophes\/__trashed\/\">Continue reading <span class=\"screen-reader-text\">Le Songe d&rsquo;une Nuit d&rsquo;\u00e9t\u00e9<\/span><\/a><\/p>\n","protected":false},"author":16,"featured_media":0,"parent":0,"menu_order":0,"comment_status":"closed","ping_status":"closed","template":"","meta":[],"_links":{"self":[{"href":"https:\/\/student.unifr.ch\/lesapostrophes\/wp-json\/wp\/v2\/pages\/1465"}],"collection":[{"href":"https:\/\/student.unifr.ch\/lesapostrophes\/wp-json\/wp\/v2\/pages"}],"about":[{"href":"https:\/\/student.unifr.ch\/lesapostrophes\/wp-json\/wp\/v2\/types\/page"}],"author":[{"embeddable":true,"href":"https:\/\/student.unifr.ch\/lesapostrophes\/wp-json\/wp\/v2\/users\/16"}],"replies":[{"embeddable":true,"href":"https:\/\/student.unifr.ch\/lesapostrophes\/wp-json\/wp\/v2\/comments?post=1465"}],"version-history":[{"count":22,"href":"https:\/\/student.unifr.ch\/lesapostrophes\/wp-json\/wp\/v2\/pages\/1465\/revisions"}],"predecessor-version":[{"id":1588,"href":"https:\/\/student.unifr.ch\/lesapostrophes\/wp-json\/wp\/v2\/pages\/1465\/revisions\/1588"}],"wp:attachment":[{"href":"https:\/\/student.unifr.ch\/lesapostrophes\/wp-json\/wp\/v2\/media?parent=1465"}],"curies":[{"name":"wp","href":"https:\/\/api.w.org\/{rel}","templated":true}]}}