{"id":243,"date":"2018-04-30T22:03:58","date_gmt":"2018-04-30T20:03:58","guid":{"rendered":"http:\/\/student.unifr.ch\/lesapostrophes\/?page_id=243"},"modified":"2019-09-18T18:32:21","modified_gmt":"2019-09-18T16:32:21","slug":"musee-haut-musee-bas","status":"publish","type":"page","link":"https:\/\/student.unifr.ch\/lesapostrophes\/historique\/musee-haut-musee-bas\/","title":{"rendered":"Mus\u00e9e Haut, Mus\u00e9e bas"},"content":{"rendered":"<p><em>de Jean-Michel Ribes<\/em><\/p>\n<p><img loading=\"lazy\" class=\"aligncenter size-full wp-image-244\" src=\"http:\/\/student.unifr.ch\/lesapostrophes\/wp-content\/uploads\/2018\/04\/Flyers-MHMB-vert-recto.jpg\" alt=\"\" width=\"500\" height=\"708\" srcset=\"https:\/\/student.unifr.ch\/lesapostrophes\/wp-content\/uploads\/2018\/04\/Flyers-MHMB-vert-recto.jpg 500w, https:\/\/student.unifr.ch\/lesapostrophes\/wp-content\/uploads\/2018\/04\/Flyers-MHMB-vert-recto-106x150.jpg 106w, https:\/\/student.unifr.ch\/lesapostrophes\/wp-content\/uploads\/2018\/04\/Flyers-MHMB-vert-recto-212x300.jpg 212w\" sizes=\"(max-width: 500px) 100vw, 500px\" \/><\/p>\n<p style=\"text-align: center;\">\u00ab <em>La guide<\/em> : Non, Paul Gauguin.<br \/>\n<em>Le groupe de touriste (en choeur)<\/em> : PA-O\u00d4OL G\u00c2O-G\u00c2-IN.<br \/>\n<em>La guide<\/em> : Non, Paul Gauguin.<br \/>\n<em>Le groupe de touriste (en choeur)<\/em> : PO\u00dbAL GOU-RIN.<br \/>\n<em>La guide<\/em> : Non, Paul Gauguin.<br \/>\n<em>Le groupe de touriste (en choeur)<\/em> : PIPOUL GOU-DIN.<br \/>\n<em>La guide<\/em> : Non. \u00bb<\/p>\n<p>Du sol au plafond, en permanence, c&rsquo;est-\u00e0-dire sans arr\u00eat, que se passe-t-il dans un mus\u00e9e ?<br \/>\nQue disent les visiteurs ?<br \/>\nQue pensent les gardiens ?<br \/>\nQue font les femmes de m\u00e9nage ?<\/p>\n<p>Dans une salle, Henri ne supporte plus Carole.<br \/>\nDans une autre, une m\u00e8re craque.<br \/>\nDans une troisi\u00e8me, une exposition particuli\u00e8re.<\/p>\n<p>Accrochez-vous, la visite d\u00e9coiffe.<\/p>\n<h2>La pi\u00e8ce<\/h2>\n<p><em>Mus\u00e9e haut, mus\u00e9e bas<\/em>, dont la premi\u00e8re repr\u00e9sentation date de 2004, est une succession de sc\u00e8nes plus ou moins br\u00e8ves o\u00f9 le monde du mus\u00e9e se visite dans son ensemble par le spectateur. L\u2019auteur explique\u00a0: \u00ab\u00a0Dans cette histoire de mus\u00e9e, je ne veux ni donner de le\u00e7ons, ni faire de commentaires, seulement explorer ce lieu o\u00f9 se rencontrent les muses, o\u00f9 se m\u00ealent l\u2019art et la vie, les mortels et les immortels, dans un ballet \u00e9mouvant et absurde.\u00a0\u00bb. Il souhaite bannir tout conformisme, surtout dans un lieu rempli de guide, de panneaux et d\u2019explications. C\u2019est l\u00e0 le contraste saisissant qui rend la pi\u00e8ce si int\u00e9ressante, surprenante et hilarante.<\/p>\n<p>\u00ab\u00a0C\u2019est d\u2019une verve, d\u2019une richesse d\u2019inventions dr\u00f4les incroyables. Ce n\u2019est pas du tout une critique des mus\u00e9es, c\u2019est une avalanche de situations burlesques situ\u00e9es dans un mus\u00e9e imaginaire et de paroles bouffonnes qui les accompagne. Et les sc\u00e8nes s\u2019encha\u00eenent, jusqu\u2019\u00e0 un final en apocalypse.\u00a0\u00bb (Michel Cournot, <em>Le Monde<\/em>)<\/p>\n<h2>Repr\u00e9sentations<\/h2>\n<table style=\"margin-left: 30px; width: 220px; table-layout: auto;\" border=\"0\" cellspacing=\"0\" cellpadding=\"0\">\n<tbody>\n<tr>\n<td>Me<\/td>\n<td>9 mai \u00a0 \u00e0 \u00a0 19h30<\/td>\n<\/tr>\n<tr>\n<td>Ve<\/td>\n<td>11 mai \u00a0 \u00e0 \u00a0 19h30<\/td>\n<\/tr>\n<tr>\n<td>Sa<\/td>\n<td>12 mai \u00a0 \u00e0 \u00a0 19h30<\/td>\n<\/tr>\n<tr>\n<td>Di<\/td>\n<td>13 mai \u00a0 \u00e0 \u00a0 14h00<\/td>\n<\/tr>\n<tr>\n<td>Di<\/td>\n<td>13 mai \u00a0 \u00e0 \u00a0 17h30<\/td>\n<\/tr>\n<\/tbody>\n<\/table>\n<h5>Billeterie<\/h5>\n<p>Les entr\u00e9es sont libres, un chapeau sera mis \u00e0 disposition \u00e0 la fin.<\/p>\n<p>Il est fortement recommand\u00e9 de r\u00e9server vos places. <!-- Merci d'utiliser notre plateforme de r\u00e9servation en cliquant sur le lien suivant: <a href=\"http:\/\/lesapostrophes.webatu.com\/00.reservations.php\" onclick=\"window.open(this.href, 'reservations','left=50,top=50,width=650,height=850,toolbar=1,resizable=0'); return false;\">outil de reservation.<\/a> --><\/p>\n<h5>La Localit\u00e9<\/h5>\n<p>On sera accueilli dans une salle aux dessus de M\u00f6venpick Cellier Fribourg et Workingshare Vibration au quartier du Jura \u00e0 Fribourg.<br \/>\n<iframe loading=\"lazy\" style=\"border: 0;\" src=\"https:\/\/www.google.com\/maps\/embed?pb=!1m18!1m12!1m3!1d2730.7213665891463!2d7.143840751613779!3d46.809794279037554!2m3!1f0!2f0!3f0!3m2!1i1024!2i768!4f13.1!3m3!1m2!1s0x478e6ecc5dbef583%3A0x963c13497dc3e1e6!2sRoute+du+Jura+49%2C+1700+Fribourg!5e0!3m2!1sen!2sch!4v1525117761123\" width=\"600\" height=\"350\" frameborder=\"0\" allowfullscreen=\"allowfullscreen\"><\/iframe><\/p>\n<h2>Mot sur l\u2019auteur<\/h2>\n<p><img loading=\"lazy\" class=\"alignright wp-image-251 size-medium\" src=\"http:\/\/student.unifr.ch\/lesapostrophes\/wp-content\/uploads\/2018\/05\/Jean-Michel_Ribes_2014-bw-212x300.jpg\" alt=\"\" width=\"212\" height=\"300\" srcset=\"https:\/\/student.unifr.ch\/lesapostrophes\/wp-content\/uploads\/2018\/05\/Jean-Michel_Ribes_2014-bw-212x300.jpg 212w, https:\/\/student.unifr.ch\/lesapostrophes\/wp-content\/uploads\/2018\/05\/Jean-Michel_Ribes_2014-bw-106x150.jpg 106w, https:\/\/student.unifr.ch\/lesapostrophes\/wp-content\/uploads\/2018\/05\/Jean-Michel_Ribes_2014-bw.jpg 565w\" sizes=\"(max-width: 212px) 100vw, 212px\" \/>N\u00e9 en 1946 \u00e0 Paris, Jean-Michel Ribes est un dramaturge, acteur, metteur en sc\u00e8ne, r\u00e9alisateur et sc\u00e9nariste fran\u00e7ais. Passionn\u00e9 de th\u00e9\u00e2tre et cin\u00e9ma, il s\u2019engage rapidement dans des projets de mise en sc\u00e8ne et r\u00e9alisation. Dans les ann\u00e9es 70, il met en sc\u00e8ne ses propres textes et se cr\u00e9e un petit nom dans le milieu. C\u2019est en 1988 qu\u2019il se fait conna\u00eetre aupr\u00e8s du grand public, notamment en sc\u00e9narisant la s\u00e9rie t\u00e9l\u00e9vis\u00e9e <em>Palace<\/em> pour la cha\u00eene Canal+.<\/p>\n<p>Dans ses pi\u00e8ces, il m\u00e9lange avec brio un humour d\u00e9cal\u00e9 avec les situations banales de tous les jours. Sous le masque du second degr\u00e9 du texte se dissimule un regard lucide sur notre vie quotidienne et sur notre environnement social.<\/p>\n<h2>Distribution<\/h2>\n<p>Perspective : Maude<br \/>\nOuverture : Tous<br \/>\nModigliani : Judith \/ Laura<br \/>\nBaroque et surr\u00e9alisme : Diane \/ Gr\u00e9goire \/ Lo\u00efc \/ Salom\u00e9 \/ Tiffany<br \/>\nPaul Gauguin I : Judith \/ Marie-Bertrande<br \/>\nBoticelli : Micha\u00ebl \/ Simon<br \/>\nToulouse : Marie-Bertrande \/ Stefano<br \/>\nDiscobole : Martin \/ Salom\u00e9<br \/>\nCarole-Henri : Catherine \/ Gr\u00e9goire<br \/>\nPlante verte : Micha\u00ebl<br \/>\nMammouths : Catherine \/ Martin \/ Maude \/ Salom\u00e9 \/ Stefano \/ Tiffany<br \/>\nPaul Gauguin II : Marie-Bertrande<br \/>\nLavage : Catherine \/ Luna \/ Maude \/ Salom\u00e9 \/ Tiffany<br \/>\nProgression naturelle : Micha\u00ebl \/ Stefano<br \/>\nTransport : Diane \/ Judith \/ Laura \/ Lo\u00efc \/ Luna \/ Marie-Bertrande \/ Salom\u00e9 \/ Simon<br \/>\nInstallation : Catherine \/ Judith \/ Laura \/ Lo\u00efc \/ Marie-Bertrande \/ Martin \/ Maude \/ Micha\u00ebl \/ Stefano \/ Tiffany<br \/>\nSaintes vierges : Catherine \/ Laura \/ Lo\u00efc \/ Luna \/ Maude \/ Salom\u00e9 \/ Simon \/ Stefano \/ Tiffany<br \/>\nVernissage : Tous<\/p>\n<p><img loading=\"lazy\" class=\"aligncenter size-large wp-image-323\" src=\"http:\/\/student.unifr.ch\/lesapostrophes\/wp-content\/uploads\/2018\/05\/IMG_9019-1024x768.jpg\" alt=\"\" width=\"720\" height=\"540\" srcset=\"https:\/\/student.unifr.ch\/lesapostrophes\/wp-content\/uploads\/2018\/05\/IMG_9019-1024x768.jpg 1024w, https:\/\/student.unifr.ch\/lesapostrophes\/wp-content\/uploads\/2018\/05\/IMG_9019-150x113.jpg 150w, https:\/\/student.unifr.ch\/lesapostrophes\/wp-content\/uploads\/2018\/05\/IMG_9019-300x225.jpg 300w, https:\/\/student.unifr.ch\/lesapostrophes\/wp-content\/uploads\/2018\/05\/IMG_9019-768x576.jpg 768w, https:\/\/student.unifr.ch\/lesapostrophes\/wp-content\/uploads\/2018\/05\/IMG_9019-720x540.jpg 720w\" sizes=\"(max-width: 720px) 100vw, 720px\" \/><\/p>\n<p><img loading=\"lazy\" class=\"aligncenter size-large wp-image-342\" src=\"http:\/\/student.unifr.ch\/lesapostrophes\/wp-content\/uploads\/2018\/05\/Image-2018-05-12-at-10.18.26-1024x768.jpeg\" alt=\"\" width=\"720\" height=\"540\" srcset=\"https:\/\/student.unifr.ch\/lesapostrophes\/wp-content\/uploads\/2018\/05\/Image-2018-05-12-at-10.18.26-1024x768.jpeg 1024w, https:\/\/student.unifr.ch\/lesapostrophes\/wp-content\/uploads\/2018\/05\/Image-2018-05-12-at-10.18.26-150x113.jpeg 150w, https:\/\/student.unifr.ch\/lesapostrophes\/wp-content\/uploads\/2018\/05\/Image-2018-05-12-at-10.18.26-300x225.jpeg 300w, https:\/\/student.unifr.ch\/lesapostrophes\/wp-content\/uploads\/2018\/05\/Image-2018-05-12-at-10.18.26-768x576.jpeg 768w, https:\/\/student.unifr.ch\/lesapostrophes\/wp-content\/uploads\/2018\/05\/Image-2018-05-12-at-10.18.26-720x540.jpeg 720w, https:\/\/student.unifr.ch\/lesapostrophes\/wp-content\/uploads\/2018\/05\/Image-2018-05-12-at-10.18.26.jpeg 1600w\" sizes=\"(max-width: 720px) 100vw, 720px\" \/><\/p>\n<div id='gallery-1' class='gallery galleryid-243 gallery-columns-4 gallery-size-thumbnail'><figure class='gallery-item'>\n\t\t\t<div class='gallery-icon landscape'>\n\t\t\t\t<a href='https:\/\/student.unifr.ch\/lesapostrophes\/wp-content\/uploads\/2018\/05\/Image-2017-10-31-at-23.00.10.jpeg'><img width=\"150\" height=\"113\" src=\"https:\/\/student.unifr.ch\/lesapostrophes\/wp-content\/uploads\/2018\/05\/Image-2017-10-31-at-23.00.10-150x113.jpeg\" class=\"attachment-thumbnail size-thumbnail\" alt=\"\" loading=\"lazy\" srcset=\"https:\/\/student.unifr.ch\/lesapostrophes\/wp-content\/uploads\/2018\/05\/Image-2017-10-31-at-23.00.10-150x113.jpeg 150w, https:\/\/student.unifr.ch\/lesapostrophes\/wp-content\/uploads\/2018\/05\/Image-2017-10-31-at-23.00.10-300x225.jpeg 300w, https:\/\/student.unifr.ch\/lesapostrophes\/wp-content\/uploads\/2018\/05\/Image-2017-10-31-at-23.00.10-768x576.jpeg 768w, https:\/\/student.unifr.ch\/lesapostrophes\/wp-content\/uploads\/2018\/05\/Image-2017-10-31-at-23.00.10-1024x768.jpeg 1024w, https:\/\/student.unifr.ch\/lesapostrophes\/wp-content\/uploads\/2018\/05\/Image-2017-10-31-at-23.00.10-720x540.jpeg 720w, https:\/\/student.unifr.ch\/lesapostrophes\/wp-content\/uploads\/2018\/05\/Image-2017-10-31-at-23.00.10.jpeg 1600w\" sizes=\"(max-width: 150px) 100vw, 150px\" \/><\/a>\n\t\t\t<\/div><\/figure><figure class='gallery-item'>\n\t\t\t<div class='gallery-icon landscape'>\n\t\t\t\t<a href='https:\/\/student.unifr.ch\/lesapostrophes\/wp-content\/uploads\/2018\/05\/Image-2017-10-31-at-23.00.12.jpeg'><img width=\"150\" height=\"113\" src=\"https:\/\/student.unifr.ch\/lesapostrophes\/wp-content\/uploads\/2018\/05\/Image-2017-10-31-at-23.00.12-150x113.jpeg\" class=\"attachment-thumbnail size-thumbnail\" alt=\"\" loading=\"lazy\" srcset=\"https:\/\/student.unifr.ch\/lesapostrophes\/wp-content\/uploads\/2018\/05\/Image-2017-10-31-at-23.00.12-150x113.jpeg 150w, https:\/\/student.unifr.ch\/lesapostrophes\/wp-content\/uploads\/2018\/05\/Image-2017-10-31-at-23.00.12-300x225.jpeg 300w, https:\/\/student.unifr.ch\/lesapostrophes\/wp-content\/uploads\/2018\/05\/Image-2017-10-31-at-23.00.12-768x576.jpeg 768w, https:\/\/student.unifr.ch\/lesapostrophes\/wp-content\/uploads\/2018\/05\/Image-2017-10-31-at-23.00.12-1024x768.jpeg 1024w, https:\/\/student.unifr.ch\/lesapostrophes\/wp-content\/uploads\/2018\/05\/Image-2017-10-31-at-23.00.12-720x540.jpeg 720w, https:\/\/student.unifr.ch\/lesapostrophes\/wp-content\/uploads\/2018\/05\/Image-2017-10-31-at-23.00.12.jpeg 1600w\" sizes=\"(max-width: 150px) 100vw, 150px\" \/><\/a>\n\t\t\t<\/div><\/figure><figure class='gallery-item'>\n\t\t\t<div class='gallery-icon landscape'>\n\t\t\t\t<a href='https:\/\/student.unifr.ch\/lesapostrophes\/wp-content\/uploads\/2018\/05\/Image-2017-11-19-at-20.35.42-5.jpeg'><img width=\"150\" height=\"100\" src=\"https:\/\/student.unifr.ch\/lesapostrophes\/wp-content\/uploads\/2018\/05\/Image-2017-11-19-at-20.35.42-5-150x100.jpeg\" class=\"attachment-thumbnail size-thumbnail\" alt=\"\" loading=\"lazy\" srcset=\"https:\/\/student.unifr.ch\/lesapostrophes\/wp-content\/uploads\/2018\/05\/Image-2017-11-19-at-20.35.42-5-150x100.jpeg 150w, https:\/\/student.unifr.ch\/lesapostrophes\/wp-content\/uploads\/2018\/05\/Image-2017-11-19-at-20.35.42-5-300x200.jpeg 300w, https:\/\/student.unifr.ch\/lesapostrophes\/wp-content\/uploads\/2018\/05\/Image-2017-11-19-at-20.35.42-5-768x512.jpeg 768w, https:\/\/student.unifr.ch\/lesapostrophes\/wp-content\/uploads\/2018\/05\/Image-2017-11-19-at-20.35.42-5-1024x682.jpeg 1024w, https:\/\/student.unifr.ch\/lesapostrophes\/wp-content\/uploads\/2018\/05\/Image-2017-11-19-at-20.35.42-5-720x480.jpeg 720w, https:\/\/student.unifr.ch\/lesapostrophes\/wp-content\/uploads\/2018\/05\/Image-2017-11-19-at-20.35.42-5.jpeg 1600w\" sizes=\"(max-width: 150px) 100vw, 150px\" \/><\/a>\n\t\t\t<\/div><\/figure><figure class='gallery-item'>\n\t\t\t<div class='gallery-icon landscape'>\n\t\t\t\t<a href='https:\/\/student.unifr.ch\/lesapostrophes\/wp-content\/uploads\/2018\/05\/Image-2017-11-19-at-20.35.42-3.jpeg'><img width=\"150\" height=\"100\" src=\"https:\/\/student.unifr.ch\/lesapostrophes\/wp-content\/uploads\/2018\/05\/Image-2017-11-19-at-20.35.42-3-150x100.jpeg\" class=\"attachment-thumbnail size-thumbnail\" alt=\"\" loading=\"lazy\" srcset=\"https:\/\/student.unifr.ch\/lesapostrophes\/wp-content\/uploads\/2018\/05\/Image-2017-11-19-at-20.35.42-3-150x100.jpeg 150w, https:\/\/student.unifr.ch\/lesapostrophes\/wp-content\/uploads\/2018\/05\/Image-2017-11-19-at-20.35.42-3-300x200.jpeg 300w, https:\/\/student.unifr.ch\/lesapostrophes\/wp-content\/uploads\/2018\/05\/Image-2017-11-19-at-20.35.42-3-768x512.jpeg 768w, https:\/\/student.unifr.ch\/lesapostrophes\/wp-content\/uploads\/2018\/05\/Image-2017-11-19-at-20.35.42-3-1024x682.jpeg 1024w, https:\/\/student.unifr.ch\/lesapostrophes\/wp-content\/uploads\/2018\/05\/Image-2017-11-19-at-20.35.42-3-720x480.jpeg 720w, https:\/\/student.unifr.ch\/lesapostrophes\/wp-content\/uploads\/2018\/05\/Image-2017-11-19-at-20.35.42-3.jpeg 1600w\" sizes=\"(max-width: 150px) 100vw, 150px\" \/><\/a>\n\t\t\t<\/div><\/figure><figure class='gallery-item'>\n\t\t\t<div class='gallery-icon landscape'>\n\t\t\t\t<a href='https:\/\/student.unifr.ch\/lesapostrophes\/wp-content\/uploads\/2018\/05\/Image-2017-11-19-at-20.35.42-2.jpeg'><img width=\"150\" height=\"100\" src=\"https:\/\/student.unifr.ch\/lesapostrophes\/wp-content\/uploads\/2018\/05\/Image-2017-11-19-at-20.35.42-2-150x100.jpeg\" class=\"attachment-thumbnail size-thumbnail\" alt=\"\" loading=\"lazy\" srcset=\"https:\/\/student.unifr.ch\/lesapostrophes\/wp-content\/uploads\/2018\/05\/Image-2017-11-19-at-20.35.42-2-150x100.jpeg 150w, https:\/\/student.unifr.ch\/lesapostrophes\/wp-content\/uploads\/2018\/05\/Image-2017-11-19-at-20.35.42-2-300x200.jpeg 300w, https:\/\/student.unifr.ch\/lesapostrophes\/wp-content\/uploads\/2018\/05\/Image-2017-11-19-at-20.35.42-2-768x512.jpeg 768w, https:\/\/student.unifr.ch\/lesapostrophes\/wp-content\/uploads\/2018\/05\/Image-2017-11-19-at-20.35.42-2-1024x682.jpeg 1024w, https:\/\/student.unifr.ch\/lesapostrophes\/wp-content\/uploads\/2018\/05\/Image-2017-11-19-at-20.35.42-2-720x480.jpeg 720w, https:\/\/student.unifr.ch\/lesapostrophes\/wp-content\/uploads\/2018\/05\/Image-2017-11-19-at-20.35.42-2.jpeg 1600w\" sizes=\"(max-width: 150px) 100vw, 150px\" \/><\/a>\n\t\t\t<\/div><\/figure><figure class='gallery-item'>\n\t\t\t<div class='gallery-icon landscape'>\n\t\t\t\t<a href='https:\/\/student.unifr.ch\/lesapostrophes\/wp-content\/uploads\/2018\/05\/Image-2017-11-19-at-20.35.42.jpeg'><img width=\"150\" height=\"100\" src=\"https:\/\/student.unifr.ch\/lesapostrophes\/wp-content\/uploads\/2018\/05\/Image-2017-11-19-at-20.35.42-150x100.jpeg\" class=\"attachment-thumbnail size-thumbnail\" alt=\"\" loading=\"lazy\" srcset=\"https:\/\/student.unifr.ch\/lesapostrophes\/wp-content\/uploads\/2018\/05\/Image-2017-11-19-at-20.35.42-150x100.jpeg 150w, https:\/\/student.unifr.ch\/lesapostrophes\/wp-content\/uploads\/2018\/05\/Image-2017-11-19-at-20.35.42-300x200.jpeg 300w, https:\/\/student.unifr.ch\/lesapostrophes\/wp-content\/uploads\/2018\/05\/Image-2017-11-19-at-20.35.42-768x512.jpeg 768w, https:\/\/student.unifr.ch\/lesapostrophes\/wp-content\/uploads\/2018\/05\/Image-2017-11-19-at-20.35.42-1024x682.jpeg 1024w, https:\/\/student.unifr.ch\/lesapostrophes\/wp-content\/uploads\/2018\/05\/Image-2017-11-19-at-20.35.42-720x480.jpeg 720w, https:\/\/student.unifr.ch\/lesapostrophes\/wp-content\/uploads\/2018\/05\/Image-2017-11-19-at-20.35.42.jpeg 1600w\" sizes=\"(max-width: 150px) 100vw, 150px\" \/><\/a>\n\t\t\t<\/div><\/figure><figure class='gallery-item'>\n\t\t\t<div class='gallery-icon landscape'>\n\t\t\t\t<a href='https:\/\/student.unifr.ch\/lesapostrophes\/wp-content\/uploads\/2018\/05\/Image-2018-03-13-at-23.18.17.jpeg'><img width=\"150\" height=\"113\" src=\"https:\/\/student.unifr.ch\/lesapostrophes\/wp-content\/uploads\/2018\/05\/Image-2018-03-13-at-23.18.17-150x113.jpeg\" class=\"attachment-thumbnail size-thumbnail\" alt=\"\" loading=\"lazy\" srcset=\"https:\/\/student.unifr.ch\/lesapostrophes\/wp-content\/uploads\/2018\/05\/Image-2018-03-13-at-23.18.17-150x113.jpeg 150w, https:\/\/student.unifr.ch\/lesapostrophes\/wp-content\/uploads\/2018\/05\/Image-2018-03-13-at-23.18.17-300x225.jpeg 300w, https:\/\/student.unifr.ch\/lesapostrophes\/wp-content\/uploads\/2018\/05\/Image-2018-03-13-at-23.18.17-768x576.jpeg 768w, https:\/\/student.unifr.ch\/lesapostrophes\/wp-content\/uploads\/2018\/05\/Image-2018-03-13-at-23.18.17-1024x768.jpeg 1024w, https:\/\/student.unifr.ch\/lesapostrophes\/wp-content\/uploads\/2018\/05\/Image-2018-03-13-at-23.18.17-720x540.jpeg 720w, https:\/\/student.unifr.ch\/lesapostrophes\/wp-content\/uploads\/2018\/05\/Image-2018-03-13-at-23.18.17.jpeg 1600w\" sizes=\"(max-width: 150px) 100vw, 150px\" \/><\/a>\n\t\t\t<\/div><\/figure><figure class='gallery-item'>\n\t\t\t<div class='gallery-icon landscape'>\n\t\t\t\t<a href='https:\/\/student.unifr.ch\/lesapostrophes\/wp-content\/uploads\/2018\/05\/Image-2018-05-01-at-13.25.52.jpeg'><img width=\"150\" height=\"113\" src=\"https:\/\/student.unifr.ch\/lesapostrophes\/wp-content\/uploads\/2018\/05\/Image-2018-05-01-at-13.25.52-150x113.jpeg\" class=\"attachment-thumbnail size-thumbnail\" alt=\"\" loading=\"lazy\" srcset=\"https:\/\/student.unifr.ch\/lesapostrophes\/wp-content\/uploads\/2018\/05\/Image-2018-05-01-at-13.25.52-150x113.jpeg 150w, https:\/\/student.unifr.ch\/lesapostrophes\/wp-content\/uploads\/2018\/05\/Image-2018-05-01-at-13.25.52-300x225.jpeg 300w, https:\/\/student.unifr.ch\/lesapostrophes\/wp-content\/uploads\/2018\/05\/Image-2018-05-01-at-13.25.52-768x576.jpeg 768w, https:\/\/student.unifr.ch\/lesapostrophes\/wp-content\/uploads\/2018\/05\/Image-2018-05-01-at-13.25.52-1024x768.jpeg 1024w, https:\/\/student.unifr.ch\/lesapostrophes\/wp-content\/uploads\/2018\/05\/Image-2018-05-01-at-13.25.52-720x540.jpeg 720w, https:\/\/student.unifr.ch\/lesapostrophes\/wp-content\/uploads\/2018\/05\/Image-2018-05-01-at-13.25.52.jpeg 1600w\" sizes=\"(max-width: 150px) 100vw, 150px\" \/><\/a>\n\t\t\t<\/div><\/figure><figure class='gallery-item'>\n\t\t\t<div class='gallery-icon landscape'>\n\t\t\t\t<a href='https:\/\/student.unifr.ch\/lesapostrophes\/wp-content\/uploads\/2018\/05\/IMG_8922.jpg'><img width=\"150\" height=\"113\" src=\"https:\/\/student.unifr.ch\/lesapostrophes\/wp-content\/uploads\/2018\/05\/IMG_8922-150x113.jpg\" class=\"attachment-thumbnail size-thumbnail\" alt=\"\" loading=\"lazy\" srcset=\"https:\/\/student.unifr.ch\/lesapostrophes\/wp-content\/uploads\/2018\/05\/IMG_8922-150x113.jpg 150w, https:\/\/student.unifr.ch\/lesapostrophes\/wp-content\/uploads\/2018\/05\/IMG_8922-300x225.jpg 300w, https:\/\/student.unifr.ch\/lesapostrophes\/wp-content\/uploads\/2018\/05\/IMG_8922-768x576.jpg 768w, https:\/\/student.unifr.ch\/lesapostrophes\/wp-content\/uploads\/2018\/05\/IMG_8922-1024x768.jpg 1024w, https:\/\/student.unifr.ch\/lesapostrophes\/wp-content\/uploads\/2018\/05\/IMG_8922-720x540.jpg 720w\" sizes=\"(max-width: 150px) 100vw, 150px\" \/><\/a>\n\t\t\t<\/div><\/figure><figure class='gallery-item'>\n\t\t\t<div class='gallery-icon landscape'>\n\t\t\t\t<a href='https:\/\/student.unifr.ch\/lesapostrophes\/wp-content\/uploads\/2018\/05\/Image-2018-05-04-at-21.25.32.jpeg'><img width=\"150\" height=\"113\" src=\"https:\/\/student.unifr.ch\/lesapostrophes\/wp-content\/uploads\/2018\/05\/Image-2018-05-04-at-21.25.32-150x113.jpeg\" class=\"attachment-thumbnail size-thumbnail\" alt=\"\" loading=\"lazy\" srcset=\"https:\/\/student.unifr.ch\/lesapostrophes\/wp-content\/uploads\/2018\/05\/Image-2018-05-04-at-21.25.32-150x113.jpeg 150w, https:\/\/student.unifr.ch\/lesapostrophes\/wp-content\/uploads\/2018\/05\/Image-2018-05-04-at-21.25.32-300x225.jpeg 300w, https:\/\/student.unifr.ch\/lesapostrophes\/wp-content\/uploads\/2018\/05\/Image-2018-05-04-at-21.25.32-768x576.jpeg 768w, https:\/\/student.unifr.ch\/lesapostrophes\/wp-content\/uploads\/2018\/05\/Image-2018-05-04-at-21.25.32-1024x768.jpeg 1024w, https:\/\/student.unifr.ch\/lesapostrophes\/wp-content\/uploads\/2018\/05\/Image-2018-05-04-at-21.25.32-720x540.jpeg 720w, https:\/\/student.unifr.ch\/lesapostrophes\/wp-content\/uploads\/2018\/05\/Image-2018-05-04-at-21.25.32.jpeg 1600w\" sizes=\"(max-width: 150px) 100vw, 150px\" \/><\/a>\n\t\t\t<\/div><\/figure><figure class='gallery-item'>\n\t\t\t<div class='gallery-icon landscape'>\n\t\t\t\t<a href='https:\/\/student.unifr.ch\/lesapostrophes\/wp-content\/uploads\/2018\/05\/IMG_9008.jpg'><img width=\"150\" height=\"84\" src=\"https:\/\/student.unifr.ch\/lesapostrophes\/wp-content\/uploads\/2018\/05\/IMG_9008-150x84.jpg\" class=\"attachment-thumbnail size-thumbnail\" alt=\"\" loading=\"lazy\" srcset=\"https:\/\/student.unifr.ch\/lesapostrophes\/wp-content\/uploads\/2018\/05\/IMG_9008-150x84.jpg 150w, https:\/\/student.unifr.ch\/lesapostrophes\/wp-content\/uploads\/2018\/05\/IMG_9008-300x169.jpg 300w, https:\/\/student.unifr.ch\/lesapostrophes\/wp-content\/uploads\/2018\/05\/IMG_9008-768x432.jpg 768w, https:\/\/student.unifr.ch\/lesapostrophes\/wp-content\/uploads\/2018\/05\/IMG_9008-1024x576.jpg 1024w, https:\/\/student.unifr.ch\/lesapostrophes\/wp-content\/uploads\/2018\/05\/IMG_9008-720x405.jpg 720w, https:\/\/student.unifr.ch\/lesapostrophes\/wp-content\/uploads\/2018\/05\/IMG_9008.jpg 1600w\" sizes=\"(max-width: 150px) 100vw, 150px\" \/><\/a>\n\t\t\t<\/div><\/figure><figure class='gallery-item'>\n\t\t\t<div class='gallery-icon landscape'>\n\t\t\t\t<a href='https:\/\/student.unifr.ch\/lesapostrophes\/wp-content\/uploads\/2018\/05\/IMG_9014.jpg'><img width=\"150\" height=\"84\" src=\"https:\/\/student.unifr.ch\/lesapostrophes\/wp-content\/uploads\/2018\/05\/IMG_9014-150x84.jpg\" class=\"attachment-thumbnail size-thumbnail\" alt=\"\" loading=\"lazy\" srcset=\"https:\/\/student.unifr.ch\/lesapostrophes\/wp-content\/uploads\/2018\/05\/IMG_9014-150x84.jpg 150w, https:\/\/student.unifr.ch\/lesapostrophes\/wp-content\/uploads\/2018\/05\/IMG_9014-300x169.jpg 300w, https:\/\/student.unifr.ch\/lesapostrophes\/wp-content\/uploads\/2018\/05\/IMG_9014-768x432.jpg 768w, https:\/\/student.unifr.ch\/lesapostrophes\/wp-content\/uploads\/2018\/05\/IMG_9014-1024x576.jpg 1024w, https:\/\/student.unifr.ch\/lesapostrophes\/wp-content\/uploads\/2018\/05\/IMG_9014-720x405.jpg 720w\" sizes=\"(max-width: 150px) 100vw, 150px\" \/><\/a>\n\t\t\t<\/div><\/figure><figure class='gallery-item'>\n\t\t\t<div class='gallery-icon landscape'>\n\t\t\t\t<a href='https:\/\/student.unifr.ch\/lesapostrophes\/wp-content\/uploads\/2018\/05\/Image-2018-05-12-at-10.18.26.jpeg'><img width=\"150\" height=\"113\" src=\"https:\/\/student.unifr.ch\/lesapostrophes\/wp-content\/uploads\/2018\/05\/Image-2018-05-12-at-10.18.26-150x113.jpeg\" class=\"attachment-thumbnail size-thumbnail\" alt=\"\" loading=\"lazy\" srcset=\"https:\/\/student.unifr.ch\/lesapostrophes\/wp-content\/uploads\/2018\/05\/Image-2018-05-12-at-10.18.26-150x113.jpeg 150w, https:\/\/student.unifr.ch\/lesapostrophes\/wp-content\/uploads\/2018\/05\/Image-2018-05-12-at-10.18.26-300x225.jpeg 300w, https:\/\/student.unifr.ch\/lesapostrophes\/wp-content\/uploads\/2018\/05\/Image-2018-05-12-at-10.18.26-768x576.jpeg 768w, https:\/\/student.unifr.ch\/lesapostrophes\/wp-content\/uploads\/2018\/05\/Image-2018-05-12-at-10.18.26-1024x768.jpeg 1024w, https:\/\/student.unifr.ch\/lesapostrophes\/wp-content\/uploads\/2018\/05\/Image-2018-05-12-at-10.18.26-720x540.jpeg 720w, https:\/\/student.unifr.ch\/lesapostrophes\/wp-content\/uploads\/2018\/05\/Image-2018-05-12-at-10.18.26.jpeg 1600w\" sizes=\"(max-width: 150px) 100vw, 150px\" \/><\/a>\n\t\t\t<\/div><\/figure>\n\t\t<\/div>\n\n<h2>Remerciements<\/h2>\n<p><strong>Daniel Girod<\/strong> pour la mise en sc\u00e8ne<br \/>\n<strong><a href=\"http:\/\/www.agef.ch\">AGEF<\/a><\/strong> pour le financement<br \/>\n<a href=\"http:\/\/www.unifr.ch\"><strong>Universit\u00e9 de Fribourg<\/strong><\/a> pour la mise \u00e0 disposition de la salle de r\u00e9p\u00e9tition<br \/>\n<a href=\"https:\/\/www.workingshare.ch\"><strong>Vibration Workingshare<\/strong><\/a> pour la salle de spectacle<br \/>\n<a href=\"https:\/\/www.moevenpick-wein.com\/fr\/celliers\/moevenpick-cellier-fribourg.html\"><strong>M\u00f6venpick Cellier Fribourg<\/strong><\/a> pour la collaboration pour les vins<br \/>\n<strong>Damian Vogel<\/strong> pour la technique, la conception lumineuse et la r\u00e9gie<br \/>\n&#8230;et tous les <strong>nombreux b\u00e9n\u00e9voles<\/strong> qui accueillent les spectateurs \u00e0 la billetterie et au bar!<\/p>\n","protected":false},"excerpt":{"rendered":"<p>de Jean-Michel Ribes \u00ab La guide : Non, Paul Gauguin. Le groupe de touriste (en choeur) : PA-O\u00d4OL G\u00c2O-G\u00c2-IN. La guide : Non, Paul Gauguin. Le groupe de touriste (en choeur) : PO\u00dbAL GOU-RIN. La guide : Non, Paul Gauguin. Le groupe de touriste (en choeur) : PIPOUL GOU-DIN. La guide : Non. \u00bb Du<\/p>\n<p><a class=\"more-link\" href=\"https:\/\/student.unifr.ch\/lesapostrophes\/historique\/musee-haut-musee-bas\/\">Continue reading <span class=\"screen-reader-text\">Mus\u00e9e Haut, Mus\u00e9e bas<\/span><\/a><\/p>\n","protected":false},"author":1,"featured_media":0,"parent":213,"menu_order":0,"comment_status":"closed","ping_status":"closed","template":"","meta":[],"_links":{"self":[{"href":"https:\/\/student.unifr.ch\/lesapostrophes\/wp-json\/wp\/v2\/pages\/243"}],"collection":[{"href":"https:\/\/student.unifr.ch\/lesapostrophes\/wp-json\/wp\/v2\/pages"}],"about":[{"href":"https:\/\/student.unifr.ch\/lesapostrophes\/wp-json\/wp\/v2\/types\/page"}],"author":[{"embeddable":true,"href":"https:\/\/student.unifr.ch\/lesapostrophes\/wp-json\/wp\/v2\/users\/1"}],"replies":[{"embeddable":true,"href":"https:\/\/student.unifr.ch\/lesapostrophes\/wp-json\/wp\/v2\/comments?post=243"}],"version-history":[{"count":24,"href":"https:\/\/student.unifr.ch\/lesapostrophes\/wp-json\/wp\/v2\/pages\/243\/revisions"}],"predecessor-version":[{"id":394,"href":"https:\/\/student.unifr.ch\/lesapostrophes\/wp-json\/wp\/v2\/pages\/243\/revisions\/394"}],"up":[{"embeddable":true,"href":"https:\/\/student.unifr.ch\/lesapostrophes\/wp-json\/wp\/v2\/pages\/213"}],"wp:attachment":[{"href":"https:\/\/student.unifr.ch\/lesapostrophes\/wp-json\/wp\/v2\/media?parent=243"}],"curies":[{"name":"wp","href":"https:\/\/api.w.org\/{rel}","templated":true}]}}