{"id":31,"date":"2017-03-20T15:40:25","date_gmt":"2017-03-20T14:40:25","guid":{"rendered":"http:\/\/student.unifr.ch\/lesapostrophes\/?page_id=31"},"modified":"2019-09-18T18:32:01","modified_gmt":"2019-09-18T16:32:01","slug":"la-guerre-de-troie-naura-pas-lieu","status":"publish","type":"page","link":"https:\/\/student.unifr.ch\/lesapostrophes\/historique\/la-guerre-de-troie-naura-pas-lieu\/","title":{"rendered":"La Guerre de Troie n&rsquo;aura pas lieu"},"content":{"rendered":"<p style=\"text-align: left;\"><em>de\u00a0Jean Giraudoux<\/em><\/p>\n<p style=\"text-align: left;\"><img loading=\"lazy\" class=\"wp-image-92 size-full aligncenter\" src=\"http:\/\/student.unifr.ch\/lesapostrophes\/wp-content\/uploads\/2017\/03\/Affiche-La-Guerre.jpg\" alt=\"\" width=\"498\" height=\"700\" srcset=\"https:\/\/student.unifr.ch\/lesapostrophes\/wp-content\/uploads\/2017\/03\/Affiche-La-Guerre.jpg 498w, https:\/\/student.unifr.ch\/lesapostrophes\/wp-content\/uploads\/2017\/03\/Affiche-La-Guerre-213x300.jpg 213w\" sizes=\"(max-width: 498px) 100vw, 498px\" \/><\/p>\n<p style=\"text-align: center;\"><strong>\u00ab\u00a0<em>Hector<\/em>\u00a0\u200b: Et vous\u00a0voulez\u00a0la guerre?<\/strong><br \/>\n<strong><em> Ulysse<\/em>\u00a0: Je ne la veux pas. Mais je suis moins s\u00fbr de ses intentions \u00e0 elle.\u00bb<\/strong><\/p>\n<p>P\u00e2ris ram\u00e8ne H\u00e9l\u00e8ne \u00e0 Troie. La Beaut\u00e9 incarn\u00e9e, que tous ne souhaitent pas voir repartir, au risque de voir la Guerre se d\u00e9clarer.\u00a0Hector va-t-il pouvoir lutter contre le destin et permettre \u00e0 la Paix de s&rsquo;installer et aux Portes de la Guerre de rester ferm\u00e9es?<\/p>\n<p>C&rsquo;est dans les ann\u00e9es folles que la troupe des Apostrophes transpose les personnages mythologiques d&rsquo;Hom\u00e8re et joue\u00a0<i>La guerre de Troie n&rsquo;aura pas lieu<\/i>\u00a0de Jean Giraudoux, dont les mots semblent r\u00e9sonner avec notre monde actuel.<\/p>\n<p>Un texte aussi dr\u00f4le que tragique, o\u00f9 les r\u00e9f\u00e9rences mythologiques en cachent de plus contemporaines et o\u00f9 les h\u00e9ros antiques prennent un tout autre visage.<\/p>\n<h2>Repr\u00e9sentations<\/h2>\n<table style=\"margin-left: 30px; width: 180px; table-layout: auto;\" border=\"0\" cellspacing=\"0\" cellpadding=\"0\">\n<tbody>\n<tr>\n<td>Me<\/td>\n<td>3 mai \u00a0 \u00e0 \u00a0 20h<\/td>\n<\/tr>\n<tr>\n<td>Je<\/td>\n<td>4 mai \u00a0 \u00e0 \u00a0 20h<\/td>\n<\/tr>\n<tr>\n<td width=\"35\">Ve<\/td>\n<td>5 mai \u00a0 \u00e0 \u00a0 20h<\/td>\n<\/tr>\n<tr>\n<td>Sa<\/td>\n<td>6 mai \u00a0 \u00e0 \u00a0 20h<\/td>\n<\/tr>\n<tr>\n<td>Di<\/td>\n<td>7 mai \u00a0 \u00e0 \u00a0 15h<\/td>\n<\/tr>\n<tr>\n<td>Di<\/td>\n<td>7 mai \u00a0 \u00e0 \u00a0 19h<\/td>\n<\/tr>\n<\/tbody>\n<\/table>\n<h5>Billeterie<\/h5>\n<p>Les entr\u00e9es sont libres, un chapeau sera mis \u00e0 disposition \u00e0 la fin.<\/p>\n<p>Il est fortement recommand\u00e9 de r\u00e9server vos places. <!-- Merci d'utiliser notre plateforme de r\u00e9servation en cliquant sur le lien suivant: \u00a0<a href=\"http:\/\/lesapostrophes.webatu.com\/00.reservations.php\" onclick=\"window.open(this.href, 'reservations','left=50,top=50,width=650,height=800,toolbar=1,resizable=0'); return false;\">outil de reservation.<\/a> --><\/p>\n<h5>La Localit\u00e9<\/h5>\n<p><iframe loading=\"lazy\" style=\"border: 0;\" src=\"https:\/\/www.google.com\/maps\/embed?pb=!1m18!1m12!1m3!1d10924.633803198125!2d7.146047694416158!3d46.801184604737166!2m3!1f0!2f0!3f0!3m2!1i1024!2i768!4f13.1!3m3!1m2!1s0x478e68d64f30da0b%3A0x1182efcf4d6b5e45!2sLe+Bilboquet!5e0!3m2!1sen!2sus!4v1491944599709\" width=\"600\" height=\"350\" frameborder=\"0\" allowfullscreen=\"allowfullscreen\"><\/iframe><\/p>\n<h2>Mot sur l\u2019auteur<\/h2>\n<p>N\u00e9 en 1882 \u00e0 Bellac, dans le Limousin, Jean Giraudoux est un \u00e9crivain et diplomate fran\u00e7ais. Il est consid\u00e9r\u00e9 comme l\u2019un des plus grands dramaturges de la sc\u00e8ne fran\u00e7aise de la p\u00e9riode de l\u2019entre-deux-guerres. Comme un bon nombre de ses contemporains, il participe \u00e0 la r\u00e9\u00e9criture des mythes antiques, en y ajoutant une vision d\u00e9finitivement plus moderne, influenc\u00e9e des philosophies contemporaines.<\/p>\n<p>Sa plume est le r\u00e9sultat d\u2019un parfait m\u00e9lange d\u2019\u00e9l\u00e9gance et de finesse, frisant parfois la po\u00e9sie. Elle est d\u00e9finitivement recherch\u00e9e et travaill\u00e9e. Ce go\u00fbt pour le travail se retrouve dans ses diff\u00e9rents textes, qui allient avec brio fantaisie po\u00e9tique, images insolites et marient \u00e9galement le tragique au l\u00e9ger.<\/p>\n<p>Ayant \u00e9t\u00e9 soldat durant la Premi\u00e8re Guerre mondiale, Jean Giraudoux a v\u00e9cu les d\u00e9g\u00e2ts que la guerre apporte et cela a fait de lui un fervent d\u00e9fenseur de la Paix\u00a0; th\u00e9matique qu\u2019il n\u2019h\u00e9site pas \u00e0 amener dans ses \u0153uvres, dont <i>La guerre de Troie n\u2019aura pas lieu<\/i>.<\/p>\n<h2>Distribution<\/h2>\n<p>Hector\u00a0: S\u00e9bastien<br \/>\nAndromaque\u00a0: Ira<br \/>\nH\u00e9l\u00e8ne\u00a0: Catherine<br \/>\nP\u00e2ris\u00a0: Daniel<br \/>\nCassandre\u00a0: Lorraine et Sandrine<br \/>\nPriam\u00a0: Simon<br \/>\nH\u00e9cube\u00a0: Diane<br \/>\nDemokos\u00a0: R\u00e9no<br \/>\nUlysse\u00a0: Benjamin<br \/>\nLa petite Polyx\u00e8ne\u00a0: Giuliana<br \/>\nLa Paix\u00a0: Justine<br \/>\nIris\u00a0: Justine<br \/>\nAjax\u00a0: Martin<br \/>\nBusiris\u00a0: Justine<br \/>\nLe G\u00e9om\u00e8tre\u00a0: M\u00e9lanie<br \/>\nAbn\u00e9os\u00a0: Nina<br \/>\nLe Gabier\u00a0: Avril<br \/>\nOlipid\u00e8s\u00a0: In\u00e8s<br \/>\nUn autre marin\u00a0: Micha\u00ebl<br \/>\nLes vieillards\u00a0: Martin et Micha\u00ebl<br \/>\nLes servantes\u00a0: Avril et In\u00e8s<br \/>\nLes muses\u00a0: Jillian et M\u00e9lanie<\/p>\n<h2>Remerciements<\/h2>\n<p><strong>Jonathan Monnet<\/strong> pour la mise en sc\u00e8ne<br \/>\n<strong>AGEF<\/strong> pour le financement<br \/>\n<strong>Universit\u00e9 de Fribourg<\/strong> pour la mise \u00e0 disposition de la salle de r\u00e9p\u00e9tition<br \/>\n<strong>Caf\u00e9-th\u00e9\u00e2tre Le Bilboquet<\/strong> pour la mise \u00e0 disposition de la salle de repr\u00e9sentations<br \/>\n<strong>Gabriele D\u2019amico<\/strong> pour l\u2019affiche et le nouveau logo<br \/>\n<strong>Damian Vogel<\/strong> pour la conception lumineuse et la r\u00e9gie<br \/>\n<strong>Charlotte Curchod<\/strong> pour l&rsquo;assistance de la r\u00e9gie<br \/>\nEt tous les <strong>nombreuses b\u00e9n\u00e9voles<\/strong> qui ont accueilli les spectateurs \u00e0 la billetterie et au bar!<\/p>\n","protected":false},"excerpt":{"rendered":"<p>de\u00a0Jean Giraudoux \u00ab\u00a0Hector\u00a0\u200b: Et vous\u00a0voulez\u00a0la guerre? Ulysse\u00a0: Je ne la veux pas. Mais je suis moins s\u00fbr de ses intentions \u00e0 elle.\u00bb P\u00e2ris ram\u00e8ne H\u00e9l\u00e8ne \u00e0 Troie. La Beaut\u00e9 incarn\u00e9e, que tous ne souhaitent pas voir repartir, au risque de voir la Guerre se d\u00e9clarer.\u00a0Hector va-t-il pouvoir lutter contre le destin et permettre \u00e0 la<\/p>\n<p><a class=\"more-link\" href=\"https:\/\/student.unifr.ch\/lesapostrophes\/historique\/la-guerre-de-troie-naura-pas-lieu\/\">Continue reading <span class=\"screen-reader-text\">La Guerre de Troie n&rsquo;aura pas lieu<\/span><\/a><\/p>\n","protected":false},"author":1,"featured_media":0,"parent":213,"menu_order":0,"comment_status":"closed","ping_status":"closed","template":"","meta":[],"_links":{"self":[{"href":"https:\/\/student.unifr.ch\/lesapostrophes\/wp-json\/wp\/v2\/pages\/31"}],"collection":[{"href":"https:\/\/student.unifr.ch\/lesapostrophes\/wp-json\/wp\/v2\/pages"}],"about":[{"href":"https:\/\/student.unifr.ch\/lesapostrophes\/wp-json\/wp\/v2\/types\/page"}],"author":[{"embeddable":true,"href":"https:\/\/student.unifr.ch\/lesapostrophes\/wp-json\/wp\/v2\/users\/1"}],"replies":[{"embeddable":true,"href":"https:\/\/student.unifr.ch\/lesapostrophes\/wp-json\/wp\/v2\/comments?post=31"}],"version-history":[{"count":44,"href":"https:\/\/student.unifr.ch\/lesapostrophes\/wp-json\/wp\/v2\/pages\/31\/revisions"}],"predecessor-version":[{"id":215,"href":"https:\/\/student.unifr.ch\/lesapostrophes\/wp-json\/wp\/v2\/pages\/31\/revisions\/215"}],"up":[{"embeddable":true,"href":"https:\/\/student.unifr.ch\/lesapostrophes\/wp-json\/wp\/v2\/pages\/213"}],"wp:attachment":[{"href":"https:\/\/student.unifr.ch\/lesapostrophes\/wp-json\/wp\/v2\/media?parent=31"}],"curies":[{"name":"wp","href":"https:\/\/api.w.org\/{rel}","templated":true}]}}