{"id":359,"date":"2019-03-29T19:18:32","date_gmt":"2019-03-29T18:18:32","guid":{"rendered":"http:\/\/student.unifr.ch\/lesapostrophes\/?page_id=359"},"modified":"2021-01-12T16:12:44","modified_gmt":"2021-01-12T15:12:44","slug":"kaamelot","status":"publish","type":"page","link":"https:\/\/student.unifr.ch\/lesapostrophes\/historique\/kaamelot\/","title":{"rendered":"Kaamelott"},"content":{"rendered":"<p><em>d&rsquo;Alexandre Astier, adapt\u00e9 par Micha\u00ebl Gay des Combes<\/em><\/p>\n<p><img loading=\"lazy\" class=\"wp-image-384 aligncenter\" src=\"http:\/\/student.unifr.ch\/lesapostrophes\/wp-content\/uploads\/2019\/04\/Affiche-th\u00e9\u00e2tre-Kaamelott_A3-212x300.jpg\" alt=\"\" width=\"434\" height=\"614\" srcset=\"https:\/\/student.unifr.ch\/lesapostrophes\/wp-content\/uploads\/2019\/04\/Affiche-th\u00e9\u00e2tre-Kaamelott_A3-212x300.jpg 212w, https:\/\/student.unifr.ch\/lesapostrophes\/wp-content\/uploads\/2019\/04\/Affiche-th\u00e9\u00e2tre-Kaamelott_A3-106x150.jpg 106w, https:\/\/student.unifr.ch\/lesapostrophes\/wp-content\/uploads\/2019\/04\/Affiche-th\u00e9\u00e2tre-Kaamelott_A3-768x1086.jpg 768w, https:\/\/student.unifr.ch\/lesapostrophes\/wp-content\/uploads\/2019\/04\/Affiche-th\u00e9\u00e2tre-Kaamelott_A3-724x1024.jpg 724w, https:\/\/student.unifr.ch\/lesapostrophes\/wp-content\/uploads\/2019\/04\/Affiche-th\u00e9\u00e2tre-Kaamelott_A3-720x1018.jpg 720w\" sizes=\"(max-width: 434px) 100vw, 434px\" \/><\/p>\n<p>&nbsp;<\/p>\n<h2>La pi\u00e8ce<\/h2>\n<p>Drame \u00e0 l&rsquo;allure de com\u00e9die facile, les spectatrices et spectateurs seront entra\u00een\u00e9s \u00e0 l&rsquo;\u00e9poque du roi Arthur, en compagnie de chevaliers pour qui la qu\u00eate du Graal est secondaire. Entre intrigues de palais et techniques de combat farfelues, le public rira de la table ronde et pleurera pour celui que les dieux ont \u00e9lu. Il s&rsquo;agit l\u00e0 d&rsquo;un dessein ambitieux pour Les Apostrophes qui allieront ch\u0153ur, musique, combat d&rsquo;\u00e9p\u00e9es et th\u00e9\u00e2tre. Huit mois de r\u00e9p\u00e9titions, d\u2019ateliers et de formations permettront \u00e0 la troupe de pr\u00e9senter une adaptation de la s\u00e9rie <em>Kaamelott<\/em> d&rsquo;Alexandre Astier\u00a0au th\u00e9\u00e2tre du Bilboquet \u00e0 Fribourg.<\/p>\n<h2>Repr\u00e9sentations<\/h2>\n<table style=\"margin-left: 30px; width: 220px; table-layout: auto;\" border=\"0\" cellspacing=\"0\" cellpadding=\"0\">\n<tbody>\n<tr>\n<td>Me<\/td>\n<td>1 mai \u00a0 \u00e0\u00a0 \u00a020h<\/td>\n<\/tr>\n<tr>\n<td>Je<\/td>\n<td>2 mai \u00a0 \u00e0\u00a0 \u00a020h<\/td>\n<\/tr>\n<tr>\n<td>Ve<\/td>\n<td>3 mai \u00a0 \u00e0\u00a0 \u00a020h<\/td>\n<\/tr>\n<tr>\n<td>Sa<\/td>\n<td>4 mai \u00a0 \u00e0\u00a0 \u00a020h<\/td>\n<\/tr>\n<tr>\n<td>Di<\/td>\n<td>5 mai \u00a0 \u00e0 \u00a0 17h30<\/td>\n<\/tr>\n<\/tbody>\n<\/table>\n<h5>Billeterie<\/h5>\n<p>Les entr\u00e9es sont libres, un chapeau sera mis \u00e0 disposition \u00e0 la fin.<\/p>\n<p>Il est fortement recommand\u00e9 de r\u00e9server vos places <a href=\"http:\/\/lesapostrophes.webatu.com\/00.reservations.php\">ici<\/a>. <!-- Merci d'utiliser notre plateforme de r\u00e9servation en cliquant sur le lien suivant: <a href=\"http:\/\/lesapostrophes.webatu.com\/00.reservations.php\" onclick=\"window.open(this.href, 'reservations','left=50,top=50,width=650,height=850,toolbar=1,resizable=0'); return false;\">outil de reservation.<\/a> --><\/p>\n<h5>La Salle<\/h5>\n<h5><iframe loading=\"lazy\" style=\"border: 0;\" src=\"https:\/\/www.google.com\/maps\/embed?pb=!1m18!1m12!1m3!1d10924.633803198125!2d7.146047694416158!3d46.801184604737166!2m3!1f0!2f0!3f0!3m2!1i1024!2i768!4f13.1!3m3!1m2!1s0x478e68d64f30da0b%3A0x1182efcf4d6b5e45!2sLe+Bilboquet!5e0!3m2!1sen!2sus!4v1491944599709\" width=\"600\" height=\"350\" frameborder=\"0\" allowfullscreen=\"allowfullscreen\"><\/iframe><\/h5>\n<h2><\/h2>\n<h2>Distribution<\/h2>\n<p>Arthur : Gr\u00e9goire<br \/>\nLancelot : Pierre<br \/>\nGueni\u00e8vre : Justine B.<br \/>\nLancelot : Maude<br \/>\nKaradoc : Marie-Bertrande<br \/>\nBohort : Lionel<br \/>\nKetchatar et M\u00e9l\u00e9agant : Laura<br \/>\nHerv\u00e9 de Rinel et la Voyante : Diane<br \/>\nHoel : Claire<br \/>\nCalogrenant : Laure<br \/>\nL\u00e9odagan : Thibaud<br \/>\nGoustan : Arnault<br \/>\nDame S\u00e9li : Marjolaine<br \/>\nMerlin et Dame Ygerne : Alice<br \/>\n<span style=\"font-size: 1rem;\">Manillius : Salom\u00e9<br \/>\n<\/span>P\u00e8re Blaise : Jillian<br \/>\nLoth : Jany<br \/>\nGalessin : Florence<br \/>\nVennec et Yvain : Luca<br \/>\nM\u00e9vanwi : Justine L.<br \/>\nDame Cryda : Alexiane<br \/>\nDame du Lac : Tiffany<br \/>\n\u00c9lias de Kelliwic&rsquo;h : Marion<br \/>\nGauvain : Ruben<br \/>\nGuethenoc et Roparzh : Martin et\u00a0Micha\u00ebl<\/p>\n<ul>\n<li><a href=\"https:\/\/soundcloud.com\/unimixfr\/unimix-interview-les-apostrophes-et-kaamelott-au-teatre-070419-luca-sandrine\">passage \u00e0 Radio Fribourg<\/a><\/li>\n<\/ul>\n<div id='gallery-1' class='gallery galleryid-359 gallery-columns-3 gallery-size-medium'><figure class='gallery-item'>\n\t\t\t<div class='gallery-icon landscape'>\n\t\t\t\t<a href='https:\/\/student.unifr.ch\/lesapostrophes\/projet-2019\/2019-04-30_15h55-12-kaamelott\/'><img width=\"300\" height=\"200\" src=\"https:\/\/student.unifr.ch\/lesapostrophes\/wp-content\/uploads\/2019\/09\/2019-04-30_15h55-12-Kaamelott-300x200.jpg\" class=\"attachment-medium size-medium\" alt=\"\" loading=\"lazy\" aria-describedby=\"gallery-1-428\" srcset=\"https:\/\/student.unifr.ch\/lesapostrophes\/wp-content\/uploads\/2019\/09\/2019-04-30_15h55-12-Kaamelott-300x200.jpg 300w, https:\/\/student.unifr.ch\/lesapostrophes\/wp-content\/uploads\/2019\/09\/2019-04-30_15h55-12-Kaamelott-150x100.jpg 150w, https:\/\/student.unifr.ch\/lesapostrophes\/wp-content\/uploads\/2019\/09\/2019-04-30_15h55-12-Kaamelott-768x512.jpg 768w, https:\/\/student.unifr.ch\/lesapostrophes\/wp-content\/uploads\/2019\/09\/2019-04-30_15h55-12-Kaamelott-720x480.jpg 720w\" sizes=\"(max-width: 300px) 100vw, 300px\" \/><\/a>\n\t\t\t<\/div>\n\t\t\t\t<figcaption class='wp-caption-text gallery-caption' id='gallery-1-428'>\n\t\t\t\tLe ch\u0153ur\n\t\t\t\t<\/figcaption><\/figure><figure class='gallery-item'>\n\t\t\t<div class='gallery-icon landscape'>\n\t\t\t\t<a href='https:\/\/student.unifr.ch\/lesapostrophes\/2019-04-30_16h07-38-kaamelott\/'><img width=\"300\" height=\"200\" src=\"https:\/\/student.unifr.ch\/lesapostrophes\/wp-content\/uploads\/2019\/09\/2019-04-30_16h07-38-Kaamelott-300x200.jpg\" class=\"attachment-medium size-medium\" alt=\"\" loading=\"lazy\" aria-describedby=\"gallery-1-429\" srcset=\"https:\/\/student.unifr.ch\/lesapostrophes\/wp-content\/uploads\/2019\/09\/2019-04-30_16h07-38-Kaamelott-300x200.jpg 300w, https:\/\/student.unifr.ch\/lesapostrophes\/wp-content\/uploads\/2019\/09\/2019-04-30_16h07-38-Kaamelott-150x100.jpg 150w, https:\/\/student.unifr.ch\/lesapostrophes\/wp-content\/uploads\/2019\/09\/2019-04-30_16h07-38-Kaamelott-768x512.jpg 768w, https:\/\/student.unifr.ch\/lesapostrophes\/wp-content\/uploads\/2019\/09\/2019-04-30_16h07-38-Kaamelott-720x480.jpg 720w\" sizes=\"(max-width: 300px) 100vw, 300px\" \/><\/a>\n\t\t\t<\/div>\n\t\t\t\t<figcaption class='wp-caption-text gallery-caption' id='gallery-1-429'>\n\t\t\t\tLes chefs de clan\n\t\t\t\t<\/figcaption><\/figure><figure class='gallery-item'>\n\t\t\t<div class='gallery-icon landscape'>\n\t\t\t\t<a href='https:\/\/student.unifr.ch\/lesapostrophes\/2019-04-30_17h22-03-kaamelott\/'><img width=\"300\" height=\"200\" src=\"https:\/\/student.unifr.ch\/lesapostrophes\/wp-content\/uploads\/2019\/09\/2019-04-30_17h22-03-Kaamelott-300x200.jpg\" class=\"attachment-medium size-medium\" alt=\"\" loading=\"lazy\" aria-describedby=\"gallery-1-430\" srcset=\"https:\/\/student.unifr.ch\/lesapostrophes\/wp-content\/uploads\/2019\/09\/2019-04-30_17h22-03-Kaamelott-300x200.jpg 300w, https:\/\/student.unifr.ch\/lesapostrophes\/wp-content\/uploads\/2019\/09\/2019-04-30_17h22-03-Kaamelott-150x100.jpg 150w, https:\/\/student.unifr.ch\/lesapostrophes\/wp-content\/uploads\/2019\/09\/2019-04-30_17h22-03-Kaamelott-768x512.jpg 768w, https:\/\/student.unifr.ch\/lesapostrophes\/wp-content\/uploads\/2019\/09\/2019-04-30_17h22-03-Kaamelott-720x480.jpg 720w\" sizes=\"(max-width: 300px) 100vw, 300px\" \/><\/a>\n\t\t\t<\/div>\n\t\t\t\t<figcaption class='wp-caption-text gallery-caption' id='gallery-1-430'>\n\t\t\t\tArthur et Perceval\n\t\t\t\t<\/figcaption><\/figure>\n\t\t<\/div>\n\n","protected":false},"excerpt":{"rendered":"<p>d&rsquo;Alexandre Astier, adapt\u00e9 par Micha\u00ebl Gay des Combes &nbsp; La pi\u00e8ce Drame \u00e0 l&rsquo;allure de com\u00e9die facile, les spectatrices et spectateurs seront entra\u00een\u00e9s \u00e0 l&rsquo;\u00e9poque du roi Arthur, en compagnie de chevaliers pour qui la qu\u00eate du Graal est secondaire. Entre intrigues de palais et techniques de combat farfelues, le public rira de la table<\/p>\n<p><a class=\"more-link\" href=\"https:\/\/student.unifr.ch\/lesapostrophes\/historique\/kaamelot\/\">Continue reading <span class=\"screen-reader-text\">Kaamelott<\/span><\/a><\/p>\n","protected":false},"author":1,"featured_media":0,"parent":213,"menu_order":0,"comment_status":"closed","ping_status":"closed","template":"","meta":[],"_links":{"self":[{"href":"https:\/\/student.unifr.ch\/lesapostrophes\/wp-json\/wp\/v2\/pages\/359"}],"collection":[{"href":"https:\/\/student.unifr.ch\/lesapostrophes\/wp-json\/wp\/v2\/pages"}],"about":[{"href":"https:\/\/student.unifr.ch\/lesapostrophes\/wp-json\/wp\/v2\/types\/page"}],"author":[{"embeddable":true,"href":"https:\/\/student.unifr.ch\/lesapostrophes\/wp-json\/wp\/v2\/users\/1"}],"replies":[{"embeddable":true,"href":"https:\/\/student.unifr.ch\/lesapostrophes\/wp-json\/wp\/v2\/comments?post=359"}],"version-history":[{"count":17,"href":"https:\/\/student.unifr.ch\/lesapostrophes\/wp-json\/wp\/v2\/pages\/359\/revisions"}],"predecessor-version":[{"id":898,"href":"https:\/\/student.unifr.ch\/lesapostrophes\/wp-json\/wp\/v2\/pages\/359\/revisions\/898"}],"up":[{"embeddable":true,"href":"https:\/\/student.unifr.ch\/lesapostrophes\/wp-json\/wp\/v2\/pages\/213"}],"wp:attachment":[{"href":"https:\/\/student.unifr.ch\/lesapostrophes\/wp-json\/wp\/v2\/media?parent=359"}],"curies":[{"name":"wp","href":"https:\/\/api.w.org\/{rel}","templated":true}]}}