{"id":497,"date":"2020-11-11T09:30:03","date_gmt":"2020-11-11T08:30:03","guid":{"rendered":"https:\/\/student.unifr.ch\/lesapostrophes\/?page_id=497"},"modified":"2025-05-01T14:51:52","modified_gmt":"2025-05-01T12:51:52","slug":"projet-2021","status":"publish","type":"page","link":"https:\/\/student.unifr.ch\/lesapostrophes\/","title":{"rendered":"Accueil"},"content":{"rendered":"\n<p>En 2025, les Apostrophes joueront leur spectacle du 6 au 9 novembre 2025 au th\u00e9\u00e2tre du Bilboquet \u00e0 Fribourg !<\/p>\n\n\n\n<p>La metteuse en sc\u00e8ne Garance Naegele vous proposera sa vision de la pi\u00e8ce de <em>La r\u00e9sistible ascension d&rsquo;Arturo Ui <\/em>de Bertolt Brecht.<\/p>\n\n\n\n<p><\/p>\n\n\n\n<p>Comme vous m\u00e9ritez bien deux spectacles pour le prix d&rsquo;un, 7 com\u00e9dien\u00b7nes pr\u00e9senteront un projet annexe mis en sc\u00e8ne par Mathilde F\u00e9raud pour son travail de master : <em>Les Contents ou la r\u00e9p\u00e9tition<\/em>. Elle a d\u00e9j\u00e0 mis en sc\u00e8ne les Apostrophes sur <em>La machine infernale<\/em> et <em>Ivanov<\/em>, respectivement en 2022 et 2023. <\/p>\n\n\n\n<p>Ce second projet sera jou\u00e9 \u00e0 l&rsquo;espace Pertuis du 16 au 19 octobre 2025. <\/p>\n\n\n\n<p><\/p>\n\n\n\n<p>Des informations arriveront dans le courant de l&rsquo;\u00e9t\u00e9, nous avons h\u00e2te de vous pr\u00e9senter ces deux projets hauts en couleur !<\/p>\n\n\n\n<p><\/p>\n\n\n\n<p><strong>Soutiens<\/strong><\/p>\n\n\n\n<div class=\"wp-block-image\"><figure class=\"aligncenter size-full is-resized\"><img loading=\"lazy\" src=\"https:\/\/student.unifr.ch\/lesapostrophes\/wp-content\/uploads\/2023\/05\/Logo-mauve-1.png\" alt=\"\" class=\"wp-image-857\" width=\"192\" height=\"88\" srcset=\"https:\/\/student.unifr.ch\/lesapostrophes\/wp-content\/uploads\/2023\/05\/Logo-mauve-1.png 1696w, https:\/\/student.unifr.ch\/lesapostrophes\/wp-content\/uploads\/2023\/05\/Logo-mauve-1-300x136.png 300w, https:\/\/student.unifr.ch\/lesapostrophes\/wp-content\/uploads\/2023\/05\/Logo-mauve-1-150x68.png 150w, https:\/\/student.unifr.ch\/lesapostrophes\/wp-content\/uploads\/2023\/05\/Logo-mauve-1-768x347.png 768w, https:\/\/student.unifr.ch\/lesapostrophes\/wp-content\/uploads\/2023\/05\/Logo-mauve-1-1536x695.png 1536w, https:\/\/student.unifr.ch\/lesapostrophes\/wp-content\/uploads\/2023\/05\/Logo-mauve-1-720x326.png 720w\" sizes=\"(max-width: 192px) 100vw, 192px\" \/><\/figure><\/div>\n\n\n\n<p class=\"has-text-align-center\">Les Apostrophes sont soutenus par l&rsquo;<a href=\"https:\/\/www3.unifr.ch\/agef\/fr\/\">AGEF<\/a>, l&rsquo;Association g\u00e9n\u00e9rale des \u00e9tudiant\u00b7e\u00b7s de l&rsquo;Universit\u00e9 de Fribourg<\/p>\n\n\n\n<p><\/p>\n\n\n\n<div class=\"wp-block-image\"><figure class=\"aligncenter size-full is-resized\"><a href=\"http:\/\/www.bengirard.ch\/\"><img loading=\"lazy\" src=\"https:\/\/student.unifr.ch\/lesapostrophes\/wp-content\/uploads\/2022\/10\/Logo_Vaudoise_Assurances-2.png\" alt=\"\" class=\"wp-image-781\" width=\"139\" height=\"44\" srcset=\"https:\/\/student.unifr.ch\/lesapostrophes\/wp-content\/uploads\/2022\/10\/Logo_Vaudoise_Assurances-2.png 642w, https:\/\/student.unifr.ch\/lesapostrophes\/wp-content\/uploads\/2022\/10\/Logo_Vaudoise_Assurances-2-300x95.png 300w, https:\/\/student.unifr.ch\/lesapostrophes\/wp-content\/uploads\/2022\/10\/Logo_Vaudoise_Assurances-2-150x48.png 150w\" sizes=\"(max-width: 139px) 100vw, 139px\" \/><\/a><\/figure><\/div>\n\n\n\n<p class=\"has-text-align-center\" style=\"font-size:14px\">Les Apostrophes sont \u00e9galement soutenus par la Vaudoise Assurance Fribourg<\/p>\n","protected":false},"excerpt":{"rendered":"<p>En 2025, les Apostrophes joueront leur spectacle du 6 au 9 novembre 2025 au th\u00e9\u00e2tre du Bilboquet \u00e0 Fribourg ! La metteuse en sc\u00e8ne Garance Naegele vous proposera sa vision de la pi\u00e8ce de La r\u00e9sistible ascension d&rsquo;Arturo Ui de Bertolt Brecht. Comme vous m\u00e9ritez bien deux spectacles pour le prix d&rsquo;un, 7 com\u00e9dien\u00b7nes pr\u00e9senteront<\/p>\n<p><a class=\"more-link\" href=\"https:\/\/student.unifr.ch\/lesapostrophes\/\">Continue reading <span class=\"screen-reader-text\">Accueil<\/span><\/a><\/p>\n","protected":false},"author":1,"featured_media":0,"parent":0,"menu_order":0,"comment_status":"closed","ping_status":"closed","template":"","meta":[],"_links":{"self":[{"href":"https:\/\/student.unifr.ch\/lesapostrophes\/wp-json\/wp\/v2\/pages\/497"}],"collection":[{"href":"https:\/\/student.unifr.ch\/lesapostrophes\/wp-json\/wp\/v2\/pages"}],"about":[{"href":"https:\/\/student.unifr.ch\/lesapostrophes\/wp-json\/wp\/v2\/types\/page"}],"author":[{"embeddable":true,"href":"https:\/\/student.unifr.ch\/lesapostrophes\/wp-json\/wp\/v2\/users\/1"}],"replies":[{"embeddable":true,"href":"https:\/\/student.unifr.ch\/lesapostrophes\/wp-json\/wp\/v2\/comments?post=497"}],"version-history":[{"count":101,"href":"https:\/\/student.unifr.ch\/lesapostrophes\/wp-json\/wp\/v2\/pages\/497\/revisions"}],"predecessor-version":[{"id":1448,"href":"https:\/\/student.unifr.ch\/lesapostrophes\/wp-json\/wp\/v2\/pages\/497\/revisions\/1448"}],"wp:attachment":[{"href":"https:\/\/student.unifr.ch\/lesapostrophes\/wp-json\/wp\/v2\/media?parent=497"}],"curies":[{"name":"wp","href":"https:\/\/api.w.org\/{rel}","templated":true}]}}