{"id":693,"date":"2022-05-05T12:19:13","date_gmt":"2022-05-05T10:19:13","guid":{"rendered":"http:\/\/student.unifr.ch\/lesapostrophes\/?page_id=693"},"modified":"2024-09-08T14:56:33","modified_gmt":"2024-09-08T12:56:33","slug":"presse-ils-parlent-de-nous","status":"publish","type":"page","link":"https:\/\/student.unifr.ch\/lesapostrophes\/presse-ils-parlent-de-nous\/","title":{"rendered":"Dossier presse &#038; Archives"},"content":{"rendered":"<h2>Infos presse<\/h2>\n<h2>Ils parlent de nous !<\/h2>\n<b>Protoh\u00e9riss\u00e9 (BP:Unabomber) \/ Fribourg War Z<\/b>\n\n<a href=\"https:\/\/soundcloud.com\/unimixfr\/unimix-theatre-les-apostrophes-font-leur-show-en-mai-sarah\">Unimix<\/a> &#8211; 05.2024\n\nSpectrum &#8211; 05.2024 (liens \u00e0 venir)\n\n<strong>\u00ab Entr\u00e9e Public ! \u00bb<\/strong>\n\n<a href=\"https:\/\/www.laliberte.ch\/news\/culture\/theatre-danse\/un-festival-de-theatre-amateur-pour-les-20ans-des-apostrophes-709443\">La Libert\u00e9<\/a> &#8211; 15.11.2023\n\n<a href=\"https:\/\/www.unifr.ch\/alma-georges\/articles\/2023\/20-ans-lage-de-deraison?fbclid=PAAaaPw7kWKw3v89iv6NWYKEUuhiHbWqXoV_Ts94UenC68Ko7HXzaj0EGIKjE_aem_AaUzJD0Jhj7MEFgibhq-s8BhUUGRT00dyb-RQAYOdw14VQ_3Bc8T_BB7NByBsWxCvl4\">Alma&amp;Georges<\/a> &#8211; 08.11.2023\n\n<a href=\"https:\/\/www.laliberte.ch\/info-regionale\/theatre\/le-nouveau-festival-entree-public-investira-en-novembre-divers-bars-et-salles-de-fribourg-706857\">La Libert\u00e9<\/a> &#8211; 23.10.2023\n\n<a href=\"https:\/\/www.radiofr.ch\/fribourg\/podcasts\/26758\">Radio Fribourg<\/a> &#8211; 17.11.2023\n\n<strong>Ivanov -2023<\/strong>\n\n<a href=\"https:\/\/m.soundcloud.com\/unimixfr\/emission140523?utm_source=mobi&amp;utm_campaign=social_sharing&amp;fbclid=PAAaYwIdRsXknoUINynw-NJdJvSX6Zca_sqXlXMQA8nThAthyq0ficUR1kJUs_aem_AaXlWk9ryKzqU9q18ph1pk3G5ySYV60Wo0xNRNybGbe_6F6ZZdmjcego2qIqsTP5vWE\">Unimix<\/a> &#8211; 14.05.2023\n\n<strong>Small Talk &#8211; 2022<\/strong>\n<span class=\"\"><a href=\"https:\/\/soundcloud.com\/unimixfr\/unimix-acr-small-talk-par-les-apostrophes-010522-clem?fbclid=IwAR3rlka33tWmSLI-OAM30Vs8MM4s5vmAM9sXSrHta5n3xlioARNVirgpKlA\">Unimix<\/a>\u00a0&#8211; 01.05.2022<\/span>\n<span class=\"\"><a href=\"https:\/\/student.unifr.ch\/spectrum\/2022\/05\/a-la-decouverte-des-apostrophes\/\">Spectrum<\/a> &#8211; 02.05.2022<\/span>\n<span class=\"\"><a href=\"https:\/\/www.instagram.com\/tv\/Cdv12gjDNCq\/?igshid=YmMyMTA2M2Y=\">Unicam<\/a> &#8211; 19.05.2022\n<a href=\"https:\/\/www.rhonefm.ch\/player\/podcasts\/decouvertes-culturelles-51?fbclid=IwAR0bA5ynTh4bOUQdaOGPO7Hy4YtK0gUVkTlIKNtyQf6qEPKHqHfLirHvTzM\">Rh\u00f4neFM<\/a> &#8211; 04.09.2022\n<a href=\"https:\/\/www.facebook.com\/photo?fbid=469014768574413&amp;set=a.455892996553257\">Nouvelliste<\/a> &#8211; 16.09.2022<\/span>\n\n<strong>La Machine Infernale &#8211; 2021<\/strong>\n<a href=\"https:\/\/soundcloud.com\/unimixfr\/unimix-theatre-la-machine-infernale-par-les-apostrophes-17102021-albertine-chappuis?in=unimixfr\/sets\/unimix-au-theatre\">Unimix<\/a> &#8211; 17.10.2021\n<a href=\"https:\/\/www.laliberte.ch\/news\/regions\/les-apostrophes-de-retour-sur-scene-622750\">La Libert\u00e9<\/a>\u00a0(R\u00e9gions) &#8211; 22.10.2021\nRadio Fribourg &#8211; octobre 2021 (lien indisponible)\n\n<strong>Le traitement, de Martin Crimp &#8211; 2010<\/strong>\n<a href=\"https:\/\/www.laliberte.ch\/news\/magazine\/les-apostrophes-en-scene-209484\">La Libert\u00e9<\/a>\u00a0(Magazine)\n\n<strong>C\u00e9l\u00e9bration \/ La Chambre, de Harold Pinter &#8211; 2009<\/strong>\n<a href=\"https:\/\/www.laliberte.ch\/news\/magazine\/les-apostrophes-montent-deux-pinter-noirs-114893\">La Libert\u00e9<\/a>\u00a0(Magazine)\n\n<strong>Il faut que le Sycomore coule, de Jean-Michel Ribes &#8211; 2008<\/strong>\n<a href=\"https:\/\/www.laliberte.ch\/news\/regions\/les-apostrophes-jouent-ribes-220414\">La Libert\u00e9<\/a>\u00a0(Magazine)\n\n<strong>Rhinoc\u00e9ros, de Eug\u00e8ne Ionesco &#8211; 2007<\/strong>\n<a href=\"https:\/\/www.laliberte.ch\/news\/regions\/mise-en-scene-de-rhinoceros-149161\">La Libert\u00e9<\/a>\u00a0(Magazine) &#8211; mise en sc\u00e8ne\n<a href=\"https:\/\/www.laliberte.ch\/news\/magazine\/rhinoceros-un-defi-pachydermique-pour-la-troupe-les-apostrophes-186705\">La Libert\u00e9<\/a>\u00a0(Magazine) &#8211; impression sur ce d\u00e9fi\n\n<strong>Soutiens<\/strong>\n\n<strong><img loading=\"lazy\" class=\"wp-image-857 aligncenter\" src=\"https:\/\/student.unifr.ch\/lesapostrophes\/wp-content\/uploads\/2023\/05\/Logo-mauve-1.png\" alt=\"\" width=\"183\" height=\"83\" srcset=\"https:\/\/student.unifr.ch\/lesapostrophes\/wp-content\/uploads\/2023\/05\/Logo-mauve-1.png 1696w, https:\/\/student.unifr.ch\/lesapostrophes\/wp-content\/uploads\/2023\/05\/Logo-mauve-1-300x136.png 300w, https:\/\/student.unifr.ch\/lesapostrophes\/wp-content\/uploads\/2023\/05\/Logo-mauve-1-150x68.png 150w, https:\/\/student.unifr.ch\/lesapostrophes\/wp-content\/uploads\/2023\/05\/Logo-mauve-1-768x347.png 768w, https:\/\/student.unifr.ch\/lesapostrophes\/wp-content\/uploads\/2023\/05\/Logo-mauve-1-1536x695.png 1536w, https:\/\/student.unifr.ch\/lesapostrophes\/wp-content\/uploads\/2023\/05\/Logo-mauve-1-720x326.png 720w\" sizes=\"(max-width: 183px) 100vw, 183px\" \/><\/strong>\n<p style=\"text-align: center;\"><span style=\"font-size: revert; text-align: center; color: initial;\">Les Apostrophes sont soutenus par l&rsquo;<\/span><a style=\"font-size: revert; text-align: center;\" href=\"https:\/\/www3.unifr.ch\/agef\/fr\/\">AGEF<\/a><span style=\"font-size: revert; text-align: center; color: initial;\">, l&rsquo;Association g\u00e9n\u00e9rale des \u00e9tudiant\u00b7e\u00b7s de l&rsquo;Universit\u00e9 de Fribourg<\/span><\/p>\n\n\n<!-- \/wp:image -->\n\n<!-- wp:image {\"align\":\"center\",\"id\":781,\"width\":227,\"height\":72,\"sizeSlug\":\"full\",\"linkDestination\":\"custom\"} -->\n\n<img loading=\"lazy\" class=\"wp-image-781 aligncenter\" src=\"https:\/\/student.unifr.ch\/lesapostrophes\/wp-content\/uploads\/2022\/10\/Logo_Vaudoise_Assurances-2.png\" alt=\"\" width=\"161\" height=\"51\" srcset=\"https:\/\/student.unifr.ch\/lesapostrophes\/wp-content\/uploads\/2022\/10\/Logo_Vaudoise_Assurances-2.png 642w, https:\/\/student.unifr.ch\/lesapostrophes\/wp-content\/uploads\/2022\/10\/Logo_Vaudoise_Assurances-2-300x95.png 300w, https:\/\/student.unifr.ch\/lesapostrophes\/wp-content\/uploads\/2022\/10\/Logo_Vaudoise_Assurances-2-150x48.png 150w\" sizes=\"(max-width: 161px) 100vw, 161px\" \/>\n\n<!-- wp:paragraph {\"align\":\"center\"} -->\n<p class=\"has-text-align-center\">Les Apostrophes sont \u00e9galement soutenus par la Vaudoise Assurance Fribourg<\/p>\n<!-- \/wp:paragraph -->\n\n<!-- wp:paragraph -->\n\n<!-- \/wp:paragraph -->\n\n<!-- wp:paragraph -->\n\n<!-- \/wp:paragraph -->","protected":false},"excerpt":{"rendered":"<p>Infos presse Ils parlent de nous ! Protoh\u00e9riss\u00e9 (BP:Unabomber) \/ Fribourg War Z Unimix &#8211; 05.2024 Spectrum &#8211; 05.2024 (liens \u00e0 venir) \u00ab Entr\u00e9e Public ! \u00bb La Libert\u00e9 &#8211; 15.11.2023 Alma&amp;Georges &#8211; 08.11.2023 La Libert\u00e9 &#8211; 23.10.2023 Radio Fribourg &#8211; 17.11.2023 Ivanov -2023 Unimix &#8211; 14.05.2023 Small Talk &#8211; 2022 Unimix\u00a0&#8211; 01.05.2022 Spectrum &#8211;<\/p>\n<p><a class=\"more-link\" href=\"https:\/\/student.unifr.ch\/lesapostrophes\/presse-ils-parlent-de-nous\/\">Continue reading <span class=\"screen-reader-text\">Dossier presse &#038; Archives<\/span><\/a><\/p>\n","protected":false},"author":12,"featured_media":0,"parent":0,"menu_order":0,"comment_status":"closed","ping_status":"closed","template":"","meta":[],"_links":{"self":[{"href":"https:\/\/student.unifr.ch\/lesapostrophes\/wp-json\/wp\/v2\/pages\/693"}],"collection":[{"href":"https:\/\/student.unifr.ch\/lesapostrophes\/wp-json\/wp\/v2\/pages"}],"about":[{"href":"https:\/\/student.unifr.ch\/lesapostrophes\/wp-json\/wp\/v2\/types\/page"}],"author":[{"embeddable":true,"href":"https:\/\/student.unifr.ch\/lesapostrophes\/wp-json\/wp\/v2\/users\/12"}],"replies":[{"embeddable":true,"href":"https:\/\/student.unifr.ch\/lesapostrophes\/wp-json\/wp\/v2\/comments?post=693"}],"version-history":[{"count":31,"href":"https:\/\/student.unifr.ch\/lesapostrophes\/wp-json\/wp\/v2\/pages\/693\/revisions"}],"predecessor-version":[{"id":1207,"href":"https:\/\/student.unifr.ch\/lesapostrophes\/wp-json\/wp\/v2\/pages\/693\/revisions\/1207"}],"wp:attachment":[{"href":"https:\/\/student.unifr.ch\/lesapostrophes\/wp-json\/wp\/v2\/media?parent=693"}],"curies":[{"name":"wp","href":"https:\/\/api.w.org\/{rel}","templated":true}]}}