{"id":5864,"date":"2014-09-13T14:40:23","date_gmt":"2014-09-13T14:40:23","guid":{"rendered":"https:\/\/student.unifr.ch\/spectrum\/?page_id=5864\/"},"modified":"2023-05-23T14:18:32","modified_gmt":"2023-05-23T12:18:32","slug":"about","status":"publish","type":"page","link":"https:\/\/student.unifr.ch\/spectrum\/de\/about\/","title":{"rendered":"\u00dcber uns"},"content":{"rendered":"<div style=\"padding-left: 10%; padding-right: 10%; padding-top: 5%;\">\n<h1><strong>Spectrum \u2013 Magazine des \u00e9tudiants de l\u2019Universit\u00e9 de Fribourg<\/strong><\/h1>\n<p class=\"dropcap dropcap-borders\">Spectrum! Das offizielle Studentenmagazin der Universit\u00e4t Freiburg &#8211; und das seit 1958. Unser zweisprachiges Magazin geh\u00f6rt somit zu den \u00e4ltesten Studienmedien der Schweiz. Von Chefredaktion, Verwaltung, Marketing, Ressortleitung bis hin zu Redaktion, Fotografie, Layout und Illustration: Es sind ausschliesslich Studierende der Universit\u00e4t Freiburg, die das Magazin f\u00fchren, planen, vermarkten und Ausgabe f\u00fcr Ausgabe mit interessanten, unterhaltsamen und kreativen Inhalten f\u00fcllen.<\/p>\n<p>Aber lassen wir doch die Zahlen f\u00fcr sich sprechen:<\/p>\n<ul>\n<li>Spectrum gibt es seit \u00fcber 60 Jahren<\/li>\n<li>Die Auflage liegt momentan bei 1500 Exemplaren<\/li>\n<li>In unserer zweisprachigen Redaktion sitzen 12 Leute<\/li>\n<li>Dazu kommen zahlreiche Journalistinnen und Journalisten<\/li>\n<\/ul>\n<\/div>\n<div class=\"pdf24Plugin-cp\"> \t<form name=\"pdf24Form0\" method=\"post\" action=\"https:\/\/doc2pdf.pdf24.org\/wordpress.php\" target=\"pdf24PopWin\" onsubmit=\"var pdf24Win = window.open('about:blank', 'pdf24PopWin', 'resizable=yes,scrollbars=yes,width=600,height=250,left='+(screen.width\/2-300)+',top='+(screen.height\/3-125)+''); pdf24Win.focus(); if(typeof pdf24OnCreatePDF === 'function'){void(pdf24OnCreatePDF(this,pdf24Win));}\"> \t\t<input type=\"hidden\" name=\"blogCharset\" value=\"Cw1x07UAAA==\" \/><input type=\"hidden\" name=\"blogPosts\" value=\"MwQA\" \/><input type=\"hidden\" name=\"blogUrl\" value=\"yygpKSi20tcvLilNSc0r0SvNy0wr0kvO0C8uSE0uKSrN1U9J1QcA\" \/><input type=\"hidden\" name=\"blogName\" value=\"Cy5ITS4pKs0FAA==\" \/><input type=\"hidden\" name=\"blogValueEncoding\" value=\"gzdeflate base64\" \/><input type=\"hidden\" name=\"blogDocHeader\" value=\"AwA=\" \/><input type=\"hidden\" name=\"blogDocSize\" value=\"MzI0qDCyNAcA\" \/><input type=\"hidden\" name=\"blogDocOrientation\" value=\"K8gvKilKzCwBAA==\" \/><input type=\"hidden\" name=\"blogDocStyle\" value=\"AwA=\" \/><input type=\"hidden\" name=\"blogDocFilename\" value=\"AwA=\" \/><input type=\"hidden\" name=\"postId_0\" value=\"M7UwMwEA\" \/><input type=\"hidden\" name=\"postTitle_0\" value=\"OzwnKbVIoTSvGAA=\" \/><input type=\"hidden\" name=\"postLink_0\" value=\"BcHBEQAQDATAjtxfN0QMD2GSS\/92F\/miAsEcaixpe3qRhXgq9DwYitZvEh8=\" \/><input type=\"hidden\" name=\"postAuthor_0\" value=\"Czq8MiUxuSQzP08hPDUJAA==\" \/><input type=\"hidden\" name=\"postDateTime_0\" value=\"MzIwNNE1sNQ1NFYwNLEysLQyMgYA\" \/><input type=\"hidden\" name=\"postContent_0\" value=\"dVOxTtxAEO35islFpDq4MxIROcxJKIAEIg0oFOnW9tge3XrX2l1DuIp\/SEVPww+kors\/4Uvy1hguQUpje2fnzXtvZpwWck0+3Go+GLWqKMRUW5rLMKNkurlPryEnVf0+Fmw7o93N\/dF8I62TeeqDs6aaX7acB9c19Hz3i76pSi3FMBXsafUYukKUCR5H0s9399+NXLPzElaPMXTiJLOdq9LJUCudoPBG2lKulfcHo8LZNlctDe+tzLoC+NEb6Qc6Up5sWcpSWGumS1CyCWyaFyWgcbSmfQggZclASp8+7u0kyT51pqACVTxLoOTL7t42AB6w5Q2Lb53Ka6lgZ\/BGFder3y6Qtw0Ayw4UhlYPOrAHb69AwM\/x2dNf5jUqLbfpyhr6WnPpuFCLINaM6YrdjdKhM9UYBG7BQeLnBXtvXdCQhCvKxFMNapBdrLEnNtjKqVJ4TOfq1nah93KqdYd+qpg0o2MYE0RV531ea0FhLXk9yHRsCv5\/j8aEnL45r+bL1VMN0JharUx8A9RAd3QeyQ87X6mMY557O8Q+CYbiQK7icMbIxbGGc6+aAbpwDM3XOJ2aeMM9G4ZqttNJG9difphBaVwN3N2Io8LCSZT4Q9X6Jd\/BLoKYG+c1m9kLtNN4aFkvayVZIB6GvnqKdT9P6UxFc+kEmX36EUofdqVWFfZXuArUWMgNylDGQsnudErHP7lBM\/7BnUZHWKH3S2TW44PMsEQg2aFz7gL\/Raow5oVtYl+W8IVZwAmd4U8xSovHhpihZevYG\/uktzrBbz7f+AM=\" \/> \t\t<a href=\"https:\/\/www.pdf24.org\" target=\"_blank\" title=\"www.pdf24.org\" rel=\"nofollow\"><img src=\"https:\/\/student.unifr.ch\/spectrum\/de\/\/wp-content\/plugins\/pdf24-post-to-pdf\/img\/pdf_32x32.png\" alt=\"\" border=\"0\" height=\"32\" \/><\/a> \t\t<span class=\"pdf24Plugin-cp-space\">&nbsp;&nbsp;<\/span> \t\t<span class=\"pdf24Plugin-cp-text\">Envoyer l'article en PDF<\/span> \t\t<span class=\"pdf24Plugin-cp-space\">&nbsp;&nbsp;<\/span> \t\t<input class=\"pdf24Plugin-cp-input\" style=\"margin: 0px;\" type=\"text\" name=\"sendEmailTo\" placeholder=\"Entrez l'adresse e-mail\" \/> \t\t<input class=\"pdf24Plugin-cp-submit\" style=\"margin: 0px;\" type=\"submit\" value=\"Envoyer\" \/> \t<\/form> <\/div>","protected":false},"excerpt":{"rendered":"<div class=\"post-excerpt\">Spectrum \u2013 Magazine des \u00e9tudiants de l\u2019Universit\u00e9 de Fribourg Spectrum! Das offizielle Studentenmagazin der Universit\u00e4t Freiburg &#8211; und das seit 1958. Unser zweisprachiges Magazin&hellip;<\/div>\n","protected":false},"author":15,"featured_media":10394,"parent":0,"menu_order":0,"comment_status":"closed","ping_status":"open","template":"","meta":{"_exactmetrics_skip_tracking":false,"_exactmetrics_sitenote_active":false,"_exactmetrics_sitenote_note":"","_exactmetrics_sitenote_category":0,"footnotes":""},"_links":{"self":[{"href":"https:\/\/student.unifr.ch\/spectrum\/de\/wp-json\/wp\/v2\/pages\/5864"}],"collection":[{"href":"https:\/\/student.unifr.ch\/spectrum\/de\/wp-json\/wp\/v2\/pages"}],"about":[{"href":"https:\/\/student.unifr.ch\/spectrum\/de\/wp-json\/wp\/v2\/types\/page"}],"author":[{"embeddable":true,"href":"https:\/\/student.unifr.ch\/spectrum\/de\/wp-json\/wp\/v2\/users\/15"}],"replies":[{"embeddable":true,"href":"https:\/\/student.unifr.ch\/spectrum\/de\/wp-json\/wp\/v2\/comments?post=5864"}],"version-history":[{"count":11,"href":"https:\/\/student.unifr.ch\/spectrum\/de\/wp-json\/wp\/v2\/pages\/5864\/revisions"}],"predecessor-version":[{"id":15016,"href":"https:\/\/student.unifr.ch\/spectrum\/de\/wp-json\/wp\/v2\/pages\/5864\/revisions\/15016"}],"wp:featuredmedia":[{"embeddable":true,"href":"https:\/\/student.unifr.ch\/spectrum\/de\/wp-json\/wp\/v2\/media\/10394"}],"wp:attachment":[{"href":"https:\/\/student.unifr.ch\/spectrum\/de\/wp-json\/wp\/v2\/media?parent=5864"}],"curies":[{"name":"wp","href":"https:\/\/api.w.org\/{rel}","templated":true}]}}