{"id":5876,"date":"2014-09-13T14:22:48","date_gmt":"2014-09-13T14:22:48","guid":{"rendered":"https:\/\/student.unifr.ch\/spectrum\/?page_id=5876\/"},"modified":"2025-03-10T12:04:03","modified_gmt":"2025-03-10T11:04:03","slug":"jobs","status":"publish","type":"page","link":"https:\/\/student.unifr.ch\/spectrum\/de\/jobs\/","title":{"rendered":"Jobs"},"content":{"rendered":"<p>&nbsp;<\/p>\n<h1><\/h1>\n<h1><\/h1>\n<h1><\/h1>\n<h1><\/h1>\n<h1>Werde Teil unseres Teams!<\/h1>\n<p>&nbsp;<\/p>\n<h3>Spectrum sucht auf das Herbstsemester 2023 neue Mitglieder!<\/h3>\n<p>&nbsp;<\/p>\n<p><a href=\"https:\/\/webapps.unifr.ch\/job\/public\/index.php?id=3e3fae18b8c5c164362442ffa986958991c872df\">Administrateur, Responsable des Finances \/ Verantwortliche*n Finanzen, Administration<\/a><\/p>\n<p><a href=\"https:\/\/webapps.unifr.ch\/job\/public\/index.php?id=7405eb1e8b4126d785e964a063f0666abe3c5e74\">Responsable Marketing\u00a0\/ Verantwortliche*n Marketing<\/a><\/p>\n<p><a href=\"https:\/\/webapps.unifr.ch\/job\/public\/index.php?id=ad18388bdd0cabf0f6fa8203b7a14b87169d1126\">Responsable Ev\u00e8nementiel \/ Event Manager<\/a><\/p>\n<p><a href=\"https:\/\/webapps.unifr.ch\/job\/public\/index.php?id=84fa3b7c1c5a0de1615b165518fe4d80daf5808c\">Responsable\u00a0Unipolitique Francophone<\/a><\/p>\n<p><a href=\"https:\/\/webapps.unifr.ch\/job\/public\/index.php?id=9f87d7daf1343ae271c5d9a5c937f10b419d25e1\">Responsable Culture Francophone<\/a><\/p>\n<p>&nbsp;<\/p>\n<p>&nbsp;<\/p>\n<p>Bei Fragen oder Unsicherheiten, kannst du uns gerne per E-Mail kontaktieren: <a href=\"mailto:spectrum@unifr.ch\">spectrum@unifr.ch<\/a><\/p>\n<p>&nbsp;<\/p>\n<h3>Ob Illustrator*in, Journalist*in, Fotograf*in, Was-auch-immer*in: Wir suchen dich!<\/h3>\n<p>Neue Mitglieder*innen sind bei uns immer herzlich willkommen. Melde dich einfach via Kontaktformular und du erh\u00e4ltst alle n\u00f6tigen Informationen von uns.<\/p>\n<p>Das Spectrum erscheint 3 Mal im Semester. Das deutschsprachige Redaktionsteam trifft sich ca. 6 Mal im Semester. W\u00e4hrend unseren Treffen planen wir die n\u00e4chste Ausgabe, vergeben die Texte f\u00fcr Print &amp; Web und schauen uns die letzte Ausgabe nochmals an (Blattkritik).<\/p>\n<p>Im Team herrscht eine lockere, famili\u00e4re Atmosph\u00e4re. Du kannst gerne auch zuerst in eine Redaktionssitzung reinschauen, bevor du dich zum Mitmachen entscheidest.<\/p>\n<p>Wir freuen uns auf dich!<\/p>\n\n<div class=\"wpcf7 no-js\" id=\"wpcf7-f6643-o1\" lang=\"fr-FR\" dir=\"ltr\">\n<div class=\"screen-reader-response\"><p role=\"status\" aria-live=\"polite\" aria-atomic=\"true\"><\/p> <ul><\/ul><\/div>\n<form action=\"\/spectrum\/de\/wp-json\/wp\/v2\/pages\/5876#wpcf7-f6643-o1\" method=\"post\" class=\"wpcf7-form init\" aria-label=\"Formulaire de contact\" novalidate=\"novalidate\" data-status=\"init\">\n<div style=\"display: none;\">\n<input type=\"hidden\" name=\"_wpcf7\" value=\"6643\" \/>\n<input type=\"hidden\" name=\"_wpcf7_version\" value=\"5.9.8\" \/>\n<input type=\"hidden\" name=\"_wpcf7_locale\" value=\"fr_FR\" \/>\n<input type=\"hidden\" name=\"_wpcf7_unit_tag\" value=\"wpcf7-f6643-o1\" \/>\n<input type=\"hidden\" name=\"_wpcf7_container_post\" value=\"0\" \/>\n<input type=\"hidden\" name=\"_wpcf7_posted_data_hash\" value=\"\" \/>\n<\/div>\n<div class=\"form-group your-name\"><label class=\"\">Name und Vorname <span class=\"required\">*<\/span><\/label><input class=\"wpcf7-form-control wpcf7-text wpcf7-validates-as-required form-control\" name=\"your-name\" type=\"text\" value=\"\" aria-invalid=\"false\" aria-required=\"true\" required><\/div>\n<div class=\"form-group your-email\"><label class=\"\">Mail <span class=\"required\">*<\/span><\/label><input class=\"wpcf7-form-control wpcf7-email wpcf7-validates-as-required wpcf7-text wpcf7-validates-as-email form-control\" name=\"your-email\" type=\"email\" value=\"\" aria-invalid=\"false\" aria-required=\"true\" required><\/div>\n<div class=\"form-group textarea-932\"><label class=\"\">Nachricht<\/label><textarea class=\"wpcf7-form-control wpcf7-textarea form-control\" name=\"textarea-932\" rows=\"4\" aria-invalid=\"false\"><\/textarea><\/div>\n\n<center><div class=\"form-group\"><div><input class=\"wpcf7-form-control wpcf7-submit btn btn-primary\" type=\"submit\" value=\"Senden\"><\/div><\/div><\/center><p style=\"display: none !important;\" class=\"akismet-fields-container\" data-prefix=\"_wpcf7_ak_\"><label>&#916;<textarea name=\"_wpcf7_ak_hp_textarea\" cols=\"45\" rows=\"8\" maxlength=\"100\"><\/textarea><\/label><input type=\"hidden\" id=\"ak_js_1\" name=\"_wpcf7_ak_js\" value=\"177\"\/><script>document.getElementById( \"ak_js_1\" ).setAttribute( \"value\", ( new Date() ).getTime() );<\/script><\/p><div class=\"wpcf7-response-output alert alert-warning\"><\/div>\n<\/form>\n<\/div>\n\n<div class=\"pdf24Plugin-cp\"> \t<form name=\"pdf24Form0\" method=\"post\" action=\"https:\/\/doc2pdf.pdf24.org\/wordpress.php\" target=\"pdf24PopWin\" onsubmit=\"var pdf24Win = window.open('about:blank', 'pdf24PopWin', 'resizable=yes,scrollbars=yes,width=600,height=250,left='+(screen.width\/2-300)+',top='+(screen.height\/3-125)+''); pdf24Win.focus(); if(typeof pdf24OnCreatePDF === 'function'){void(pdf24OnCreatePDF(this,pdf24Win));}\"> \t\t<input type=\"hidden\" name=\"blogCharset\" value=\"Cw1x07UAAA==\" \/><input type=\"hidden\" name=\"blogPosts\" value=\"MwQA\" \/><input type=\"hidden\" name=\"blogUrl\" value=\"yygpKSi20tcvLilNSc0r0SvNy0wr0kvO0C8uSE0uKSrN1U9J1QcA\" \/><input type=\"hidden\" name=\"blogName\" value=\"Cy5ITS4pKs0FAA==\" \/><input type=\"hidden\" name=\"blogValueEncoding\" value=\"gzdeflate base64\" \/><input type=\"hidden\" name=\"blogDocHeader\" value=\"AwA=\" \/><input type=\"hidden\" name=\"blogDocSize\" value=\"MzI0qDCyNAcA\" \/><input type=\"hidden\" name=\"blogDocOrientation\" value=\"K8gvKilKzCwBAA==\" \/><input type=\"hidden\" name=\"blogDocStyle\" value=\"AwA=\" \/><input type=\"hidden\" name=\"blogDocFilename\" value=\"AwA=\" \/><input type=\"hidden\" name=\"postId_0\" value=\"M7UwNwMA\" \/><input type=\"hidden\" name=\"postTitle_0\" value=\"88pPKgYA\" \/><input type=\"hidden\" name=\"postLink_0\" value=\"yygpKSi20tcvLilNSc0r0SvNy0wr0kvO0C8uSE0uKSrN1U9J1c\/KTyrWBwA=\" \/><input type=\"hidden\" name=\"postAuthor_0\" value=\"Czq8MiUxuSQzP08hPDUJAA==\" \/><input type=\"hidden\" name=\"postDateTime_0\" value=\"MzIwNNE1sNQ1NFYwNLEysLQysQAA\" \/><input type=\"hidden\" name=\"postContent_0\" value=\"tVfNkts2Er77KRCmymW7hqKoX2pG4q6d9dR6t5ykYidzVIFEU4JFggwASp55mhx82CfY054yL7YfKFIz8oxTqopzEIWfRqP76+6vyXkVP1WJqS7mQRU\/ma\/DeB7gccLoirQg9p5kzmplSJPBhBfmm1bkM8XD+F1FqdV1wUydri3jdcYEN+yfpBNjDRVkLGk26A+GTFFN7K20q1ySIO1UDh+orOI5Z2tN2cJbW1uZ8yDYUcKryvRqJTPdS9fBhzIJqjrJZRpIJehjr1pXf5NiMaRhximMkigdp+FkNJwMRqNBlvFZNJmNo9ksTKPpQGRe\/FIUUkljNbdU6zP2E5mqVIYnOTEBny+l4irFIGC\/kObK7kptcd+aXqj95g2pM3ZPjSzVPODxn3diOuqPKQkpSkbhYCKm0ZhmkxHvT4ZZfzKZ8ISG6ZimIy++b\/RbrjdkpVr9\/ttjJh+2v46NXITRMIoSIfopT7J+Nsl4NOgPkykPR0k0DSczEcL6Yxtfb2\/\/o5ARykrKgezrLYYwTfEV6a9jWDTKOKxIw3TM+4LCSThOwsl4HEYZjUTUFzwbR\/0oPTLs999+VrIqc2nlr8jQS4CXltW6VPR1jJpl0VRMcXU4HA05DaawTsz4OJ0Np1nYR5xnYjCm8Bit7+rc1vqL5hzXzPHsFUl3bEWKlSg09rMyLg\/0mqR1abvhShnLRO1qnAF8RayC3Gv\/LUfhb0pl+QZB0qTO2cHvAnu2PDdtwf+989uLHyx9yVDU+w8Je5PndVMzpX4hYc6\/ylornqOOmullacuV5lkzueLG52AWXxYFOfFzdiV1QzbwTsCtOxr5\/phfIKwgYxALlgAR52ujhQGKG1cZbCfzfFNiTfXYW8rBfE4jI6kyjv+t5OzfezCyUhd1zjW0CAccwLz9lFugyHMES93+10qH9xvlJBs6wGxbKndtr8PiH2DGA2GSNnBCogSGKIIctrF3LV\/2mJMUVFuImErDGGgHSwkXF2SIBSczq2WWWeZiy1LeY5OHaq5uPyF4MHlP5oq9Rygz\/Fc5dwbugKWQzv5PuMgSe1mbFSjmjG1JryhpMHb94CP2stv\/afajdhY\/5UV1wa4oafCAkbymxtVGPCd7c6eLqTJdFzw3jCv27FXOrd1o1Nrm+QGXN0XTZVxgHCjWRQBqynQDo89YxguZy9tPqIaXtihNtXZjgFR3qbzPYZco7KYGsJZJtVdyh5mR9qZWK6ax3lp8hsTYltoFtAn8DcKCBCp4k11gpyZCaAj2YKrLvkxT527T7\/ZZiP0ncyG3LM25MQtvV6XZFM77H4zHQAP7BT+boDH5ZegxhGC18DLtX\/7kQYleeLnVXnykxKSaSPmaODIafw0\/kBfPK6bLnCBgua1xAdeS+7ncYqmhMmqXUGWFTBceUs4dg5VsXucYNA\/chPtcyjKeOpQWXtBVcyAo2FWwvlT4D7aDoAKlmGAcTSfffu5LQXZdCne3sd4RAn6jHW3SdkYiJ\/KFd7mvKKldx2WpK7MUIqrcggoE+vLCuxsDH265v3d24TXaWqCMvXY4CGmQ09fnUKDowm1KVdWW2esKu2spBClo5wVmy8Ywj0F7jalzwmPBCUeWqAoDlA5Hx71ZLzrxLNKZ53Q4mumli\/tJR8Grdmn56nD4c\/hP0tJgjJrQy32UWl39E4+7QySWLhDLNTfrg4L9+TaX7uWuC7y\/0mVdsWtQvO+0IQWb+HcyXvw9VhsW+aXUToLNTQWiaPc1\/VojRYQXv5gHbgNJ2yiIW4MfpJrv3ERtsP2SBXW1wy6Z0FGM3ylm9890Ht+Z2wLitNzzt8ljqRqF8BPc1pVbp7YtONbN4xPwIddhHwLU9OSvC0pz0x+i8sfg7c9\/Ebm9Iy107eSvw84ZyUGQ\/mw4eCy90rUGQdsDRJ38SanTCD7m6NGt4OIdNI0e9w72d9KdK0\/mKboL6fhxn7xm\/dRomjoppGWJVe7nV1oWXF93+O93DwF4h7cBlHZrSPfsrKkepVP2jSwqfE3go+LiQO58Iw1Y38\/wMi+MfyCXlqorvGjIjwfy4JtlF5v46bezcHJxF4cjloHgulp2e7itzB2y4w5jsG3BP+akVna98MJ+\/zN4j+rgmM1cRKD+g1mG3oNLXZNuIQqnUy+I52i9srKxKNPafbP0VmRf583ny6vrN+IZu9P1vGfIvrR4H0tqS9hpFHln7Bm+eXd4l8Pic0hBw3tZNGO8ELf6XUt+8Npw6PR+WVvnCTqHbp\/+jmuFTznvUBeBS4oDBT\/5Pw==\" \/> \t\t<a href=\"https:\/\/www.pdf24.org\" target=\"_blank\" title=\"www.pdf24.org\" rel=\"nofollow\"><img src=\"https:\/\/student.unifr.ch\/spectrum\/de\/\/wp-content\/plugins\/pdf24-post-to-pdf\/img\/pdf_32x32.png\" alt=\"\" border=\"0\" height=\"32\" \/><\/a> \t\t<span class=\"pdf24Plugin-cp-space\">&nbsp;&nbsp;<\/span> \t\t<span class=\"pdf24Plugin-cp-text\">Envoyer l'article en PDF<\/span> \t\t<span class=\"pdf24Plugin-cp-space\">&nbsp;&nbsp;<\/span> \t\t<input class=\"pdf24Plugin-cp-input\" style=\"margin: 0px;\" type=\"text\" name=\"sendEmailTo\" placeholder=\"Entrez l'adresse e-mail\" \/> \t\t<input class=\"pdf24Plugin-cp-submit\" style=\"margin: 0px;\" type=\"submit\" value=\"Envoyer\" \/> \t<\/form> <\/div>","protected":false},"excerpt":{"rendered":"<div class=\"post-excerpt\">&nbsp; Werde Teil unseres Teams! &nbsp; Spectrum sucht auf das Herbstsemester 2023 neue Mitglieder! &nbsp; Administrateur, Responsable des Finances \/ Verantwortliche*n Finanzen, Administration Responsable&hellip;<\/div>\n","protected":false},"author":15,"featured_media":6639,"parent":0,"menu_order":0,"comment_status":"closed","ping_status":"open","template":"","meta":{"_exactmetrics_skip_tracking":false,"_exactmetrics_sitenote_active":false,"_exactmetrics_sitenote_note":"","_exactmetrics_sitenote_category":0,"footnotes":""},"_links":{"self":[{"href":"https:\/\/student.unifr.ch\/spectrum\/de\/wp-json\/wp\/v2\/pages\/5876"}],"collection":[{"href":"https:\/\/student.unifr.ch\/spectrum\/de\/wp-json\/wp\/v2\/pages"}],"about":[{"href":"https:\/\/student.unifr.ch\/spectrum\/de\/wp-json\/wp\/v2\/types\/page"}],"author":[{"embeddable":true,"href":"https:\/\/student.unifr.ch\/spectrum\/de\/wp-json\/wp\/v2\/users\/15"}],"replies":[{"embeddable":true,"href":"https:\/\/student.unifr.ch\/spectrum\/de\/wp-json\/wp\/v2\/comments?post=5876"}],"version-history":[{"count":45,"href":"https:\/\/student.unifr.ch\/spectrum\/de\/wp-json\/wp\/v2\/pages\/5876\/revisions"}],"predecessor-version":[{"id":16042,"href":"https:\/\/student.unifr.ch\/spectrum\/de\/wp-json\/wp\/v2\/pages\/5876\/revisions\/16042"}],"wp:featuredmedia":[{"embeddable":true,"href":"https:\/\/student.unifr.ch\/spectrum\/de\/wp-json\/wp\/v2\/media\/6639"}],"wp:attachment":[{"href":"https:\/\/student.unifr.ch\/spectrum\/de\/wp-json\/wp\/v2\/media?parent=5876"}],"curies":[{"name":"wp","href":"https:\/\/api.w.org\/{rel}","templated":true}]}}