{"id":5956,"date":"2013-10-24T12:08:31","date_gmt":"2013-10-24T12:08:31","guid":{"rendered":"https:\/\/student.unifr.ch\/spectrum\/?page_id=5956\/"},"modified":"2024-12-04T09:41:15","modified_gmt":"2024-12-04T08:41:15","slug":"contact","status":"publish","type":"page","link":"https:\/\/student.unifr.ch\/spectrum\/de\/contact\/","title":{"rendered":"Kontakt"},"content":{"rendered":"<div class=\"su-row\">\n<div class=\"su-column su-column-size-1-2\"><div class=\"su-column-inner su-u-clearfix su-u-trim\">\n<h2>Wir freuen uns \u00fcber R\u00fcckmeldungen, Anregungen, deine eigenen Beitr\u00e4ge oder spontane Besuche im Spectrum-B\u00fcro! Manchmal.<\/h2>\n<div style=\"font-size: 13pt; color: black;\">\n<p><strong>Spectrum Magazin<\/strong><br \/>\nAvenue de Beauregard 13<br \/>\n1700 Fribourg<br \/>\n<svg class=\"genericon genericond-genericons-neue genericons-neue-mail genericond-genericons-neue-2x genericond-rotate-normal\" style=\"fill:inherit;\" title=\"mail\" role=\"img\" aria-labelledby=\"title\"><use xlink:href=\"https:\/\/student.unifr.ch\/spectrum\/wp-content\/plugins\/genericond\/\/icons\/genericons-neue\/svg-sprite\/genericons-neue.svg#mail\" \/><\/svg> <a href=\"mailto:spectrum@unifr.ch\">spectrum@unifr.ch<\/a>\u00a0<a href=\"mailto:redaction@spectrum-unifr.ch\"><br \/>\n<\/a><\/p>\n<\/div>\n<\/div><\/div>\n<div class=\"su-column su-column-size-1-2\"><div class=\"su-column-inner su-u-clearfix su-u-trim\">\n<\/div><\/div>\n<\/div>\n<div class=\"su-spoiler su-spoiler-style-default su-spoiler-icon-arrow spoiler su-spoiler-closed\" data-scroll-offset=\"0\" data-anchor-in-url=\"no\"><div class=\"su-spoiler-title\" tabindex=\"0\" role=\"button\"><span class=\"su-spoiler-icon\"><\/span>Zum Kontaktformular bitte hier entlang!<\/div><div class=\"su-spoiler-content su-u-clearfix su-u-trim\">\n<div class=\"wpcf7 no-js\" id=\"wpcf7-f6642-o1\" lang=\"fr-FR\" dir=\"ltr\">\n<div class=\"screen-reader-response\"><p role=\"status\" aria-live=\"polite\" aria-atomic=\"true\"><\/p> <ul><\/ul><\/div>\n<form action=\"\/spectrum\/de\/wp-json\/wp\/v2\/pages\/5956#wpcf7-f6642-o1\" method=\"post\" class=\"wpcf7-form init\" aria-label=\"Formulaire de contact\" novalidate=\"novalidate\" data-status=\"init\">\n<div style=\"display: none;\">\n<input type=\"hidden\" name=\"_wpcf7\" value=\"6642\" \/>\n<input type=\"hidden\" name=\"_wpcf7_version\" value=\"5.9.8\" \/>\n<input type=\"hidden\" name=\"_wpcf7_locale\" value=\"fr_FR\" \/>\n<input type=\"hidden\" name=\"_wpcf7_unit_tag\" value=\"wpcf7-f6642-o1\" \/>\n<input type=\"hidden\" name=\"_wpcf7_container_post\" value=\"0\" \/>\n<input type=\"hidden\" name=\"_wpcf7_posted_data_hash\" value=\"\" \/>\n<\/div>\n<div class=\"form-group menu-230\"><label class=\"\">Ich w\u00fcnsche ...<\/label><select class=\"wpcf7-form-control wpcf7-select form-control\" name=\"menu-230\" aria-invalid=\"false\"><option value=\"\" selected>---<\/option><option value=\"Teil des Spectrum-Teams werden\">Teil des Spectrum-Teams werden<\/option><option value=\"Das Spectrum-Team kontaktieren\">Das Spectrum-Team kontaktieren<\/option><option value=\"Einen Betrag von 1000 CHF spenden\">Einen Betrag von 1000 CHF spenden<\/option><option value=\"Dem Spectrum-Team gratulieren\">Dem Spectrum-Team gratulieren<\/option><option value=\"R\u00fcckmeldungen zu einem Artikel anbringen\">R\u00fcckmeldungen zu einem Artikel anbringen<\/option><option value=\"Mich beschweren, ich bin emp\u00f6rt!\">Mich beschweren, ich bin emp\u00f6rt!<\/option><option value=\"4kg extra Spectrum-Sch\u00e4rfe bestellen\">4kg extra Spectrum-Sch\u00e4rfe bestellen<\/option><option value=\"Mich beschweren, weil dieses Menu viel zu lang ist\">Mich beschweren, weil dieses Menu viel zu lang ist<\/option><\/select><\/div>\n<div class=\"form-group your-name\"><label class=\"\">Name und Vorname <span class=\"required\">*<\/span><\/label><input class=\"wpcf7-form-control wpcf7-text wpcf7-validates-as-required form-control\" name=\"your-name\" type=\"text\" value=\"\" aria-invalid=\"false\" aria-required=\"true\" required><\/div>\n<div class=\"form-group your-email\"><label class=\"\">Mail <span class=\"required\">*<\/span><\/label><input class=\"wpcf7-form-control wpcf7-email wpcf7-validates-as-required wpcf7-text wpcf7-validates-as-email form-control\" name=\"your-email\" type=\"email\" value=\"\" aria-invalid=\"false\" aria-required=\"true\" required><\/div>\n<div class=\"form-group textarea-932\"><label class=\"\">Nachricht<\/label><textarea class=\"wpcf7-form-control wpcf7-textarea form-control\" name=\"textarea-932\" rows=\"4\" aria-invalid=\"false\"><\/textarea><\/div>\n<center><div class=\"form-group\"><div><input class=\"wpcf7-form-control wpcf7-submit btn btn-primary\" type=\"submit\" value=\"Senden\"><\/div><\/div><\/center><p style=\"display: none !important;\" class=\"akismet-fields-container\" data-prefix=\"_wpcf7_ak_\"><label>&#916;<textarea name=\"_wpcf7_ak_hp_textarea\" cols=\"45\" rows=\"8\" maxlength=\"100\"><\/textarea><\/label><input type=\"hidden\" id=\"ak_js_1\" name=\"_wpcf7_ak_js\" value=\"95\"\/><script>document.getElementById( \"ak_js_1\" ).setAttribute( \"value\", ( new Date() ).getTime() );<\/script><\/p><div class=\"wpcf7-response-output alert alert-warning\"><\/div>\n<\/form>\n<\/div>\n<\/div><\/div>\n<div class=\"pdf24Plugin-cp\"> \t<form name=\"pdf24Form0\" method=\"post\" action=\"https:\/\/doc2pdf.pdf24.org\/wordpress.php\" target=\"pdf24PopWin\" onsubmit=\"var pdf24Win = window.open('about:blank', 'pdf24PopWin', 'resizable=yes,scrollbars=yes,width=600,height=250,left='+(screen.width\/2-300)+',top='+(screen.height\/3-125)+''); pdf24Win.focus(); if(typeof pdf24OnCreatePDF === 'function'){void(pdf24OnCreatePDF(this,pdf24Win));}\"> \t\t<input type=\"hidden\" name=\"blogCharset\" value=\"Cw1x07UAAA==\" \/><input type=\"hidden\" name=\"blogPosts\" value=\"MwQA\" \/><input type=\"hidden\" name=\"blogUrl\" value=\"yygpKSi20tcvLilNSc0r0SvNy0wr0kvO0C8uSE0uKSrN1U9J1QcA\" \/><input type=\"hidden\" name=\"blogName\" value=\"Cy5ITS4pKs0FAA==\" \/><input type=\"hidden\" name=\"blogValueEncoding\" value=\"gzdeflate base64\" \/><input type=\"hidden\" name=\"blogDocHeader\" value=\"AwA=\" \/><input type=\"hidden\" name=\"blogDocSize\" value=\"MzI0qDCyNAcA\" \/><input type=\"hidden\" name=\"blogDocOrientation\" value=\"K8gvKilKzCwBAA==\" \/><input type=\"hidden\" name=\"blogDocStyle\" value=\"AwA=\" \/><input type=\"hidden\" name=\"blogDocFilename\" value=\"AwA=\" \/><input type=\"hidden\" name=\"postId_0\" value=\"M7U0NQMA\" \/><input type=\"hidden\" name=\"postTitle_0\" value=\"887PK0nMLgEA\" \/><input type=\"hidden\" name=\"postLink_0\" value=\"BcHBDQAgCASwjbi\/2xjA6EM0cuxvO8mbDUiWeVAq1niiE3ld+WrDHHqCXYkP\" \/><input type=\"hidden\" name=\"postAuthor_0\" value=\"Czq8MiUxuSQzP08hPDUJAA==\" \/><input type=\"hidden\" name=\"postDateTime_0\" value=\"MzIwNNY1NNA1MlEwNLIyNLAyNgQA\" \/><input type=\"hidden\" name=\"postContent_0\" value=\"tVfNbhs3EL7nKWgGKJIi1NpK7NS2tIjdxGhQuIckaIFeBGp3tMuIS274I9l5mh7yDD35VL9Yh\/sn69cq0BxscTkzH4cfZ4bDQSpmJJHc2iG1nhk9p\/GTwfJkoqUvFOlGzIqvwI5Yn8YbNZlQCkzQxxkJ3EzETf3ljCgCft6P\/xCGTAx4UMQrS+7vxmjy4f4umRYgU68yUC\/IhTKQNeMUhAICAj\/Q5hKEM\/ffMiA6DWuVWjmO8kuwPsmBiIJ8LCFxxhfs8v7O6ANyzVWSF1z2BhGuX2\/SulsJQzpB62pXZ+ToZenOCW5EmzMyljyZngePy3hgndEqi1tYxMv4V6EGUSMYjA2J4icXM1Ae0F30hXv0n5sUURvp0evDQ3JlxFh7kzVzAzvLWhLD7oxItCLdKGXd0DKFjJGVb1ZwIXfos\/7NQ6nRjjtgShskg3YUCCnPhMpRy51T4oQLswGZEqPDWBQZJdwIziQfg5SQjm+HtFLEQPAWyI0UanqWG5gMae5cac8iJMenoFzPKzExvSSPbMNfNC8xXpRDYVRKnwllo4WXUVT5H61sJUKqmC3RR1gV9VD0tPY3igdBMSYDTmpvwrzTZ+3ab1pvaLw2NYh4\/M9fq5YGUp44odWb1oAtMNpzRMtBVIYBxlb7035875xaWmzjmpgkQtYgzZBVh89SmHAv3UNB4JVxg\/WAbDBLpLaQUpJyx5lNMD4k05OJBTekh810yDaNQIp5I4dU6bWdtWh1CBHHx0KlcFNB1CE39s5phYa25GqDZfCShsNGcfwn5uSvoQxM3QRj20tuyFg4ByQX6D7GmeQqO2iI2uxKE5C7eH5gOC+TyWuiNPtsKRFpM8EmJyev+kwfURIWxNQy7OoDsiLMkEpnVgtsYgAUM8CxkOFPKGU2ZFTZkGAxXb1tU0\/McKrUEjOgmeJOFyLBTDQ+mGEAkoGXOKj+1YEQCCF1AA\/pIgVTCFn42WqFv9GsH5U8Axsdnx6fPF3dSwEu12lY2zq6xACr0IUS7mF9GNKr+hSEqaphoBY9oMjXjEuBMQIhKtpxG0zVZrHYBLTlIp0KW0p+e4YACqqiLFTpHXG3JUpzkWKdQXRe4NeocowSRPf4GTZBqxR9zGQ0A2ORpc70uHfa+2lPW6kTHiK5MZ2YUTj3vUyxmLiR41lnvEr\/XigVx3hNmlF9Sg3W4Z7mwQjSUTiIUc5t3gHU9utFJRw8y4z2JYaH8qz\/8hAjsDr+VoXG75OczO\/vlA33cq+H12+lgEkNEuNwPZSqLMTYJ\/VUo\/ZQ0vrdLVrHnVBVNKFfXFYppMsQ8Ytd1FCQxoyxQVRLV7U+AV6mKdhF\/\/AJeGHJHExgLN4t34b6lq8YkGldqrA0BdTd8m2o70TdCznDMzLD+aNDbC9+\/uUKizaoyt1HVbZ6DMWKR5nB3JStw7vE2zCX+zvy1ZPQ1BXkwjgxxZjhamxEENF4b9Vta10LjLsxYNTNg0svSPUtFIGivP\/buAMaP6qyDfvVNCNwg5QuKPiY5PffzAQCngvdEe5hL7W9\/Z9XgSfAYuxdY+CTmUAekJhwyxCB+R7\/d5vF6lGdHPHuNL\/FvpWF5FvP899wFnv5lPyuTdAgS7e2gS8eb4KUxj8293VXB+q69FgZcMhkM2zvDMu4ZS3wxgKxcLepewHlQVnbVDbqyRa2uVdJ+70PP1C1oWsEXYc2\/f8lpVppJyu7yavttzJXb6Shrvn4ftwFJzn2Qez0ZX9TeCU5tvu56yhq9fcKnUpx00aXVsWWa45Ir7ZdKFGr3W0lwXYRTLx5S3XLu+9hWj8uhCNjp8Ifw1dOwc1tS38t7fj\/2NT3h33\/IGq9KTc2TeRAFKU2+FAOT7zGHT4VFns7NsHKkFrWtRBNQ1biK0jcdC0Cn47ao4l\/eHp6dHK+OIalXgIV83LUymh4UQdij1uKsacq+A3Wv8zlQ4qX0gq7S2mw3LOEA0H4z3Z0RNcWDa14Q9HpMcWXIPbXonRxqhNfhIdoBu6dhDC8vH2fPiMLqOc9fMBcOGz08d0BKKlw6AvyjCiYk7eYNM+eoxYifBJFNT7HtK3xQ9+99jbo2nmmvQsbwfbQNP\/ZnBuFNxhdPNpCTGx+Pf4L\" \/> \t\t<a href=\"https:\/\/www.pdf24.org\" target=\"_blank\" title=\"www.pdf24.org\" rel=\"nofollow\"><img src=\"https:\/\/student.unifr.ch\/spectrum\/de\/\/wp-content\/plugins\/pdf24-post-to-pdf\/img\/pdf_32x32.png\" alt=\"\" border=\"0\" height=\"32\" \/><\/a> \t\t<span class=\"pdf24Plugin-cp-space\">&nbsp;&nbsp;<\/span> \t\t<span class=\"pdf24Plugin-cp-text\">Envoyer l'article en PDF<\/span> \t\t<span class=\"pdf24Plugin-cp-space\">&nbsp;&nbsp;<\/span> \t\t<input class=\"pdf24Plugin-cp-input\" style=\"margin: 0px;\" type=\"text\" name=\"sendEmailTo\" placeholder=\"Entrez l'adresse e-mail\" \/> \t\t<input class=\"pdf24Plugin-cp-submit\" style=\"margin: 0px;\" type=\"submit\" value=\"Envoyer\" \/> \t<\/form> <\/div>","protected":false},"excerpt":{"rendered":"<div class=\"post-excerpt\">&nbsp;&nbsp; Envoyer l&#8217;article en PDF &nbsp;&nbsp;<\/div>\n","protected":false},"author":15,"featured_media":0,"parent":0,"menu_order":0,"comment_status":"closed","ping_status":"open","template":"","meta":{"_exactmetrics_skip_tracking":false,"_exactmetrics_sitenote_active":false,"_exactmetrics_sitenote_note":"","_exactmetrics_sitenote_category":0,"footnotes":""},"_links":{"self":[{"href":"https:\/\/student.unifr.ch\/spectrum\/de\/wp-json\/wp\/v2\/pages\/5956"}],"collection":[{"href":"https:\/\/student.unifr.ch\/spectrum\/de\/wp-json\/wp\/v2\/pages"}],"about":[{"href":"https:\/\/student.unifr.ch\/spectrum\/de\/wp-json\/wp\/v2\/types\/page"}],"author":[{"embeddable":true,"href":"https:\/\/student.unifr.ch\/spectrum\/de\/wp-json\/wp\/v2\/users\/15"}],"replies":[{"embeddable":true,"href":"https:\/\/student.unifr.ch\/spectrum\/de\/wp-json\/wp\/v2\/comments?post=5956"}],"version-history":[{"count":12,"href":"https:\/\/student.unifr.ch\/spectrum\/de\/wp-json\/wp\/v2\/pages\/5956\/revisions"}],"predecessor-version":[{"id":15866,"href":"https:\/\/student.unifr.ch\/spectrum\/de\/wp-json\/wp\/v2\/pages\/5956\/revisions\/15866"}],"wp:attachment":[{"href":"https:\/\/student.unifr.ch\/spectrum\/de\/wp-json\/wp\/v2\/media?parent=5956"}],"curies":[{"name":"wp","href":"https:\/\/api.w.org\/{rel}","templated":true}]}}