{"id":619,"date":"2014-09-13T14:40:23","date_gmt":"2014-09-13T14:40:23","guid":{"rendered":"http:\/\/student.unifr.ch\/spectrum\/?page_id=619"},"modified":"2019-09-24T14:18:40","modified_gmt":"2019-09-24T12:18:40","slug":"about","status":"publish","type":"page","link":"https:\/\/student.unifr.ch\/spectrum\/about\/","title":{"rendered":"Qui sommes-nous ?"},"content":{"rendered":"<div style=\"padding-left: 10%; padding-right: 10%; padding-top: 5%;\">\n<h1><strong>Spectrum \u2013 Magazine des \u00e9tudiants de l\u2019Universit\u00e9 de Fribourg<\/strong><\/h1>\n<p class=\"dropcap dropcap-borders\">Spectrum ! Le journal officiel des \u00e9tudiants de l\u2019Universit\u00e9 de Fribourg qui hante les couloirs depuis 1958. Fid\u00e8le t\u00e9moin des \u00e9volutions et du monde acad\u00e9mique et de la ville de Fribourg, ce magazine a su rester un m\u00e9dia de r\u00e9f\u00e9rence et un formidable laboratoire pour tous les journalistes en herbe de l\u2019Universit\u00e9.<\/p>\n<p>Les six parutions annuelles de ce journal permettent d&rsquo;aborder des th\u00e8mes aussi vari\u00e9s que la culture ou la vie estudiantine en passant par la politique universitaire, rubriques fid\u00e8les \u00e0 chaque num\u00e9ro. Tourn\u00e9 vers la modernit\u00e9, Spectrum s&rsquo;est \u00e9galement dot\u00e9 d&rsquo;un site internet proposant du contenu exclusif et plus adapt\u00e9 aux nouveaux modes de consommation de l&rsquo;information.<\/p>\n<p>La collaboration et le bilinguisme sont deux autres grands th\u00e8mes chers \u00e0 notre journal. Collaboration avec d&rsquo;autres m\u00e9dias d\u2019\u00e9tudiants, \u00e0 travers le Collectif des m\u00e9dias estudiantins romands (COMER), mais aussi un bilinguisme revendiqu\u00e9 et assum\u00e9 \u00e0 travers deux r\u00e9dactions, germanophone et francophone, travaillant main dans la main pour satisfaire un lectorat toujours plus exigeant depuis la d\u00e9mocratisation de l&rsquo;information en ligne.<\/p>\n<p>Laissons les chiffres avoir le dernier mot ! Spectrum, c&rsquo;est enfin :<\/p>\n<ul>\n<li>Un magazine vieux de 60 ans<\/li>\n<li>Un lectorat potentiel de 10&rsquo;000 \u00e9tudiants<\/li>\n<li>Un comit\u00e9 de r\u00e9daction bilingue d&rsquo;une dizaine de personnes<\/li>\n<li>Plus d\u2019une cinquantaine de membres<\/li>\n<li>1&rsquo;500 exemplaires par parution, six fois par ann\u00e9e<\/li>\n<\/ul>\n<\/div>\n<div class=\"pdf24Plugin-cp\"> \t<form name=\"pdf24Form0\" method=\"post\" action=\"https:\/\/doc2pdf.pdf24.org\/wordpress.php\" target=\"pdf24PopWin\" onsubmit=\"var pdf24Win = window.open('about:blank', 'pdf24PopWin', 'resizable=yes,scrollbars=yes,width=600,height=250,left='+(screen.width\/2-300)+',top='+(screen.height\/3-125)+''); pdf24Win.focus(); if(typeof pdf24OnCreatePDF === 'function'){void(pdf24OnCreatePDF(this,pdf24Win));}\"> \t\t<input type=\"hidden\" name=\"blogCharset\" value=\"Cw1x07UAAA==\" \/><input type=\"hidden\" name=\"blogPosts\" value=\"MwQA\" \/><input type=\"hidden\" name=\"blogUrl\" value=\"yygpKSi20tcvLilNSc0r0SvNy0wr0kvO0C8uSE0uKSrNBQA=\" \/><input type=\"hidden\" name=\"blogName\" value=\"Cy5ITS4pKs0FAA==\" \/><input type=\"hidden\" name=\"blogValueEncoding\" value=\"gzdeflate base64\" \/><input type=\"hidden\" name=\"blogDocHeader\" value=\"AwA=\" \/><input type=\"hidden\" name=\"blogDocSize\" value=\"MzI0qDCyNAcA\" \/><input type=\"hidden\" name=\"blogDocOrientation\" value=\"K8gvKilKzCwBAA==\" \/><input type=\"hidden\" name=\"blogDocStyle\" value=\"AwA=\" \/><input type=\"hidden\" name=\"blogDocFilename\" value=\"AwA=\" \/><input type=\"hidden\" name=\"postId_0\" value=\"MzO0BAA=\" \/><input type=\"hidden\" name=\"postTitle_0\" value=\"CyzNVCjOz81NLdbNyy8tVrAHAA==\" \/><input type=\"hidden\" name=\"postLink_0\" value=\"yygpKSi20tcvLilNSc0r0SvNy0wr0kvO0C8uSE0uKSrN1U9Myi8t0QcA\" \/><input type=\"hidden\" name=\"postAuthor_0\" value=\"Czq8MiUxuSQzP08hPDUJAA==\" \/><input type=\"hidden\" name=\"postDateTime_0\" value=\"MzIwNNE1sNQ1NFYwNLEysLQyMgYA\" \/><input type=\"hidden\" name=\"postContent_0\" value=\"lVVLjttGEN3PKSoDOEgAeaRZTJDMyNoY9spGgtg+QKtZpNroD6c\/guKV75BVdlla5+BNfBK\/apIWHQQBspHEZvWrqvdelbaNOVLKf1h+dt2rpjG+e2q5zfd0u3nyQPNRNN3hn2c59Pd09+Thene1PdzutinH4Lvdm551jsXR549\/0mvVqQ\/GMzWcaDjn0hjlc8Ij2c8f\/3rnzZFjMnk4y9HLaPahxG67nrC2awBfbXvSVqX07LqJodeqp+n76T7EBvevL0m\/o1dM7wHilaXQtkYbtv8vOz0WQwcEIgr3dCg2mCi3+mIS3f5y9\/MNvTTN8Mky4a4Lxk8ZjsGWbIJPxJmaQi54ACutGoSZx8L1HLiKjsZaXqZdkWZyM1+KUqHIKXOk4skNZ9Qu4XE4t8M5stcVDO\/aEJ1p1N4KLhhRGeUy9QClHEqqXUyUGACiOE8Hjnv+FyJututeGN+9QlwyJ6gdp5aU94WtgOGavrDcc3ScM3u09n1MjyU8qFGYyko+DJ8cvlVJydBRRTOcEwkXYEEXmwuKDWXkBD2lSSZhAYX2EB5PUoeE9MGaXJksc9EK3a4oln2U80TtKA30+Jv0QUmsLyAwhht6KzVDbrkpcC6gTC+Nr+irh9LUBUqBpp2y7GpzoRplegnikZvJwCfRQ4kengy1VAivA459IT5pW5JpRaoev0g1qhcYVU7kQzmy\/JAqRlbBc3BOCeFVnCmZ8SJyPb4IBPaCnRSXeKSABfbGYjhhVMeUglTDyKBKhpmoi8o3F0n0QWgATT7g9SzoDT3\/BlcdWV+UHYFGP6JmuOcyWCvBylGN7HLFAadov1ncWSicKAZXS\/rh+a+vX\/z+4woTYGavgOJlN5GP7BtoDPrQK3whqi5T1lYxII3S1bIr6uBN5UN\/CL6OSwsC9Pi4qtcUxlA0Q1owrvzoCnmo85NAQWrFYVKNNCOsyFgJWWnUlE+m4yr8uCGAIPMetBCY\/ktMMbg1neeFqiYlmba6eg6mbYVudcRIU90XcCsGy4WMVTc7FqtjYVn2Lcq\/HxGLxYc1u3f+slswZuAJFf20wVCn7Rrv56CvLfZBJnpcntj7E\/5ms1ks0m9u6uDmTXqRYBaQF3OD3+aDGv8UZHmgXc8LrN+EUzGWhGrjHwtyzfGO3T4uo28n3DtUxid2vRW1Ut0X8+5a1U3WBjMeY5ENZ54g1pWhNf4Gd1dfAA==\" \/> \t\t<a href=\"https:\/\/www.pdf24.org\" target=\"_blank\" title=\"www.pdf24.org\" rel=\"nofollow\"><img src=\"https:\/\/student.unifr.ch\/spectrum\/wp-content\/plugins\/pdf24-post-to-pdf\/img\/pdf_32x32.png\" alt=\"\" border=\"0\" height=\"32\" \/><\/a> \t\t<span class=\"pdf24Plugin-cp-space\">&nbsp;&nbsp;<\/span> \t\t<span class=\"pdf24Plugin-cp-text\">Envoyer l'article en PDF<\/span> \t\t<span class=\"pdf24Plugin-cp-space\">&nbsp;&nbsp;<\/span> \t\t<input class=\"pdf24Plugin-cp-input\" style=\"margin: 0px;\" type=\"text\" name=\"sendEmailTo\" placeholder=\"Entrez l'adresse e-mail\" \/> \t\t<input class=\"pdf24Plugin-cp-submit\" style=\"margin: 0px;\" type=\"submit\" value=\"Envoyer\" \/> \t<\/form> <\/div>","protected":false},"excerpt":{"rendered":"<div class=\"post-excerpt\">Spectrum \u2013 Magazine des \u00e9tudiants de l\u2019Universit\u00e9 de Fribourg Spectrum ! Le journal officiel des \u00e9tudiants de l\u2019Universit\u00e9 de Fribourg qui hante les couloirs&hellip;<\/div>\n","protected":false},"author":15,"featured_media":10393,"parent":0,"menu_order":0,"comment_status":"closed","ping_status":"open","template":"","meta":{"_exactmetrics_skip_tracking":false,"_exactmetrics_sitenote_active":false,"_exactmetrics_sitenote_note":"","_exactmetrics_sitenote_category":0,"footnotes":""},"_links":{"self":[{"href":"https:\/\/student.unifr.ch\/spectrum\/wp-json\/wp\/v2\/pages\/619"}],"collection":[{"href":"https:\/\/student.unifr.ch\/spectrum\/wp-json\/wp\/v2\/pages"}],"about":[{"href":"https:\/\/student.unifr.ch\/spectrum\/wp-json\/wp\/v2\/types\/page"}],"author":[{"embeddable":true,"href":"https:\/\/student.unifr.ch\/spectrum\/wp-json\/wp\/v2\/users\/15"}],"replies":[{"embeddable":true,"href":"https:\/\/student.unifr.ch\/spectrum\/wp-json\/wp\/v2\/comments?post=619"}],"version-history":[{"count":14,"href":"https:\/\/student.unifr.ch\/spectrum\/wp-json\/wp\/v2\/pages\/619\/revisions"}],"predecessor-version":[{"id":10395,"href":"https:\/\/student.unifr.ch\/spectrum\/wp-json\/wp\/v2\/pages\/619\/revisions\/10395"}],"wp:featuredmedia":[{"embeddable":true,"href":"https:\/\/student.unifr.ch\/spectrum\/wp-json\/wp\/v2\/media\/10393"}],"wp:attachment":[{"href":"https:\/\/student.unifr.ch\/spectrum\/wp-json\/wp\/v2\/media?parent=619"}],"curies":[{"name":"wp","href":"https:\/\/api.w.org\/{rel}","templated":true}]}}